{"id":103,"date":"2011-12-08T18:40:55","date_gmt":"2011-12-08T17:40:55","guid":{"rendered":"http:\/\/www.rg-fishfeed.de\/blog\/?page_id=103"},"modified":"2014-12-11T17:57:00","modified_gmt":"2014-12-11T16:57:00","slug":"unser-banner","status":"publish","type":"page","link":"https:\/\/blog.rg-fishfeed.de\/?page_id=103","title":{"rendered":"Partner und H\u00e4ndler"},"content":{"rendered":"<p><strong>Partner<\/strong><\/p>\n<p><a href=\"http:\/\/www.taffi-tackle.com\/\" target=\"_blank\"><img loading=\"lazy\" class=\"size-thumbnail wp-image-253 alignleft\" title=\"taffitackle\" alt=\"\" src=\"http:\/\/www.rg-fishfeed.de\/blog\/wp-content\/uploads\/2011\/12\/taffitackle-150x150.png\" width=\"150\" height=\"150\" srcset=\"https:\/\/blog.rg-fishfeed.de\/wp-content\/uploads\/2011\/12\/taffitackle-150x150.png 150w, https:\/\/blog.rg-fishfeed.de\/wp-content\/uploads\/2011\/12\/taffitackle.png 190w\" sizes=\"(max-width: 150px) 100vw, 150px\" \/><\/a><a href=\"http:\/\/www.urlaub-nach-mass.de\/\" target=\"_blank\"><img loading=\"lazy\" class=\"size-full wp-image-261 alignleft\" title=\"Unbenannt-1\" alt=\"\" src=\"http:\/\/www.rg-fishfeed.de\/blog\/wp-content\/uploads\/2011\/12\/Unbenannt-1.jpg\" width=\"150\" height=\"150\" \/><\/a><\/p>\n<p>Genie\u00dfen Sie einen Angelurlaub der Extraklasse bei unseren Freunden von Urlaub nach Ma\u00df am Ebro&#8230;..<\/p>\n<p>&nbsp;<\/p>\n<p><a href=\"http:\/\/www.taffi-tackle-tours.com\"><img loading=\"lazy\" src=\"http:\/\/www.rg-fishfeed.de\/blog\/wp-content\/uploads\/2011\/12\/logo_ttt_transparent600-300x38.png\" alt=\"logo_ttt_transparent600\" width=\"300\" height=\"38\" class=\"aligncenter size-medium wp-image-1791\" srcset=\"https:\/\/blog.rg-fishfeed.de\/wp-content\/uploads\/2011\/12\/logo_ttt_transparent600-300x38.png 300w, https:\/\/blog.rg-fishfeed.de\/wp-content\/uploads\/2011\/12\/logo_ttt_transparent600.png 600w\" sizes=\"(max-width: 300px) 100vw, 300px\" \/><\/a><\/p>\n<p>&nbsp;<\/p>\n<p><strong>Neuer Partner Carp Corner (Der B\u00e4rensee und CC Lake)<\/strong><\/p>\n<p><a href=\"http:\/\/www.carp-corner.net\/index.php\/seen\/der-baerensee.html\" target=\"_blank\"><img loading=\"lazy\" class=\"alignnone  wp-image-1087\" alt=\"Hinten\" src=\"http:\/\/www.rg-fishfeed.de\/blog\/wp-content\/uploads\/2011\/12\/Hinten-150x150.jpg\" width=\"150\" height=\"150\" \/><\/a><a href=\"http:\/\/www.carp-corner.net\/index.php\/seen\/der-cc-lake.html\" target=\"_blank\"><img loading=\"lazy\" class=\"alignnone size-thumbnail wp-image-1088\" alt=\"Logo neu\" src=\"http:\/\/www.rg-fishfeed.de\/blog\/wp-content\/uploads\/2011\/12\/Logo-neu-150x150.jpg\" width=\"150\" height=\"150\" \/><\/a><\/p>\n<hr \/>\n<p><a href=\"http:\/\/www.tattoostudio-panicroom.de\/\" target=\"_blank\"><img loading=\"lazy\" src=\"http:\/\/www.rg-fishfeed.de\/blog\/wp-content\/uploads\/2011\/12\/tattoo-300x78.jpg\" alt=\"tattoo\" width=\"300\" height=\"78\" border=\"0\" class=\"aligncenter size-medium wp-image-2582\" srcset=\"https:\/\/blog.rg-fishfeed.de\/wp-content\/uploads\/2011\/12\/tattoo-300x78.jpg 300w, https:\/\/blog.rg-fishfeed.de\/wp-content\/uploads\/2011\/12\/tattoo.jpg 920w\" sizes=\"(max-width: 300px) 100vw, 300px\" \/><\/a><\/p>\n<hr \/>\n<p><strong>H\u00e4ndler und Vertreter<\/strong><\/p>\n<p><strong><em>F\u00fcr unsere Kunden aus \u00d6sterreich:<\/em><\/strong><\/p>\n<p>Leider haben wir zur Zeit keinen Vertriebspartner mehr in \u00d6sterreich. Bei Interesse bitte uns Kontaktieren!!!<strong><br \/>\n<\/strong><\/p>\n<p><strong><br \/>\n<em>F\u00fcr unsere Kunden aus Luxemburg:<\/em><\/strong><\/p>\n<p>Leider haben wir zur Zeit keinen Vertriebspartner mehr in Luxemburg. Bei Interesse bitte uns Kontaktieren!!!<strong><br \/>\n<\/strong><\/p>\n<hr \/>\n<p><strong>Unser Logo<\/strong><\/p>\n<p><img loading=\"lazy\" class=\"aligncenter size-full wp-image-104\" title=\"big_8627770_0_300-296\" alt=\"\" src=\"http:\/\/www.rg-fishfeed.de\/blog\/wp-content\/uploads\/2011\/12\/big_8627770_0_300-296.jpg\" width=\"300\" height=\"296\" \/>Falls Ihr uns auf eurer Homepage verlinken m\u00f6chtet hier unser Logo. Wir w\u00fcrden uns freuen auf der ein oder anderen Seite dieses wiederzufinden! <strong>Wie geht das?<\/strong> Einfach Bild anklicken \/ rechte Maustaste \/ Bild speichern unter \/ und in eure Page einbauen.<\/p>\n<hr \/>\n<p>&nbsp;<\/p>\n<p><em>Wir m\u00fcssen hiermit darauf hinweisen, dass wir keinen Einfluss auf Gestaltung und Inhalt der verlinkten Seiten haben und deshalb keine Verantwortung hinsichtlich des Inhalts \u00fcbernehmen.<\/em><\/p>\n","protected":false},"excerpt":{"rendered":"<p>Partner Genie\u00dfen Sie einen Angelurlaub der Extraklasse bei unseren Freunden von Urlaub nach Ma\u00df am Ebro&#8230;.. &nbsp; &nbsp; Neuer Partner Carp Corner (Der B\u00e4rensee und CC Lake) H\u00e4ndler und Vertreter F\u00fcr unsere Kunden aus \u00d6sterreich: Leider haben wir zur Zeit &hellip; <a href=\"https:\/\/blog.rg-fishfeed.de\/?page_id=103\">Weiterlesen <span class=\"meta-nav\">&rarr;<\/span><\/a><\/p>\n","protected":false},"author":1,"featured_media":0,"parent":0,"menu_order":9,"comment_status":"closed","ping_status":"closed","template":"","meta":[],"_links":{"self":[{"href":"https:\/\/blog.rg-fishfeed.de\/index.php?rest_route=\/wp\/v2\/pages\/103"}],"collection":[{"href":"https:\/\/blog.rg-fishfeed.de\/index.php?rest_route=\/wp\/v2\/pages"}],"about":[{"href":"https:\/\/blog.rg-fishfeed.de\/index.php?rest_route=\/wp\/v2\/types\/page"}],"author":[{"embeddable":true,"href":"https:\/\/blog.rg-fishfeed.de\/index.php?rest_route=\/wp\/v2\/users\/1"}],"replies":[{"embeddable":true,"href":"https:\/\/blog.rg-fishfeed.de\/index.php?rest_route=%2Fwp%2Fv2%2Fcomments&post=103"}],"version-history":[{"count":26,"href":"https:\/\/blog.rg-fishfeed.de\/index.php?rest_route=\/wp\/v2\/pages\/103\/revisions"}],"predecessor-version":[{"id":2583,"href":"https:\/\/blog.rg-fishfeed.de\/index.php?rest_route=\/wp\/v2\/pages\/103\/revisions\/2583"}],"wp:attachment":[{"href":"https:\/\/blog.rg-fishfeed.de\/index.php?rest_route=%2Fwp%2Fv2%2Fmedia&parent=103"}],"curies":[{"name":"wp","href":"https:\/\/api.w.org\/{rel}","templated":true}]}}