{"id":114,"date":"2011-12-08T19:23:35","date_gmt":"2011-12-08T18:23:35","guid":{"rendered":"http:\/\/www.rg-fishfeed.de\/blog\/?page_id=114"},"modified":"2011-12-08T19:26:14","modified_gmt":"2011-12-08T18:26:14","slug":"endlich-entjungfert","status":"publish","type":"page","link":"https:\/\/blog.rg-fishfeed.de\/?page_id=114","title":{"rendered":"Endlich Entjungfert"},"content":{"rendered":"<p><strong>von Holger Krampe<\/strong><\/p>\n<p>Es ist f\u00fcr jeden von uns eine neue Herausforderung seinen K\u00f6der mit dem man soviel gutes Erlebt hat abzuschieben um sich f\u00fcr einen Neuen zu entscheiden. Doch die Entt\u00e4uschungen in der letzten Session waren zu gro\u00df und das Angebot ein Testfischer zu sein lockte Unheimlich. Mein Ehrgeiz war gepackt und ich f\u00fchlte mich reif f\u00fcr was Neues, ich wollte neue Schritte gehen und das hie\u00df neue K\u00f6der. Also auf zum schweren Thema K\u00f6derwahl. Ich entschied mich nach langer \u00dcberlegung erstmal f\u00fcr die Red Delicious Hot und den Mega Sweets. Keine drei Tage sp\u00e4ter waren sie dann endlich da. Ich war aufgeregt wie bei einer neuen gro\u00dfen Liebe, es kribbelte im Bauch, das kann nur gutes hei\u00dfen dachte ich mir. Sofort und ohne Zeit zu verlieren begann ich mich mit den K\u00f6der vertraut zu machen. Ich testete die Boilies auf Herz und Nieren. Unter anderen legte ich sie in Gef\u00e4\u00dfen mit Teichschlamm, Leitungs- und Teichwasserwasser ein um ihre Wasserl\u00f6slichkeit zu testen. Au\u00dferdem wollte ich wissen ob sie nach ein paar Tagen anfangen zu schimmeln und wie es sich mit den Geruch und der Konsistenz verh\u00e4lt.<\/p>\n<p><img loading=\"lazy\" class=\"size-full wp-image-115 alignleft\" title=\"big_6703964_0_126-95\" src=\"http:\/\/www.rg-fishfeed.de\/blog\/wp-content\/uploads\/2011\/12\/big_6703964_0_126-95.jpg\" alt=\"\" width=\"126\" height=\"95\" \/><img loading=\"lazy\" class=\"size-full wp-image-116 alignleft\" title=\"big_6703977_0_126-95\" src=\"http:\/\/www.rg-fishfeed.de\/blog\/wp-content\/uploads\/2011\/12\/big_6703977_0_126-95.jpg\" alt=\"\" width=\"126\" height=\"95\" \/><img loading=\"lazy\" class=\"size-full wp-image-117 alignleft\" title=\"big_6703994_0_126-95\" src=\"http:\/\/www.rg-fishfeed.de\/blog\/wp-content\/uploads\/2011\/12\/big_6703994_0_126-95.jpg\" alt=\"\" width=\"126\" height=\"95\" \/><\/p>\n<p>&nbsp;<\/p>\n<p>&nbsp;<\/p>\n<p>&nbsp;<\/p>\n<p>Mein Fazit f\u00e4llt super aus. Keine schlechten Eigenschaften zu Erkennen. Eine f\u00fcr mich perfekte Struktur mit Groben und feinen Anteilen. Keine Schimmelbildung zuerkennen, der Boilie l\u00f6st sich einfach auf, das ist wichtig damit bei st\u00e4ndiger F\u00fctterung die Futterstelle sauber bleibt. Konsistenz hervorragend, man kann diesen K\u00f6der ohne bedenken vier Tage an der Rute lassen ohne dass er zu weich wird. Es war Liebe auf den ersten Blick. Das erstaunliche was ich unbedingt noch Erw\u00e4hnen muss, ist das der Mega Sweet Boilie selbst nach 48 Stunden im Faulschlamm nicht ein bisschen schlammig roch!!! Die Theorie war geschafft und das Vertrauen war da. Und wie sogar! Ich wollte die neuen Boilies gleich an ein sehr schwieriges Gew\u00e4sser testen. Der See geh\u00f6rt mit seinen 350 h schon zu den Gr\u00f6\u00dferen aber hat daf\u00fcr einen eher schlechten Karpfenbestand. Karpfenf\u00e4nge sind an diesen See eher eine Seltenheit und ich will es dazu noch im Winter probieren. Der Blank und unz\u00e4hlige N\u00e4chte ohne Fischkontakt waren geradezu vorauszusehen. Aber aus beruflichen Gr\u00fcnden, und den eigentlich jetzt schon gro\u00dfen Vertrauen zu den Boilies, musste es dieser See sein. Ich kenne den See in seinen groben Z\u00fcgen, doch die wirklich Markanten Stellen galt es herauszubekommen. Nach einigen Stunden mit Boot und E-Motor entschied ich mich f\u00fcr eine Stelle die ich auch im Sommer oder Herbst gew\u00e4hlt h\u00e4tte. Sie hat zwar keine so steile Kannte und f\u00e4llt eher langsam ab, aber der Untergrund machte sie f\u00fcr mich sehr Interessant. Der Untergrund allgemein ist f\u00fcr mich an fast jedem Gew\u00e4sser wichtiger als die Kante. Au\u00dferdem hatte ich an diesen Platz die Option auf die tiefste Stelle im See. Meine Futterstrategie sah wie folgt aus, ich wollte zwei Wochen lang jeden zweiten Tag mit Boiliest\u00fccken und Boilies f\u00fcttern fahren. Bewusst verzichtete ich auf Partikel. Dabei sollte je eine Stelle mit Red Delicious Hot und Mega Sweet gef\u00fcttert werden. Ob s\u00fc\u00dfe Boilies im Winter Sinn machen fragte ich mich jedoch sehr stark.<\/p>\n<p><img loading=\"lazy\" class=\"size-full wp-image-118 alignleft\" title=\"big_6704059_0_126-95\" src=\"http:\/\/www.rg-fishfeed.de\/blog\/wp-content\/uploads\/2011\/12\/big_6704059_0_126-95.jpg\" alt=\"\" width=\"126\" height=\"95\" \/><img loading=\"lazy\" class=\"size-full wp-image-119 alignleft\" title=\"big_6709909_0_126-95\" src=\"http:\/\/www.rg-fishfeed.de\/blog\/wp-content\/uploads\/2011\/12\/big_6709909_0_126-95.jpg\" alt=\"\" width=\"126\" height=\"95\" \/><img loading=\"lazy\" class=\"size-full wp-image-120 alignleft\" title=\"big_6709913_0_126-95\" src=\"http:\/\/www.rg-fishfeed.de\/blog\/wp-content\/uploads\/2011\/12\/big_6709913_0_126-95.jpg\" alt=\"\" width=\"126\" height=\"95\" \/><\/p>\n<p>&nbsp;<\/p>\n<p>&nbsp;<\/p>\n<p>&nbsp;<\/p>\n<p>Gesagt getan, das Warten auf den Besagten Angeltag war nat\u00fcrlich grausam. Und dann passierte es, der Winter zeigte sich in voller Breite, und mehrere Tage war Angeln und F\u00fcttern wegen einer Eisschicht auf dem Gew\u00e4sser unm\u00f6glich. Wieder ein Tiefschlag! Doch ein Tiefdruckgebiet war in Anmarsch und der See \u00f6ffnete sich dank des Windes relativ schnell, Ich f\u00fctterte noch drei Tage und endlich war der erste Angeltag mit den neuen Boilies gekommen. Ich beschloss in den N\u00e4chten zu Angeln und Tags\u00fcber zu arbeiten, weswegen sich der Aufbau schnell vollzog. Ich muss ehrlich sein und zugeben das ich in der ersten Nacht nicht mit Fischkontakt gerechnet habe doch der Mega Sweet (ausgerechnet der S\u00fc\u00dfe im Winter) sollte mich positiv strafen. Um genau 1Uhr nachts bekam ich einen sehr zaghaften Fallbiss, alles lief jetzt Routinem\u00e4\u00dfig ab, und ich konnte den ersten R&amp;G Karpfen sicher landen. Kein Riese aber daf\u00fcr ein wundersch\u00f6ner Fisch. Ich habe mich dann v\u00f6llig zufrieden zur Ruhe gelegt, die Welt war f\u00fcr mich in Ordnung. Ich h\u00e4tte niemals mit einen Fisch in der ersten Nacht gerade an diesen so schweren See gerechnet. Doch in der darauf folgenden Nacht kam es noch dicker. Ich wollte einen sehr guten Angelfreund mit dem ich schon viele N\u00e4chte am Wasser vollbracht habe, meinen neuen K\u00f6der pr\u00e4sentieren. Sascha auf dessen Meinung ich im \u00fcbrigen sehr viel Wert lege, da er sehr kompetent und fit in der Materie ist, stie\u00df in dieser Nacht zu mir. Wir konnten in dieser Nacht dann noch tats\u00e4chlich drei herrliche Fische &#8211; in diesen von uns so gehassten See- den Kescher von Innen pr\u00e4sentieren. Es war eine herrliche Nacht, in der im vier Stunden Takt die Fische gefangen wurden. Es waren wieder nur Fallbisse und leider keine Riesen, doch ich bin mit diesen Ergebnis unheimlich zufrieden. Ich bin positiv \u00fcberrascht von den neuen K\u00f6dern denn sie brachten mir sofort ein super Erfolg mit den ich nicht in meinen k\u00fchnsten Tr\u00e4umen gerechnet habe. Ich hoffe es geht so weiter, derAnfang einer gro\u00dfen Liebe ist jedoch gemacht.<\/p>\n<p><img loading=\"lazy\" class=\"size-full wp-image-121 alignleft\" title=\"big_6709924_0_226-170\" src=\"http:\/\/www.rg-fishfeed.de\/blog\/wp-content\/uploads\/2011\/12\/big_6709924_0_226-170.jpg\" alt=\"\" width=\"226\" height=\"170\" \/><img loading=\"lazy\" class=\"size-full wp-image-122 alignleft\" title=\"big_6709932_0_226-170\" src=\"http:\/\/www.rg-fishfeed.de\/blog\/wp-content\/uploads\/2011\/12\/big_6709932_0_226-170.jpg\" alt=\"\" width=\"226\" height=\"170\" \/><img loading=\"lazy\" class=\"size-full wp-image-123 alignleft\" title=\"big_6709935_0_225-169\" src=\"http:\/\/www.rg-fishfeed.de\/blog\/wp-content\/uploads\/2011\/12\/big_6709935_0_225-169.jpg\" alt=\"\" width=\"225\" height=\"169\" \/><img loading=\"lazy\" class=\"size-full wp-image-124 alignleft\" title=\"big_6709956_0_226-170\" src=\"http:\/\/www.rg-fishfeed.de\/blog\/wp-content\/uploads\/2011\/12\/big_6709956_0_226-170.jpg\" alt=\"\" width=\"226\" height=\"170\" \/><img loading=\"lazy\" class=\"size-full wp-image-125 alignleft\" title=\"big_6709966_0_390-293\" src=\"http:\/\/www.rg-fishfeed.de\/blog\/wp-content\/uploads\/2011\/12\/big_6709966_0_390-293.jpg\" alt=\"\" width=\"390\" height=\"293\" srcset=\"https:\/\/blog.rg-fishfeed.de\/wp-content\/uploads\/2011\/12\/big_6709966_0_390-293.jpg 390w, https:\/\/blog.rg-fishfeed.de\/wp-content\/uploads\/2011\/12\/big_6709966_0_390-293-300x225.jpg 300w\" sizes=\"(max-width: 390px) 100vw, 390px\" \/><\/p>\n<p>&nbsp;<\/p>\n<p>&nbsp;<\/p>\n<p>&nbsp;<\/p>\n<p>&nbsp;<\/p>\n<p>&nbsp;<\/p>\n<p>&nbsp;<\/p>\n<p>&nbsp;<\/p>\n<p>&nbsp;<\/p>\n<p>&nbsp;<\/p>\n<p>&nbsp;<\/p>\n<p>&nbsp;<\/p>\n<p>&nbsp;<\/p>\n<p>&nbsp;<\/p>\n<p>&nbsp;<\/p>\n<p>&nbsp;<\/p>\n<p>Gru\u00df und Petri Heil<\/p>\n<p>Holger Krampe<\/p>\n<p>Das Runde muss ins Schuppige!<\/p>\n<p>&nbsp;<\/p>\n<p><strong>Endlich Entjungfert!<\/strong><\/p>\n","protected":false},"excerpt":{"rendered":"<p>von Holger Krampe Es ist f\u00fcr jeden von uns eine neue Herausforderung seinen K\u00f6der mit dem man soviel gutes Erlebt hat abzuschieben um sich f\u00fcr einen Neuen zu entscheiden. Doch die Entt\u00e4uschungen in der letzten Session waren zu gro\u00df und &hellip; <a href=\"https:\/\/blog.rg-fishfeed.de\/?page_id=114\">Weiterlesen <span class=\"meta-nav\">&rarr;<\/span><\/a><\/p>\n","protected":false},"author":1,"featured_media":0,"parent":67,"menu_order":0,"comment_status":"open","ping_status":"open","template":"","meta":[],"_links":{"self":[{"href":"https:\/\/blog.rg-fishfeed.de\/index.php?rest_route=\/wp\/v2\/pages\/114"}],"collection":[{"href":"https:\/\/blog.rg-fishfeed.de\/index.php?rest_route=\/wp\/v2\/pages"}],"about":[{"href":"https:\/\/blog.rg-fishfeed.de\/index.php?rest_route=\/wp\/v2\/types\/page"}],"author":[{"embeddable":true,"href":"https:\/\/blog.rg-fishfeed.de\/index.php?rest_route=\/wp\/v2\/users\/1"}],"replies":[{"embeddable":true,"href":"https:\/\/blog.rg-fishfeed.de\/index.php?rest_route=%2Fwp%2Fv2%2Fcomments&post=114"}],"version-history":[{"count":4,"href":"https:\/\/blog.rg-fishfeed.de\/index.php?rest_route=\/wp\/v2\/pages\/114\/revisions"}],"predecessor-version":[{"id":129,"href":"https:\/\/blog.rg-fishfeed.de\/index.php?rest_route=\/wp\/v2\/pages\/114\/revisions\/129"}],"up":[{"embeddable":true,"href":"https:\/\/blog.rg-fishfeed.de\/index.php?rest_route=\/wp\/v2\/pages\/67"}],"wp:attachment":[{"href":"https:\/\/blog.rg-fishfeed.de\/index.php?rest_route=%2Fwp%2Fv2%2Fmedia&parent=114"}],"curies":[{"name":"wp","href":"https:\/\/api.w.org\/{rel}","templated":true}]}}