{"id":130,"date":"2011-12-08T19:57:25","date_gmt":"2011-12-08T18:57:25","guid":{"rendered":"http:\/\/www.rg-fishfeed.de\/blog\/?page_id=130"},"modified":"2011-12-08T19:57:25","modified_gmt":"2011-12-08T18:57:25","slug":"das-perfekte-angelfoto","status":"publish","type":"page","link":"https:\/\/blog.rg-fishfeed.de\/?page_id=130","title":{"rendered":"Das Perfekte Angelfoto"},"content":{"rendered":"<p><strong>von Holger Krampe<\/strong><\/p>\n<p>Die meisten Petrij\u00fcnger die ich kenne legen heute mehr wert auf ein sch\u00f6nes Bild mit ihren Zielfisch als ihn in der Pfanne oder im Rauch zu sehen. Und nat\u00fcrlich fotografiert jeder einen Rekordfisch oder sein Pers\u00f6nlich gr\u00f6\u00dften Fisch des Lebens gern. Damit diese Fotos auch wirklich gut werden m\u00f6chte ich euch einige Tipps geben.<\/p>\n<p><img loading=\"lazy\" class=\"aligncenter size-full wp-image-131\" title=\"big_6710592_0_399-300\" src=\"http:\/\/www.rg-fishfeed.de\/blog\/wp-content\/uploads\/2011\/12\/big_6710592_0_399-300.jpg\" alt=\"\" width=\"399\" height=\"300\" srcset=\"https:\/\/blog.rg-fishfeed.de\/wp-content\/uploads\/2011\/12\/big_6710592_0_399-300.jpg 399w, https:\/\/blog.rg-fishfeed.de\/wp-content\/uploads\/2011\/12\/big_6710592_0_399-300-300x225.jpg 300w\" sizes=\"(max-width: 399px) 100vw, 399px\" \/>\u00a0Vorraussetzung f\u00fcr ein gutes Bild ist nat\u00fcrlich ein Fotoapparat. Ich empfehle daher eine Kamera die mindestens einen 3fach optischen Zoom, einen Selbstausl\u00f6ser, und f\u00fcr die Nacht ein Blitzlicht hat. Es spielt dabei auch keine Rolle ob es eine Digitale oder ein klassischer Fotoapparat ist. Bei einer Digitalen Kamera gibt es aber den entscheidende Vorteil das man sein Bild gleich danach ansehen kann und sich das Bild Zuhause leichter Bearbeiten und pr\u00e4sentieren l\u00e4sst.<br \/>\nBeim Fotografieren ist es grunds\u00e4tzlich wichtig, dass die Sonne oder dass st\u00e4rkste Licht aus Richtung der Kamera kommen! Richtet euch so aus, dass der Kameramann bei starker Sonneneinstrahlung keinen st\u00f6renden Schatten wirft. Aber macht nicht den Fehler und lasst euch gegen die Sonne fotografieren! Euer Gesicht und der Fisch befinden sich dann n\u00e4mlich im Schatten, so dass das Foto unansehnlich wird. Solche genannten Gegenlichtaufnahmen sind nur mit einem guten Blitz m\u00f6glich! Es kann vorteilhaft sein, auch bei anderen Tageslichtfotos zu blitzen, weil dadurch st\u00f6rende Seitenschatten im Gesicht reduziert werden.<\/p>\n<p>Wenn ich dann also meinen Fisch sicher auf der Abhackmatte habe, messe und wiege ich ihn. Ich stelle mir ein Gef\u00e4\u00df daneben damit ich w\u00e4hrend der Fotoszession die Schleimhaut des Fisches nass halten kann.<br \/>\nDanach suche ich mir einen sch\u00f6nen Hintergrund wie einen umgest\u00fcrzten Baum, einen Schilfg\u00fcrtel oder halt den Sonnenuntergang \u00fcber mein Angelger\u00e4t aus. Ich versuche aber darauf zu achten das niemand der sich das Foto anschaut wei\u00df wo ich geangelt habe. Ich vermeide markante Dinge wie z.B. Strommasten, Strassen und Hinweisschilder oder irgendwelche Strandh\u00fctten auf meinen Fotos zu zeigen.<\/p>\n<p><img loading=\"lazy\" class=\"size-full wp-image-132 alignleft\" title=\"big_6710610_0_200-150\" src=\"http:\/\/www.rg-fishfeed.de\/blog\/wp-content\/uploads\/2011\/12\/big_6710610_0_200-150.jpg\" alt=\"\" width=\"200\" height=\"150\" \/><img loading=\"lazy\" class=\"size-full wp-image-133 alignleft\" title=\"big_6710612_0_200-150\" src=\"http:\/\/www.rg-fishfeed.de\/blog\/wp-content\/uploads\/2011\/12\/big_6710612_0_200-150.jpg\" alt=\"\" width=\"200\" height=\"150\" \/><\/p>\n<p>&nbsp;<\/p>\n<p>&nbsp;<\/p>\n<p>&nbsp;<\/p>\n<p>&nbsp;<\/p>\n<p>Wenn ich dann den perfekten Hintergrund habe stelle ich mir ein Stativ auf, dreh das Display zu mir, und los geht\u2019s mit Selbstausl\u00f6ser und Bildfolge.<br \/>\nNat\u00fcrlich wei\u00df ich dass die meisten Kameras diese Teile oder Funktionen nicht haben. Es geht aber auch ohne. Also bereite ich meinen Bildbereich schon vorher vor. Das funktioniert so. Ich platziere die Kamera sicher auf ein Stativ oder Angelstuhl und schau mir an was ich durch das Display alles erkennen kann. Ich markiere dann mit zwei Rutenhaltern den Bereich wo ich beim Posen am liebsten stehen m\u00f6chte. Anschlie\u00dfend stelle ich mich in diesen Abschnitt und mach mittels Selbstausl\u00f6ser ein Probefoto. Wenn alle Dinge wie Hintergrund, Abstand nach allen Seiten, und der Zoom stimmen ist der Fotobereich eingerichtet. Dann hole ich mir den Fisch aus den Karpfensack und los geht es.<\/p>\n<p><img loading=\"lazy\" class=\"size-full wp-image-134 alignleft\" title=\"big_6710637_0_200-150\" src=\"http:\/\/www.rg-fishfeed.de\/blog\/wp-content\/uploads\/2011\/12\/big_6710637_0_200-150.jpg\" alt=\"\" width=\"200\" height=\"150\" \/><img loading=\"lazy\" class=\"size-full wp-image-135 alignleft\" title=\"big_6710642_0_200-150\" src=\"http:\/\/www.rg-fishfeed.de\/blog\/wp-content\/uploads\/2011\/12\/big_6710642_0_200-150.jpg\" alt=\"\" width=\"200\" height=\"150\" \/><\/p>\n<p>&nbsp;<\/p>\n<p>&nbsp;<\/p>\n<p>&nbsp;<\/p>\n<p>Ein vielleicht hilfreicher Hinweis ist den Fisch im Karpfensack erst anheben und eine paar Minuten unter der Wasseroberfl\u00e4che halten. Das hat den Effekt dass er Fluchtversuche startet und sich schon im Sack und nicht auf der Abhackmatte auspowert. Vorteil f\u00fcr beide Seiten, der Fisch kann beim Fotografieren nicht aus den H\u00e4nden rutschen und sich verletzen, und f\u00fcr uns ist das h\u00e4ndling einfacher da er v\u00f6llig ruhig bleibt.<\/p>\n<p>Am besten geht\u2019s nat\u00fcrlich zu zweit. Dann kommt es voll auf den Kameramann an! Denn nur er sieht wenn er auf den Ausl\u00f6ser dr\u00fcckt wie das Foto geworden ist. Also muss er seinen Angelkollegen klare Kommandos geben bis Fisch und Angler perfekt im so genannten Licht stehen.<\/p>\n<p>Ich Fotografiere wenn m\u00f6glich immer von unten nach oben und stelle die Kamera ein St\u00fcck zur\u00fcck damit ich mit Zoom arbeiten kann. Das hat den Effekt dass ich mehr Fisch und weniger Mensch draufbekomme und schlie\u00dflich steht der Fisch ja in diesen Moment im Vordergrund. Au\u00dferdem ist die Kamera vor Spritzwasser gesch\u00fctzt wenn der Fisch pl\u00f6tzlich auf der nassen Abhackmatte zappelt.<\/p>\n<p><img loading=\"lazy\" class=\"size-full wp-image-136 alignleft\" title=\"big_6710650_0_399-300\" src=\"http:\/\/www.rg-fishfeed.de\/blog\/wp-content\/uploads\/2011\/12\/big_6710650_0_399-300.jpg\" alt=\"\" width=\"399\" height=\"300\" srcset=\"https:\/\/blog.rg-fishfeed.de\/wp-content\/uploads\/2011\/12\/big_6710650_0_399-300.jpg 399w, https:\/\/blog.rg-fishfeed.de\/wp-content\/uploads\/2011\/12\/big_6710650_0_399-300-300x225.jpg 300w\" sizes=\"(max-width: 399px) 100vw, 399px\" \/><\/p>\n<p>&nbsp;<\/p>\n<p>&nbsp;<\/p>\n<p>&nbsp;<\/p>\n<p>&nbsp;<\/p>\n<p>&nbsp;<\/p>\n<p>&nbsp;<\/p>\n<p>&nbsp;<\/p>\n<p>( Schlechteres Foto wegen den Wassertropfen)<\/p>\n<p>Ich halte den Fisch niemals Gerade, ich halte ihn immer schr\u00e4g. Entweder von oben nach unten oder schr\u00e4g den Kopf oder Schwanz zur Kamera hin. Genauso wie ich immer versuche die H\u00e4nde hinter den Fisch zu verstecken, ich m\u00f6chte auf den Bild Schuppen gl\u00e4nzen sehen und keine Finger.<br \/>\nIch Wechsel auch wenn m\u00f6glich st\u00e4ndig die Positionen, Stellungen oder Angelklamotten denn nichts ist schlimmer als wenn ein Bild wie das andere aussieht.<br \/>\nVergesst auch nicht euch selber vorher im Spiegel zu betrachten, H\u00e4nde waschen, Haare richten und bei l\u00e4ngeren Trips sogar rasieren. Die arbeit mach ich mir, bevor ich mich dann zuhause beim Fotos zeigen \u00fcber mein sechs Tage Bart \u00e4rgere.\u00a0 <img loading=\"lazy\" class=\"aligncenter size-full wp-image-137\" title=\"big_6710658_0_299-225\" src=\"http:\/\/www.rg-fishfeed.de\/blog\/wp-content\/uploads\/2011\/12\/big_6710658_0_299-225.jpg\" alt=\"\" width=\"299\" height=\"225\" \/>Zum Schluss m\u00f6chte ich aber noch die Bitte loswerden IMMER an den Fisch und die Natur zu denken. Ich muss keine ganze Speicherkarte oder ein 36er Farbfilm mit einem Fisch voll knipsen. Sechs Bilder mit drei verschiedenen Motiven reichen vollkommen aus. Und bitte den Fisch immer schonend und sorgsam behandeln! Lieber ein Bild weniger knipsen um den Fisch so wenig wie m\u00f6glich zu qu\u00e4len.\u00a0 <img loading=\"lazy\" class=\"aligncenter size-full wp-image-138\" title=\"big_6710677_0_399-300\" src=\"http:\/\/www.rg-fishfeed.de\/blog\/wp-content\/uploads\/2011\/12\/big_6710677_0_399-300.jpg\" alt=\"\" width=\"399\" height=\"300\" srcset=\"https:\/\/blog.rg-fishfeed.de\/wp-content\/uploads\/2011\/12\/big_6710677_0_399-300.jpg 399w, https:\/\/blog.rg-fishfeed.de\/wp-content\/uploads\/2011\/12\/big_6710677_0_399-300-300x225.jpg 300w\" sizes=\"(max-width: 399px) 100vw, 399px\" \/>Und Danke im Voraus f\u00fcr Catch and Realese sie werden es euch mit vielen Nachkommen Danken.<\/p>\n<p>Gru\u00df und Petri Heil<br \/>\nHolger Krampe<br \/>\nDas Runde muss ins Schuppige!<\/p>\n","protected":false},"excerpt":{"rendered":"<p>von Holger Krampe Die meisten Petrij\u00fcnger die ich kenne legen heute mehr wert auf ein sch\u00f6nes Bild mit ihren Zielfisch als ihn in der Pfanne oder im Rauch zu sehen. Und nat\u00fcrlich fotografiert jeder einen Rekordfisch oder sein Pers\u00f6nlich gr\u00f6\u00dften &hellip; <a href=\"https:\/\/blog.rg-fishfeed.de\/?page_id=130\">Weiterlesen <span class=\"meta-nav\">&rarr;<\/span><\/a><\/p>\n","protected":false},"author":1,"featured_media":0,"parent":67,"menu_order":0,"comment_status":"open","ping_status":"open","template":"","meta":[],"_links":{"self":[{"href":"https:\/\/blog.rg-fishfeed.de\/index.php?rest_route=\/wp\/v2\/pages\/130"}],"collection":[{"href":"https:\/\/blog.rg-fishfeed.de\/index.php?rest_route=\/wp\/v2\/pages"}],"about":[{"href":"https:\/\/blog.rg-fishfeed.de\/index.php?rest_route=\/wp\/v2\/types\/page"}],"author":[{"embeddable":true,"href":"https:\/\/blog.rg-fishfeed.de\/index.php?rest_route=\/wp\/v2\/users\/1"}],"replies":[{"embeddable":true,"href":"https:\/\/blog.rg-fishfeed.de\/index.php?rest_route=%2Fwp%2Fv2%2Fcomments&post=130"}],"version-history":[{"count":2,"href":"https:\/\/blog.rg-fishfeed.de\/index.php?rest_route=\/wp\/v2\/pages\/130\/revisions"}],"predecessor-version":[{"id":140,"href":"https:\/\/blog.rg-fishfeed.de\/index.php?rest_route=\/wp\/v2\/pages\/130\/revisions\/140"}],"up":[{"embeddable":true,"href":"https:\/\/blog.rg-fishfeed.de\/index.php?rest_route=\/wp\/v2\/pages\/67"}],"wp:attachment":[{"href":"https:\/\/blog.rg-fishfeed.de\/index.php?rest_route=%2Fwp%2Fv2%2Fmedia&parent=130"}],"curies":[{"name":"wp","href":"https:\/\/api.w.org\/{rel}","templated":true}]}}