{"id":157,"date":"2011-12-08T20:06:12","date_gmt":"2011-12-08T19:06:12","guid":{"rendered":"http:\/\/www.rg-fishfeed.de\/blog\/?page_id=157"},"modified":"2011-12-08T20:06:12","modified_gmt":"2011-12-08T19:06:12","slug":"jorg-palmer","status":"publish","type":"page","link":"https:\/\/blog.rg-fishfeed.de\/?page_id=157","title":{"rendered":"J\u00f6rg Palmer"},"content":{"rendered":"<p><img loading=\"lazy\" class=\"aligncenter size-full wp-image-158\" title=\"10957528\" src=\"http:\/\/www.rg-fishfeed.de\/blog\/wp-content\/uploads\/2011\/12\/10957528.jpg\" alt=\"\" width=\"600\" height=\"450\" srcset=\"https:\/\/blog.rg-fishfeed.de\/wp-content\/uploads\/2011\/12\/10957528.jpg 600w, https:\/\/blog.rg-fishfeed.de\/wp-content\/uploads\/2011\/12\/10957528-300x225.jpg 300w\" sizes=\"(max-width: 600px) 100vw, 600px\" \/>Es war mittlerweile Mitte August und ich fuhr nach meiner letzten Nachtschicht gleich los nach Brandenburg zu meinem Kumpel Peter, der mich f\u00fcr 5 tage zum fischen eingeladen hatte! Nach 6 stunden Auto fahrt und ohne schlaf kam ich dann endlich, total \u00fcberm\u00fcdet, bei Peter an. Wo ich herzlich empfangen wurde und nach etwas Smal Talk und 2 Tassen Kaffe ging es auch gleich los an den besagten See. Wo uns eine b\u00f6se \u00dcberraschung erwarten w\u00fcrde. Der See kann im Endeffekt nur von einer stelle aus gut befischt werden, so das man alle Hot Spots abfischen kann und, was war, die stelle war f\u00fcr 3 Tage besetzt. Wir beschlossen 2 N\u00e4chte an einen andern See zu gehen und die letzten 2 N\u00e4chte hier zu verbringen. Gesagt getan, fischten wir die ersten 2 N\u00e4chte an einer richtigen perle der wir 3 sch\u00f6ne fische bis 15kg entlocken konnten. Als wir am dritten tage am neuen oder besser gesagt urspr\u00fcnglichen See aufbauten, waren unsere Hoffnungen nicht sehr gro\u00df, da die Jungs vor uns fast alle dicken, die in dem See bekannt waren, gefangen hatten. Trotz alle dem machten wir unsere Waffen scharf, in der ersten Nacht war bei meinen Ruten Funkstille, nur Peter konnte einen kleinen 7kg Karpfen landen, am n\u00e4chsten morgen legte ich 2 Ruten von mir um auf neue Spots und gegen Mittag bekam ich den ersten biss auf eine der Ruten. Leider so wie das Schicksal will, verlor ich den fisch im Schilf. etwas frustriert machte ich die Rute wieder scharf. dann kurz vor der D\u00e4mmerung fiel der Swinger der gleichen Rute erneut und nur ein paar Piepser kamen aus meinem Delkim, sofort nahm ich mit der Rute Kontakt zum Fisch auf, doch was war das schon wieder sa\u00df er fest, also rein ins Boot und ab zum Fisch. als wir \u00fcber ihm waren bekam ich ihn frei und der Tanz konnte beginnen. Eine Viertelstunde, die mir wie eine Ewigkeit vor kam, brauchte ich bis ich einen gewaltigen Spiegler \u00fcber den Kescher ziehen konnte. Als der Zeiger meiner Waage dann bei 19,5kg stehen blieb, war ich ganz aus dem H\u00e4uschen. Es war der Gr\u00f6\u00dfte Fisch der in dem See bekannt war, kurz darauf machte ich die Rute wieder scharf und trank mit Peter und Bj\u00f6rn erst mal ein k\u00fchles Bier auf diesen Fisch. In der Nacht hatte ich noch 2 L\u00e4ufe die ich leider auch beide verlor. Schlussendlich muss ich mich auf jeden fall bei meinem Kumpel Peter bedanken, f\u00fcr die hammergeilen tage bei ihm und nat\u00fcrlich bei Heinz f\u00fcr seine Jungle Magic, sind echt klasse Boilies kann ich nur weiterempfehlen. In diesem sinne w\u00fcnsche ich euch viel erfolg und vielleicht sieht man sich ja mal am Wasser \ud83d\ude09<img loading=\"lazy\" class=\"aligncenter size-full wp-image-159\" title=\"10957535\" src=\"http:\/\/www.rg-fishfeed.de\/blog\/wp-content\/uploads\/2011\/12\/10957535.jpg\" alt=\"\" width=\"600\" height=\"450\" srcset=\"https:\/\/blog.rg-fishfeed.de\/wp-content\/uploads\/2011\/12\/10957535.jpg 600w, https:\/\/blog.rg-fishfeed.de\/wp-content\/uploads\/2011\/12\/10957535-300x225.jpg 300w\" sizes=\"(max-width: 600px) 100vw, 600px\" \/><img loading=\"lazy\" class=\"aligncenter size-full wp-image-160\" title=\"10957536\" src=\"http:\/\/www.rg-fishfeed.de\/blog\/wp-content\/uploads\/2011\/12\/10957536.jpg\" alt=\"\" width=\"600\" height=\"450\" srcset=\"https:\/\/blog.rg-fishfeed.de\/wp-content\/uploads\/2011\/12\/10957536.jpg 600w, https:\/\/blog.rg-fishfeed.de\/wp-content\/uploads\/2011\/12\/10957536-300x225.jpg 300w\" sizes=\"(max-width: 600px) 100vw, 600px\" \/><\/p>\n","protected":false},"excerpt":{"rendered":"<p>Es war mittlerweile Mitte August und ich fuhr nach meiner letzten Nachtschicht gleich los nach Brandenburg zu meinem Kumpel Peter, der mich f\u00fcr 5 tage zum fischen eingeladen hatte! Nach 6 stunden Auto fahrt und ohne schlaf kam ich dann &hellip; <a href=\"https:\/\/blog.rg-fishfeed.de\/?page_id=157\">Weiterlesen <span class=\"meta-nav\">&rarr;<\/span><\/a><\/p>\n","protected":false},"author":1,"featured_media":0,"parent":67,"menu_order":0,"comment_status":"open","ping_status":"open","template":"","meta":[],"_links":{"self":[{"href":"https:\/\/blog.rg-fishfeed.de\/index.php?rest_route=\/wp\/v2\/pages\/157"}],"collection":[{"href":"https:\/\/blog.rg-fishfeed.de\/index.php?rest_route=\/wp\/v2\/pages"}],"about":[{"href":"https:\/\/blog.rg-fishfeed.de\/index.php?rest_route=\/wp\/v2\/types\/page"}],"author":[{"embeddable":true,"href":"https:\/\/blog.rg-fishfeed.de\/index.php?rest_route=\/wp\/v2\/users\/1"}],"replies":[{"embeddable":true,"href":"https:\/\/blog.rg-fishfeed.de\/index.php?rest_route=%2Fwp%2Fv2%2Fcomments&post=157"}],"version-history":[{"count":1,"href":"https:\/\/blog.rg-fishfeed.de\/index.php?rest_route=\/wp\/v2\/pages\/157\/revisions"}],"predecessor-version":[{"id":161,"href":"https:\/\/blog.rg-fishfeed.de\/index.php?rest_route=\/wp\/v2\/pages\/157\/revisions\/161"}],"up":[{"embeddable":true,"href":"https:\/\/blog.rg-fishfeed.de\/index.php?rest_route=\/wp\/v2\/pages\/67"}],"wp:attachment":[{"href":"https:\/\/blog.rg-fishfeed.de\/index.php?rest_route=%2Fwp%2Fv2%2Fmedia&parent=157"}],"curies":[{"name":"wp","href":"https:\/\/api.w.org\/{rel}","templated":true}]}}