{"id":162,"date":"2011-12-08T20:09:30","date_gmt":"2011-12-08T19:09:30","guid":{"rendered":"http:\/\/www.rg-fishfeed.de\/blog\/?page_id=162"},"modified":"2011-12-08T20:09:30","modified_gmt":"2011-12-08T19:09:30","slug":"svenja%c2%b4s-plan","status":"publish","type":"page","link":"https:\/\/blog.rg-fishfeed.de\/?page_id=162","title":{"rendered":"Svenja\u00b4s Plan"},"content":{"rendered":"<p>Ich Liebe es wenn ein Plan funktioniert \u2013 oder auch nicht ?<img loading=\"lazy\" class=\"aligncenter size-full wp-image-163\" title=\"16968216\" src=\"http:\/\/www.rg-fishfeed.de\/blog\/wp-content\/uploads\/2011\/12\/16968216.jpg\" alt=\"\" width=\"337\" height=\"450\" srcset=\"https:\/\/blog.rg-fishfeed.de\/wp-content\/uploads\/2011\/12\/16968216.jpg 337w, https:\/\/blog.rg-fishfeed.de\/wp-content\/uploads\/2011\/12\/16968216-224x300.jpg 224w\" sizes=\"(max-width: 337px) 100vw, 337px\" \/>Eine lange anstrengende Woche neigte sich dem Ende zu \u2013 Endlich war es Freitagnachmittag und das hie\u00df, so gut wie jede Woche: schnell nachhause kommen und packen. Ich packte in ziemlichem Stress mein Tackle beisammen. Meine bessere h\u00e4lfte Hannah stand bereits vor meiner T\u00fcr und wartete schon aufgeregt bis wir los fahren konnten.<\/p>\n<p>Als wir das Auto in unserem bekannten \u201eTetris-System\u201c gepackt hatten ging es los. Diesmal sollte unser Ziel, der neue Vereinssee in nur 15Minuten Entfernung sein. Dieser See besch\u00e4ftigte mich schon einige Zeit, denn wir fischten dort regelm\u00e4\u00dfig, h\u00f6rten viele Geschichten und studierten das Gew\u00e4sser immer mehr. Doch das f\u00fcr mich ungel\u00f6ste R\u00e4tsel wollte ich an diesem Wochenende endlich l\u00f6sen k\u00f6nnen. Hannah und ich konnten von den zahlreichen N\u00e4chten und Sessions kein einziges Mal einen Karpfen \u00fcberlisten. Der See bew\u00e4hrte sich als schwierig und sehr verkrautet. Ich h\u00f6rte einige Geschichten, wie dass hier bereits Karpfen leben die schon an und \u00fcber die 30 Jahre haben. An diesem Gew\u00e4sser gilt das generelle Verbot anzuf\u00fcttern, auch wenn es nur ein kleines PVA-S\u00e4ckchen w\u00e4re. <img loading=\"lazy\" class=\"aligncenter size-full wp-image-164\" title=\"16968227\" src=\"http:\/\/www.rg-fishfeed.de\/blog\/wp-content\/uploads\/2011\/12\/16968227.jpg\" alt=\"\" width=\"600\" height=\"398\" srcset=\"https:\/\/blog.rg-fishfeed.de\/wp-content\/uploads\/2011\/12\/16968227.jpg 600w, https:\/\/blog.rg-fishfeed.de\/wp-content\/uploads\/2011\/12\/16968227-300x199.jpg 300w\" sizes=\"(max-width: 600px) 100vw, 600px\" \/>An diesem Wochenende setzten wir uns wieder auf unseren Lieblingsplatz und bauten unser Tackle auf. Schon beim aufbauen sahen und h\u00f6rten wir besonders schon einige Karpfen die im Wasser sprangen. Es war immer so \u2013 man sieht und h\u00f6rt sie, doch fangen dass war bisher ein R\u00e4tsel. Ich best\u00fcckte beide Ruten mit einem 360\u00b0 Rig und einem 16mm Pop-up. Diese Variante zu fischen war mein Favorit.<\/p>\n<p>Sp\u00e4ter lief ich um den See und stellte mich an verschiedenen Pl\u00e4tzen auf B\u00e4ume. Die eine h\u00e4lfte des Sees war mit Kraut und Wasserpflanzen umgeben, lediglich zwei gro\u00dfe L\u00f6cher die Krautfrei scheinen fielen auf. Diese befischte ich die Sessions davor so gut wie jedes Mal. Diesmal dachte ich mir, dass es anders laufen muss. Ich schnappte mir eine Rute best\u00fcckt mit einem Blei und fing an um den See herum den Grund abzutasten. Dies war m\u00f6glich da keine anderen Angler zu sehen waren. Hannah und ich sind im Grunde auch fast die einzigsten Karpfenangler an diesem Gew\u00e4sser. Wir befischten immer die obere h\u00e4lfte des Sees, denn sie erscheint uns um einiges Attraktiver und Erfolgsversprechender. In der unteren h\u00e4lfte gab es keine Krautfelder, kaum Schilf, keine \u00fcberh\u00e4ngenden B\u00fcsche, nichts&#8230; Doch genau auf der unteren h\u00e4lfte entdeckte ich fast in der Mitte des Sees eine lange Kante.<\/p>\n<p>Trotz der Kante die sich f\u00fcr mich als guten Spot darstellte lie\u00df ich die kommende Nacht anbrechen. Doch wie erwartet, es lief nichts. <img loading=\"lazy\" class=\"aligncenter size-full wp-image-165\" title=\"16968224\" src=\"http:\/\/www.rg-fishfeed.de\/blog\/wp-content\/uploads\/2011\/12\/16968224.jpg\" alt=\"\" width=\"393\" height=\"450\" srcset=\"https:\/\/blog.rg-fishfeed.de\/wp-content\/uploads\/2011\/12\/16968224.jpg 393w, https:\/\/blog.rg-fishfeed.de\/wp-content\/uploads\/2011\/12\/16968224-262x300.jpg 262w\" sizes=\"(max-width: 393px) 100vw, 393px\" \/>Ich konnte gem\u00fctlich ausschlafen und ging erst einmal Fr\u00fchst\u00fccken. Sp\u00e4ter machte ich mir einen genauen Plan, der hie\u00df: Tackle abbauen und auf der unteren h\u00e4lfte des Sees wieder aufbauen. Hannah war sofort bei diesem Plan dabei und gemeinsam traten wir den Weg auf die anderen h\u00e4lfte an.<\/p>\n<p>Meine Ruten waren wieder mit meinem Lieblingsrig und meinen Lieblingsk\u00f6dern scharf gestellt. Ich visierte meinen Spot an und legte die Ruten dort ab. In der Nacht, dann das unfassbare\u2026 Mein Bissanzeiger kreischte los und Schnur wurde von meiner Rolle genommen. Ich konnte mich dann \u00fcber einen 11,2 Kg Spiegler freuen \uf04a Dieser Fisch war etwas ganz besonderes f\u00fcr mich. Erstens war er der erste Karpfen f\u00fcr mich aus diesem Gew\u00e4sser und zweitens mein Plan funktionierte und ich dachte ich bin dem R\u00e4tsel\u00a0 etwas weiter auf die Spr\u00fcnge gekommen. Hannah hatte auch einen Run, doch verlor diesen Fisch leider.<\/p>\n<p>Am n\u00e4chsten Morgen konnten wir es kaum glauben und freuten uns wie Honigkuchenpferde. Mein in der Nacht gefangener Fisch wurde abgelichtet und wieder zur\u00fcck in sein Element gesetzt.<\/p>\n<p>Die n\u00e4chsten Male gingen wir Zielstrebig wieder in die untere h\u00e4lfte und befischten dieselben Stellen, doch wie es das Schicksal so wollte\u2026 Kein Fisch, Kein Piepsen, Kein Erfolg.<\/p>\n<p>Das R\u00e4tsel geht weiter\u2026 Mal sehen wann ich es endlich l\u00f6sen kann.<\/p>\n","protected":false},"excerpt":{"rendered":"<p>Ich Liebe es wenn ein Plan funktioniert \u2013 oder auch nicht ?Eine lange anstrengende Woche neigte sich dem Ende zu \u2013 Endlich war es Freitagnachmittag und das hie\u00df, so gut wie jede Woche: schnell nachhause kommen und packen. Ich packte &hellip; <a href=\"https:\/\/blog.rg-fishfeed.de\/?page_id=162\">Weiterlesen <span class=\"meta-nav\">&rarr;<\/span><\/a><\/p>\n","protected":false},"author":1,"featured_media":0,"parent":67,"menu_order":0,"comment_status":"open","ping_status":"open","template":"","meta":[],"_links":{"self":[{"href":"https:\/\/blog.rg-fishfeed.de\/index.php?rest_route=\/wp\/v2\/pages\/162"}],"collection":[{"href":"https:\/\/blog.rg-fishfeed.de\/index.php?rest_route=\/wp\/v2\/pages"}],"about":[{"href":"https:\/\/blog.rg-fishfeed.de\/index.php?rest_route=\/wp\/v2\/types\/page"}],"author":[{"embeddable":true,"href":"https:\/\/blog.rg-fishfeed.de\/index.php?rest_route=\/wp\/v2\/users\/1"}],"replies":[{"embeddable":true,"href":"https:\/\/blog.rg-fishfeed.de\/index.php?rest_route=%2Fwp%2Fv2%2Fcomments&post=162"}],"version-history":[{"count":1,"href":"https:\/\/blog.rg-fishfeed.de\/index.php?rest_route=\/wp\/v2\/pages\/162\/revisions"}],"predecessor-version":[{"id":166,"href":"https:\/\/blog.rg-fishfeed.de\/index.php?rest_route=\/wp\/v2\/pages\/162\/revisions\/166"}],"up":[{"embeddable":true,"href":"https:\/\/blog.rg-fishfeed.de\/index.php?rest_route=\/wp\/v2\/pages\/67"}],"wp:attachment":[{"href":"https:\/\/blog.rg-fishfeed.de\/index.php?rest_route=%2Fwp%2Fv2%2Fmedia&parent=162"}],"curies":[{"name":"wp","href":"https:\/\/api.w.org\/{rel}","templated":true}]}}