{"id":278,"date":"2011-12-11T20:39:24","date_gmt":"2011-12-11T19:39:24","guid":{"rendered":"http:\/\/www.rg-fishfeed.de\/blog\/?page_id=278"},"modified":"2011-12-11T20:42:45","modified_gmt":"2011-12-11T19:42:45","slug":"vater-und-sohn-26-05","status":"publish","type":"page","link":"https:\/\/blog.rg-fishfeed.de\/?page_id=278","title":{"rendered":"Vater und Sohn 26.05"},"content":{"rendered":"<div align=\"left\">\n<p>Hallo Leute<\/p>\n<p>Nach langer Zeit wollen wir mal wieder einen Live Bericht machen, sitze mit meinem Dad bei uns am See. Dirk hat mich heute so gegen 13 Uhr her gefahren, erst mal gem\u00fctlich Kaffee trinken mit Dad und dann langsam auspacken.<\/p>\n<p>Nat\u00fcrlich ist er schon was l\u00e4nger hier und seine Fangstatistik sch\u00fcchtert mich etwas ein &#8230;&#8230;&#8230;&#8230;.<\/p>\n<p>Kurzer \u00dcberblick 16 Fische mit 46 Pfund hoch :-(,,,,,,,,, was soll i hier noch anrichten.<\/p>\n<p>&nbsp;<\/p>\n<p>Nach dem Kaffee erst mal auspacken und mit Dad alles bereden, dabei entschlie\u00dfe ich mich meine K\u00f6der tief zu legen da er die ganze Zeit zwischen 2 und 4 Meter tiefe fischt. Meine K\u00f6der liegen nun zwischen 5 und 7 Meter, ws soll i sagen der erste Fisch kam direkt nach ca. 20 Minuten, ein kleiner Spiegler auf einen Almighty Popi.<\/p>\n<p>&nbsp;<\/p>\n<p><img loading=\"lazy\" id=\"19502760\" title=\"\" src=\"..\/..\/mediapool\/56\/564928\/resources\/19502760.JPG\" alt=\"\" width=\"600\" height=\"398\" border=\"0\" hspace=\"0\" \/><\/p>\n<p>Sch\u00f6ner Fisch, aber wieder direkt gegen den Wind rudern macht gar nicht so viel Spass &#8230;&#8230;..<\/p>\n<p>Melde mich dann sp\u00e4ter wieder.<\/p>\n<p>&nbsp;<\/p>\n<p>23:00 Uhr<\/p>\n<p>Haben jetzt was gegrillt und gegessen, was ein Tag bis jetzt, es liegen 6 Ruten auf unsern Spots, nur eine l\u00e4uft, in 7,5 Meter Tiefe nach dem ersten Fisch kommen noch drei weitere und der Traum kommt als letzter 24,8 Kg unfassbar in den ersten 5 Stunden 5 Fische alle auf die Rute mit dem Almighty Popi&#8230;&#8230;<\/p>\n<p>&nbsp;<\/p>\n<p>Nun schaut euch die sch\u00f6nen Fotos an&#8230;.<\/p>\n<p>&nbsp;<\/p>\n<p>&nbsp;<\/p>\n<p>&nbsp;<\/p>\n<p><img loading=\"lazy\" id=\"19509112\" title=\"\" src=\"..\/..\/mediapool\/56\/564928\/resources\/19509112.JPG\" alt=\"\" width=\"600\" height=\"398\" border=\"0\" hspace=\"0\" \/><\/p>\n<p>&nbsp;<\/p>\n<p><img loading=\"lazy\" id=\"19509184\" title=\"\" src=\"..\/..\/mediapool\/56\/564928\/resources\/19509184.JPG\" alt=\"\" width=\"600\" height=\"398\" border=\"0\" hspace=\"0\" \/><\/p>\n<p>&nbsp;<\/p>\n<p><img loading=\"lazy\" id=\"19509205\" title=\"\" src=\"..\/..\/mediapool\/56\/564928\/resources\/19509205.JPG\" alt=\"\" width=\"600\" height=\"398\" border=\"0\" hspace=\"0\" \/><\/p>\n<p>Danach mit meinem Dad diskutiert das i keinen Bock mehr habe die Latte rauszurudern, denn es st\u00fcrmt wirklich \u00fcbel.<\/p>\n<p>Nach langer Diskussion, ok i fahr sie r\u00fcber aber ohne Futter, da hat der 6er R&amp;G Light One Haken mit einem 18ner Almighty Popi zugeschlagen&#8230;&#8230;&#8230;..<\/p>\n<p>&nbsp;<\/p>\n<p><img loading=\"lazy\" id=\"19509275\" title=\"\" src=\"..\/..\/mediapool\/56\/564928\/resources\/19509275.JPG\" alt=\"\" width=\"600\" height=\"398\" border=\"0\" hspace=\"0\" \/><\/p>\n<p>24,8 wundersch\u00f6ne Kilos \ud83d\ude42<\/p>\n<p>Nun geh i beruhigt schlafen, wie soll ein Nachmittag sch\u00f6ner enden&#8230;&#8230;<\/p>\n<p>Bis Morgen Leute meldet euch wenn Ihr was wissen m\u00f6chtet.<\/p>\n<p>&nbsp;<\/p>\n<p>&nbsp;<\/p>\n<p>&nbsp;<\/p>\n<p>&nbsp;<\/p>\n<p>&nbsp;<\/p>\n<p>&nbsp;<\/p>\n<p>Freitag \u00a013:00 Uhr<\/p>\n<p>Leider macht das schlechte Wetter dem Internet Stick zu schaffen, bekomme keine Fotos hochgeladen und hoffe das ich diese Nachricht wenigstens durch bekomme!<\/p>\n<p>Bis jetzt habe ich 15 Fische dadurch das ich die zweite Rute auch auf nen Almighty Popi umgebaut habe l\u00e4uft diese auch&#8230;&#8230;&#8230;<\/p>\n<p>Nun bin ich nur noch beim rudern \ud83d\ude09<\/p>\n<p>&nbsp;<\/p>\n<p>&nbsp;<\/p>\n<p>Samstag \u00a018:20 Uhr<\/p>\n<p>&nbsp;<\/p>\n<p>Leider ist die Internetverbindung nicht stark genug um Fotos hochzuladen, muss euch diese sp\u00e4ter nachreichen. Habe Nachts die Ruten gar nicht mehr rausgefahren da die Fische laufen ohne Ende. Nur auf zwei Ruten, Auf meiner dritten und auf alle drei meines Dad geht gar nichts sehr sehr seltsam, habe jetzt 27 Fische davon zwei hohe 40+ dazu einen hohen 40+ kurz vorm Kescher verloren.<\/p>\n<p>Alle zwischen 7 und 7,5 Meter tiefe, obwohl man die Fische im Mittelwasser und an der Oberfl\u00e4che sieht beissen sie nur Tief!<\/p>\n<p>Jetzt geht seid 16 Uhr nichts mehr \ud83d\ude41<\/p>\n<p>Warten wir mal ab was noch kommt, werde die letzte Nacht auf jeden Fall noch mal alles geben, freut euch auf die Bilder, werde Sie Sonntag Abend zu Hause hochladen.<\/p>\n<p>&nbsp;<\/p>\n<p><img loading=\"lazy\" id=\"19585120\" title=\"\" src=\"http:\/\/www.livepages.de\/mediapool\/56\/564928\/resources\/19585120.JPG\" alt=\"\" width=\"600\" height=\"398\" border=\"0\" hspace=\"0\" \/><\/p>\n<p><img loading=\"lazy\" id=\"19585133\" title=\"\" src=\"..\/..\/mediapool\/56\/564928\/resources\/19585133.JPG\" alt=\"\" width=\"600\" height=\"398\" border=\"0\" hspace=\"0\" \/><img loading=\"lazy\" id=\"19585138\" title=\"\" src=\"http:\/\/www.livepages.de\/mediapool\/56\/564928\/resources\/19585138.JPG\" alt=\"\" width=\"600\" height=\"398\" border=\"0\" hspace=\"0\" \/><img loading=\"lazy\" id=\"19585143\" title=\"\" src=\"http:\/\/www.livepages.de\/mediapool\/56\/564928\/resources\/19585143.JPG\" alt=\"\" width=\"600\" height=\"398\" border=\"0\" hspace=\"0\" \/><\/p>\n<p><img loading=\"lazy\" id=\"19585149\" title=\"\" src=\"http:\/\/www.livepages.de\/mediapool\/56\/564928\/resources\/19585149.JPG\" alt=\"\" width=\"600\" height=\"398\" border=\"0\" hspace=\"0\" \/><\/p>\n<p>So unterschiedlich k\u00f6nnen sich 19 kg verteilen oben 102cm mit 19 kg unten kurz und dick mit 19 kg<\/p>\n<p><img loading=\"lazy\" id=\"19585164\" title=\"\" src=\"..\/..\/mediapool\/56\/564928\/resources\/19585164.JPG\" alt=\"\" width=\"600\" height=\"398\" border=\"0\" hspace=\"0\" \/><\/p>\n<p>&nbsp;<\/p>\n<p><img loading=\"lazy\" id=\"19585181\" title=\"\" src=\"http:\/\/www.livepages.de\/mediapool\/56\/564928\/resources\/19585181.JPG\" alt=\"\" width=\"600\" height=\"398\" border=\"0\" hspace=\"0\" \/><img loading=\"lazy\" id=\"19585188\" title=\"\" src=\"http:\/\/www.livepages.de\/mediapool\/56\/564928\/resources\/19585188.JPG\" alt=\"\" width=\"600\" height=\"398\" border=\"0\" hspace=\"0\" \/><\/p>\n<p>&nbsp;<\/p>\n<p><img loading=\"lazy\" id=\"19585200\" title=\"\" src=\"..\/..\/mediapool\/56\/564928\/resources\/19585200.JPG\" alt=\"\" width=\"600\" height=\"398\" border=\"0\" hspace=\"0\" \/><\/p>\n<p>&nbsp;<\/p>\n<p><img loading=\"lazy\" id=\"19585212\" title=\"\" src=\"..\/..\/mediapool\/56\/564928\/resources\/19585212.JPG\" alt=\"\" width=\"600\" height=\"398\" border=\"0\" hspace=\"0\" \/><\/p>\n<p>&nbsp;<\/p>\n<p><img loading=\"lazy\" id=\"19585220\" title=\"\" src=\"..\/..\/mediapool\/56\/564928\/resources\/19585220.JPG\" alt=\"\" width=\"600\" height=\"398\" border=\"0\" hspace=\"0\" \/><\/p>\n<p>Nat\u00fcrlich bei der Menge an Bissen durft der Besuch auch drillen \ud83d\ude42<\/p>\n<p><img loading=\"lazy\" id=\"19585231\" title=\"\" src=\"..\/..\/mediapool\/56\/564928\/resources\/19585231.JPG\" alt=\"\" width=\"600\" height=\"398\" border=\"0\" hspace=\"0\" \/><\/p>\n<p>Da l\u00e4cheln alle nach nem Kaffe und dem Drill gl\u00fccklich&#8230;&#8230;&#8230;..<\/p>\n<p><img loading=\"lazy\" id=\"19585227\" title=\"\" src=\"..\/..\/mediapool\/56\/564928\/resources\/19585227.JPG\" alt=\"\" width=\"600\" height=\"398\" border=\"0\" hspace=\"0\" \/><\/p>\n<p>Fazit nach 43 Fischen in 4 Tagen, total Happy aber M\u00dc\u00dc\u00dc\u00dcDDDDDEEEEEEE und auf rudern hab i zur Zeit keine Lust mehr \ud83d\ude42<\/p>\n<\/div>\n","protected":false},"excerpt":{"rendered":"<p>Hallo Leute Nach langer Zeit wollen wir mal wieder einen Live Bericht machen, sitze mit meinem Dad bei uns am See. Dirk hat mich heute so gegen 13 Uhr her gefahren, erst mal gem\u00fctlich Kaffee trinken mit Dad und dann &hellip; <a href=\"https:\/\/blog.rg-fishfeed.de\/?page_id=278\">Weiterlesen <span class=\"meta-nav\">&rarr;<\/span><\/a><\/p>\n","protected":false},"author":1,"featured_media":0,"parent":280,"menu_order":0,"comment_status":"open","ping_status":"open","template":"","meta":[],"_links":{"self":[{"href":"https:\/\/blog.rg-fishfeed.de\/index.php?rest_route=\/wp\/v2\/pages\/278"}],"collection":[{"href":"https:\/\/blog.rg-fishfeed.de\/index.php?rest_route=\/wp\/v2\/pages"}],"about":[{"href":"https:\/\/blog.rg-fishfeed.de\/index.php?rest_route=\/wp\/v2\/types\/page"}],"author":[{"embeddable":true,"href":"https:\/\/blog.rg-fishfeed.de\/index.php?rest_route=\/wp\/v2\/users\/1"}],"replies":[{"embeddable":true,"href":"https:\/\/blog.rg-fishfeed.de\/index.php?rest_route=%2Fwp%2Fv2%2Fcomments&post=278"}],"version-history":[{"count":3,"href":"https:\/\/blog.rg-fishfeed.de\/index.php?rest_route=\/wp\/v2\/pages\/278\/revisions"}],"predecessor-version":[{"id":284,"href":"https:\/\/blog.rg-fishfeed.de\/index.php?rest_route=\/wp\/v2\/pages\/278\/revisions\/284"}],"up":[{"embeddable":true,"href":"https:\/\/blog.rg-fishfeed.de\/index.php?rest_route=\/wp\/v2\/pages\/280"}],"wp:attachment":[{"href":"https:\/\/blog.rg-fishfeed.de\/index.php?rest_route=%2Fwp%2Fv2%2Fmedia&parent=278"}],"curies":[{"name":"wp","href":"https:\/\/api.w.org\/{rel}","templated":true}]}}