{"id":285,"date":"2011-12-11T20:44:42","date_gmt":"2011-12-11T19:44:42","guid":{"rendered":"http:\/\/www.rg-fishfeed.de\/blog\/?page_id=285"},"modified":"2011-12-11T20:44:42","modified_gmt":"2011-12-11T19:44:42","slug":"holger-und-heiner-05-08","status":"publish","type":"page","link":"https:\/\/blog.rg-fishfeed.de\/?page_id=285","title":{"rendered":"Holger und Heiner 05.08"},"content":{"rendered":"<p>Heinz und Holger on Tour,<\/p>\n<p>&nbsp;<\/p>\n<p>nach 7 St\u00fcndiger Fahrt und 600km bin ich endlich an einen wundersch\u00f6nen See in der n\u00e4he von D\u00fcsseldorf angekommen.\u00a0 Den Heinz hab ich\u00a0unterwegs schnell eingeladen und die Eink\u00e4ufe erledigt. Leider mu\u00df ich Euch gestehen das es am Donnerstag den 5.08.10 war und wir es leider nicht geschafft haben bis heute ein Update zu machen da wir auf Grund des Wetters keine Internetverbindung bekommen haben. Das Fischen lief bis jetzt einfach unglaublich!! Ein Teil des Ergebnisses seht Ihr auf den Bildern, morgen dazu mehr! Bis jetzt 31 wundersch\u00f6ne Fische bis zu 44,4 Pfund!<\/p>\n<p><img loading=\"lazy\" id=\"15233997\" title=\"\" src=\"..\/..\/mediapool\/56\/564928\/resources\/15233997.jpg\" alt=\"\" width=\"160\" height=\"114\" border=\"0\" hspace=\"0\" \/>\u00a0\u00a0\u00a0\u00a0\u00a0\u00a0\u00a0\u00a0\u00a0\u00a0 <img loading=\"lazy\" id=\"15234003\" title=\"\" src=\"..\/..\/mediapool\/56\/564928\/resources\/15234003.jpg\" alt=\"\" width=\"314\" height=\"205\" border=\"0\" hspace=\"0\" \/><\/p>\n<p><img loading=\"lazy\" id=\"15234014\" title=\"\" src=\"..\/..\/mediapool\/56\/564928\/resources\/15234014.jpg\" alt=\"\" width=\"448\" height=\"292\" border=\"0\" hspace=\"0\" \/><\/p>\n<p>&nbsp;<\/p>\n<p>Koimischling mit 13,8 Kilo<\/p>\n<p>&nbsp;<\/p>\n<p><img loading=\"lazy\" id=\"15234024\" title=\"\" src=\"..\/..\/mediapool\/56\/564928\/resources\/15234024.jpg\" alt=\"\" width=\"448\" height=\"332\" border=\"0\" hspace=\"0\" \/><\/p>\n<p>&nbsp;<\/p>\n<p><img loading=\"lazy\" id=\"15234044\" title=\"\" src=\"..\/..\/mediapool\/56\/564928\/resources\/15234044.jpg\" alt=\"\" width=\"448\" height=\"305\" border=\"0\" hspace=\"0\" \/><\/p>\n<p>&nbsp;<\/p>\n<p><img loading=\"lazy\" id=\"15234049\" title=\"\" src=\"..\/..\/mediapool\/56\/564928\/resources\/15234049.jpg\" alt=\"\" width=\"440\" height=\"336\" border=\"0\" hspace=\"0\" \/><\/p>\n<p>&nbsp;<\/p>\n<p><img loading=\"lazy\" id=\"15234071\" title=\"\" src=\"..\/..\/mediapool\/56\/564928\/resources\/15234071.jpg\" alt=\"\" width=\"448\" height=\"290\" border=\"0\" hspace=\"0\" \/><\/p>\n<p>&nbsp;<\/p>\n<p><img loading=\"lazy\" id=\"15234089\" title=\"\" src=\"..\/..\/mediapool\/56\/564928\/resources\/15234089.jpg\" alt=\"\" width=\"448\" height=\"278\" border=\"0\" hspace=\"0\" \/><\/p>\n<p>&nbsp;<\/p>\n<p><img loading=\"lazy\" id=\"15234097\" title=\"\" src=\"..\/..\/mediapool\/56\/564928\/resources\/15234097.jpg\" alt=\"\" width=\"448\" height=\"298\" border=\"0\" hspace=\"0\" \/><\/p>\n<p>Auch ein besonderes Exemplar, ein Paukenfrosch mit 14 Kilo<\/p>\n<p>&nbsp;<\/p>\n<p><img loading=\"lazy\" id=\"15234116\" title=\"\" src=\"..\/..\/mediapool\/56\/564928\/resources\/15234116.jpg\" alt=\"\" width=\"448\" height=\"336\" border=\"0\" hspace=\"0\" \/><\/p>\n<p>&nbsp;<\/p>\n<p>Sch\u00f6ner Two Tone mit 13,8 Kilo<\/p>\n<p>&nbsp;<\/p>\n<p><img loading=\"lazy\" id=\"15234121\" title=\"\" src=\"..\/..\/mediapool\/56\/564928\/resources\/15234121.jpg\" alt=\"\" width=\"448\" height=\"336\" border=\"0\" hspace=\"0\" \/><\/p>\n<p>&nbsp;<\/p>\n<p>Fynn mit einer sch\u00f6nen Schleie<\/p>\n<p>&nbsp;<\/p>\n<p><img loading=\"lazy\" id=\"15234124\" title=\"\" src=\"..\/..\/mediapool\/56\/564928\/resources\/15234124.jpg\" alt=\"\" width=\"448\" height=\"305\" border=\"0\" hspace=\"0\" \/><\/p>\n<p>&nbsp;<\/p>\n<p><img loading=\"lazy\" id=\"15234127\" title=\"\" src=\"..\/..\/mediapool\/56\/564928\/resources\/15234127.jpg\" alt=\"\" width=\"448\" height=\"328\" border=\"0\" hspace=\"0\" \/><\/p>\n<p><img loading=\"lazy\" id=\"15234137\" title=\"\" src=\"..\/..\/mediapool\/56\/564928\/resources\/15234137.jpg\" alt=\"\" width=\"448\" height=\"334\" border=\"0\" hspace=\"0\" \/><\/p>\n<p>Toller Schuppenfisch mit 22,2 Kilo<\/p>\n<p><img loading=\"lazy\" id=\"15234143\" title=\"\" src=\"..\/..\/mediapool\/56\/564928\/resources\/15234143.jpg\" alt=\"\" width=\"448\" height=\"302\" border=\"0\" hspace=\"0\" \/><\/p>\n<p>&nbsp;<\/p>\n<p>Morgen folgen noch mehr Bilder und Montagen, wenn ihr fragen habt im Forum gibt es eine Sparte f\u00fcr euch.<\/p>\n<p>&nbsp;<\/p>\n<p><img loading=\"lazy\" id=\"15246680\" title=\"\" src=\"..\/..\/mediapool\/56\/564928\/resources\/15246680.jpg\" alt=\"\" width=\"448\" height=\"300\" border=\"0\" hspace=\"0\" \/><\/p>\n<p>&nbsp;<\/p>\n<p><img loading=\"lazy\" id=\"15246685\" title=\"\" src=\"..\/..\/mediapool\/56\/564928\/resources\/15246685.jpg\" alt=\"\" width=\"448\" height=\"309\" border=\"0\" hspace=\"0\" \/><\/p>\n<p>&nbsp;<\/p>\n<p><img loading=\"lazy\" id=\"15246687\" title=\"\" src=\"..\/..\/mediapool\/56\/564928\/resources\/15246687.jpg\" alt=\"\" width=\"448\" height=\"329\" border=\"0\" hspace=\"0\" \/><\/p>\n<p>&nbsp;<\/p>\n<p>Der Heinz mit einen 15,6 Kilo Spiegler<\/p>\n<p><img loading=\"lazy\" id=\"15246697\" title=\"\" src=\"..\/..\/mediapool\/56\/564928\/resources\/15246697.jpg\" alt=\"\" width=\"448\" height=\"299\" border=\"0\" hspace=\"0\" \/><\/p>\n<p>&nbsp;<\/p>\n<p><img loading=\"lazy\" id=\"15246709\" title=\"\" src=\"..\/..\/mediapool\/56\/564928\/resources\/15246709.jpg\" alt=\"\" width=\"448\" height=\"323\" border=\"0\" hspace=\"0\" \/><\/p>\n<p>&nbsp;<\/p>\n<p><img loading=\"lazy\" id=\"15246712\" title=\"\" src=\"..\/..\/mediapool\/56\/564928\/resources\/15246712.jpg\" alt=\"\" width=\"448\" height=\"336\" border=\"0\" hspace=\"0\" \/><\/p>\n<p>Manchmal sind die Jungs hier auch b\u00f6se!<\/p>\n<p><img loading=\"lazy\" id=\"15246719\" title=\"\" src=\"..\/..\/mediapool\/56\/564928\/resources\/15246719.jpg\" alt=\"\" width=\"448\" height=\"336\" border=\"0\" hspace=\"0\" \/><\/p>\n<p>&nbsp;<\/p>\n<p><img loading=\"lazy\" id=\"15246724\" title=\"\" src=\"..\/..\/mediapool\/56\/564928\/resources\/15246724.jpg\" alt=\"\" width=\"448\" height=\"290\" border=\"0\" hspace=\"0\" \/><\/p>\n<p>&nbsp;<\/p>\n<p><img loading=\"lazy\" id=\"15246735\" title=\"\" src=\"..\/..\/mediapool\/56\/564928\/resources\/15246735.jpg\" alt=\"\" width=\"448\" height=\"285\" border=\"0\" hspace=\"0\" \/><\/p>\n<p>Ich hab sie alle lieb!<\/p>\n<p><img loading=\"lazy\" id=\"15246736\" title=\"\" src=\"..\/..\/mediapool\/56\/564928\/resources\/15246736.jpg\" alt=\"\" width=\"448\" height=\"336\" border=\"0\" hspace=\"0\" \/><\/p>\n<p>Der Malte mit seinem PB von 2009\/2010<\/p>\n<p>Toller Spiegler mit 8,2 Kilo<\/p>\n<p>Seht Ihr wie Happy er ist!<\/p>\n<p><img loading=\"lazy\" id=\"15246738\" title=\"\" src=\"..\/..\/mediapool\/56\/564928\/resources\/15246738.jpg\" alt=\"\" width=\"448\" height=\"276\" border=\"0\" hspace=\"0\" \/><\/p>\n<p>&nbsp;<\/p>\n<p><img loading=\"lazy\" id=\"15246743\" title=\"\" src=\"..\/..\/mediapool\/56\/564928\/resources\/15246743.jpg\" alt=\"\" width=\"448\" height=\"336\" border=\"0\" hspace=\"0\" \/><\/p>\n<p>&nbsp;<\/p>\n<p><img loading=\"lazy\" id=\"15246759\" title=\"\" src=\"..\/..\/mediapool\/56\/564928\/resources\/15246759.jpg\" alt=\"\" width=\"448\" height=\"292\" border=\"0\" hspace=\"0\" \/><\/p>\n<p>&nbsp;<\/p>\n<p><img loading=\"lazy\" id=\"15246766\" title=\"\" src=\"..\/..\/mediapool\/56\/564928\/resources\/15246766.jpg\" alt=\"\" width=\"448\" height=\"336\" border=\"0\" hspace=\"0\" \/><\/p>\n<p>&nbsp;<\/p>\n<p><img loading=\"lazy\" id=\"15246769\" title=\"\" src=\"..\/..\/mediapool\/56\/564928\/resources\/15246769.jpg\" alt=\"\" width=\"448\" height=\"297\" border=\"0\" hspace=\"0\" \/><\/p>\n<p>&nbsp;<\/p>\n<p><img loading=\"lazy\" id=\"15246772\" title=\"\" src=\"..\/..\/mediapool\/56\/564928\/resources\/15246772.jpg\" alt=\"\" width=\"448\" height=\"326\" border=\"0\" hspace=\"0\" \/><\/p>\n<p>Ein weiterer 30+ Spiegler<\/p>\n<p>&nbsp;<\/p>\n<p><img loading=\"lazy\" id=\"15246774\" title=\"\" src=\"..\/..\/mediapool\/56\/564928\/resources\/15246774.jpg\" alt=\"\" width=\"448\" height=\"302\" border=\"0\" hspace=\"0\" \/><\/p>\n<p>&nbsp;<\/p>\n<p><img loading=\"lazy\" id=\"15246862\" title=\"\" src=\"..\/..\/mediapool\/56\/564928\/resources\/15246862.jpg\" alt=\"\" width=\"448\" height=\"307\" border=\"0\" hspace=\"0\" \/><\/p>\n<p>&nbsp;<\/p>\n<p><img loading=\"lazy\" id=\"15246874\" title=\"\" src=\"..\/..\/mediapool\/56\/564928\/resources\/15246874.jpg\" alt=\"\" width=\"448\" height=\"322\" border=\"0\" hspace=\"0\" \/><\/p>\n<p>&nbsp;<\/p>\n<p><img loading=\"lazy\" id=\"15246884\" title=\"\" src=\"..\/..\/mediapool\/56\/564928\/resources\/15246884.jpg\" alt=\"\" width=\"448\" height=\"279\" border=\"0\" hspace=\"0\" \/><\/p>\n<p>&nbsp;<\/p>\n<p>Montag, 09 August 2010, 18 Uhr<\/p>\n<p>&nbsp;<\/p>\n<p>Die Stimmung ist nat\u00fcrlich weiterhin Super, in der Nacht hatten wir das Gl\u00fcck einen Spiegler in die Maschen unseres Kesches f\u00fchren zu d\u00fcrfen. In der Regel sind hier Bisse in der Nacht eher eine Seltenheit. Ab den Morgenstunden konnten wir 4 weitere Fische und eine Schleie \u00fcberlisten.\u00a0Zwei Ruten sind mit Heinz\u00a0seiner ber\u00fchmten Monstermontage best\u00fcckt\u00a0und mit den\u00a0anderen 4 Ruten experimentieren wir zwischen Single und\u00a0\u00a0Schneemann in Tiefen zwischen 0,5m &#8211; 7m.\u00a0Heute sind auch die neuen\u00a0Dips eingetroffen. Die Experimentierphase ist vorbei und schon bald k\u00f6nnt Ihr\u00a0von jeder Boiliesorte den\u00a0passenden Dip erhalten.<\/p>\n<p>Heute Abend kommen die weiteren Bilder in einem Update.<\/p>\n<p>Also bis nachher<\/p>\n<p>Holger<\/p>\n<p>Montag, 09 August 2010, 23 Uhr<\/p>\n<p>&nbsp;<\/p>\n<p><img loading=\"lazy\" id=\"15252774\" title=\"\" src=\"..\/..\/mediapool\/56\/564928\/resources\/15252774.jpg\" alt=\"\" width=\"448\" height=\"316\" border=\"0\" hspace=\"0\" \/><\/p>\n<p>&nbsp;<\/p>\n<p><img loading=\"lazy\" id=\"15252780\" title=\"\" src=\"..\/..\/mediapool\/56\/564928\/resources\/15252780.jpg\" alt=\"\" width=\"448\" height=\"310\" border=\"0\" hspace=\"0\" \/><\/p>\n<p>&nbsp;<\/p>\n<p><img loading=\"lazy\" id=\"15252783\" title=\"\" src=\"..\/..\/mediapool\/56\/564928\/resources\/15252783.jpg\" alt=\"\" width=\"448\" height=\"336\" border=\"0\" hspace=\"0\" \/><\/p>\n<p><img loading=\"lazy\" id=\"15252788\" title=\"\" src=\"..\/..\/mediapool\/56\/564928\/resources\/15252788.jpg\" alt=\"\" width=\"448\" height=\"336\" border=\"0\" hspace=\"0\" \/><\/p>\n<p>Zwei von\u00a0unseren Erfolgsmontagen<\/p>\n<p>&nbsp;<\/p>\n<p><img loading=\"lazy\" id=\"15252790\" title=\"\" src=\"..\/..\/mediapool\/56\/564928\/resources\/15252790.jpg\" alt=\"\" width=\"448\" height=\"315\" border=\"0\" hspace=\"0\" \/><\/p>\n<p>Ist er nicht ein Feiner!<\/p>\n<p><img loading=\"lazy\" id=\"15252797\" title=\"\" src=\"..\/..\/mediapool\/56\/564928\/resources\/15252797.jpg\" alt=\"\" width=\"448\" height=\"291\" border=\"0\" hspace=\"0\" \/><\/p>\n<p>&nbsp;<\/p>\n<p><img loading=\"lazy\" id=\"15252798\" title=\"\" src=\"..\/..\/mediapool\/56\/564928\/resources\/15252798.jpg\" alt=\"\" width=\"448\" height=\"294\" border=\"0\" hspace=\"0\" \/><\/p>\n<p>Wie Ihr seht fangen wir manche Fische schon zum zweiten Mal<\/p>\n<p>Die k\u00f6nnen unsere Murmeln einfach nicht wiederstehen \ud83d\ude09<\/p>\n<p><img loading=\"lazy\" id=\"15252800\" title=\"\" src=\"..\/..\/mediapool\/56\/564928\/resources\/15252800.jpg\" alt=\"\" width=\"448\" height=\"336\" border=\"0\" hspace=\"0\" \/><\/p>\n<p><img loading=\"lazy\" id=\"15252802\" title=\"\" src=\"..\/..\/mediapool\/56\/564928\/resources\/15252802.jpg\" alt=\"\" width=\"448\" height=\"336\" border=\"0\" hspace=\"0\" \/><\/p>\n<p><img loading=\"lazy\" id=\"15252805\" title=\"\" src=\"..\/..\/mediapool\/56\/564928\/resources\/15252805.jpg\" alt=\"\" width=\"448\" height=\"336\" border=\"0\" hspace=\"0\" \/><\/p>\n<p>Armer Heinz, den ganzen Tag nur am Paddeln!<\/p>\n<p><img loading=\"lazy\" id=\"15252809\" title=\"\" src=\"..\/..\/mediapool\/56\/564928\/resources\/15252809.jpg\" alt=\"\" width=\"448\" height=\"275\" border=\"0\" hspace=\"0\" \/><\/p>\n<p>&nbsp;<\/p>\n<p><img loading=\"lazy\" id=\"15252814\" title=\"\" src=\"..\/..\/mediapool\/56\/564928\/resources\/15252814.jpg\" alt=\"\" width=\"448\" height=\"302\" border=\"0\" hspace=\"0\" \/><\/p>\n<p>&nbsp;<\/p>\n<p><img loading=\"lazy\" id=\"15252819\" title=\"\" src=\"..\/..\/mediapool\/56\/564928\/resources\/15252819.jpg\" alt=\"\" width=\"444\" height=\"336\" border=\"0\" hspace=\"0\" \/><\/p>\n<p>&nbsp;<\/p>\n<p>Der Tag verlief wieder mal Super! Insgesamt 9 Fische konnten unsere Murmeln nicht wiederstehen. Wie zu erwarten war, ist seit 21 Uhr\u00a0Ruhe eingekehrt. Aber mal unter uns, normal ist das hier nicht! Ich glaub wir sind zur richtigen Zeit mit dem richtigen K\u00f6der am richtigen Ort. Jetzt gibts noch einen Schlummertrunk und dann gehts ab auf die Liege um Kraft f\u00fcr den Morgigen Tag zu sammeln !<\/p>\n<p>Morgen sind wir nat\u00fcrlich wieder mit Updates f\u00fcr Euch da.<\/p>\n<p>Holger<\/p>\n<p>&nbsp;<\/p>\n<p>10.08.2010\u00a0\u00a0\u00a0\u00a0\u00a0\u00a0 20 Uhr<\/p>\n<p>Waren Heute fr\u00fch Murmeln abpacken und verschicken, dann so gegen 16 Uhr zur\u00fcck an den See, mein Dad hat solange hier auf alles aufgepasst.<\/p>\n<p>Alle Ruten neu gemacht, seid dem geht es hier Schlag auf Schlag, 6 Fische hintereinander. Mit Doppelruns und allem drum und dran. Ich bin nur am rudern und Holger nur am drillen. Ich werde erst drillen wenn Holger seinen 2ten 40+ hat!!!<\/p>\n<p>Nur bei den Doppelruns bin ich ab und an dabei \ud83d\ude42<\/p>\n<p>Werden die Fotos so schnell wie m\u00f6glich nachliefern.<\/p>\n<p>Bis sp\u00e4ter<\/p>\n<p>Heinz<\/p>\n<p>&nbsp;<\/p>\n<p>11.08.2010\u00a0\u00a0\u00a0\u00a0\u00a0\u00a0\u00a0\u00a0 17 Uhr<\/p>\n<p>Wir haben die Nacht zwei Graser und eine Schleie landen k\u00f6nnen.<\/p>\n<p>Heute Nachmittag ging es wieder los, sch\u00f6ne Fische folgen als Fotos.<\/p>\n<p>Hallo Mary, freue mich auf dich!!!!!!!!!!!!!<\/p>\n<p><img loading=\"lazy\" id=\"15272603\" title=\"\" src=\"..\/..\/mediapool\/56\/564928\/resources\/15272603.jpg\" alt=\"\" width=\"448\" height=\"318\" border=\"0\" hspace=\"0\" \/><\/p>\n<p>&nbsp;<\/p>\n<p><img loading=\"lazy\" id=\"15272617\" title=\"\" src=\"..\/..\/mediapool\/56\/564928\/resources\/15272617.jpg\" alt=\"\" width=\"360\" height=\"336\" border=\"0\" hspace=\"0\" \/><\/p>\n<p>Seid froh das es noch kein Geruchsinternet gibt!<\/p>\n<p><img loading=\"lazy\" id=\"15272621\" title=\"\" src=\"..\/..\/mediapool\/56\/564928\/resources\/15272621.jpg\" alt=\"\" width=\"448\" height=\"283\" border=\"0\" hspace=\"0\" \/><\/p>\n<p>Manchmal klappts auch doppelt!<\/p>\n<p><img loading=\"lazy\" id=\"15272623\" title=\"\" src=\"..\/..\/mediapool\/56\/564928\/resources\/15272623.jpg\" alt=\"\" width=\"448\" height=\"276\" border=\"0\" hspace=\"0\" \/><\/p>\n<p>&nbsp;<\/p>\n<p>Mittwoch, 11.08.2010\u00a0\u00a0 19.00 Uhr<\/p>\n<p>Hi,<\/p>\n<p>den ganzen lieben langen Tag brint nur eine Rute Fisch. Diese liegt am Rand und ist nur mit einen 18 mm Almighty Popi\u00a0best\u00fcckt. Bek\u00f6dern wir die anderen\u00a0Ruten mit Popies und fischen auf den alten Pl\u00e4tzen weiter, geht da aber nichts.<\/p>\n<p>Nach bis jetzt 6 Tagen habe wir aber ein hammer Ergebnis abgeliefert und sind gespannt was noch so in den n\u00e4chsten Tagen passiert. Nie h\u00e4tte ich vor diesen Tripp nur davon getr\u00e4umt wie gut wir fangen. Mittlerweile sind wir ein eingespieltes Team und die Abl\u00e4ufe\u00a0im Drill klappen blind.\u00a0Nat\u00fcrlich ist nicht alles perfekt z.B haben wir schon 3 Fische im Drill verloren und einmal hielt die Montage nicht stand.<\/p>\n<p>Am heutigen Tag konnten wir 8 Fische \u00fcberlisten. Darunter 2 Schleien, 2 Graser und 4 Karpfen. Bilder folgen Nat\u00fcrlich!<\/p>\n<p>Gru\u00df und Petri Heil<\/p>\n<p>Holger der Gl\u00fcckliche!<\/p>\n<p>&nbsp;<\/p>\n<p>12.08.2010\u00a0\u00a0\u00a0\u00a0\u00a0\u00a0\u00a0\u00a0\u00a0\u00a0\u00a0\u00a0\u00a0 10 Uhr<\/p>\n<p>Was da gestern passiert ist wird euch Holger sp\u00e4ter selbst berichten!<\/p>\n<p>Schaut euch das Gesicht an, fassungslosigkeit vor dem was da liegt!!!!!!!!!!!!!<\/p>\n<p><img loading=\"lazy\" id=\"15280188\" title=\"\" src=\"..\/..\/mediapool\/56\/564928\/resources\/15280188.jpg\" alt=\"\" width=\"433\" height=\"336\" border=\"0\" hspace=\"0\" \/><\/p>\n<p>Der bet\u00f6rende Anblick<\/p>\n<p><img loading=\"lazy\" id=\"15280193\" title=\"\" src=\"..\/..\/mediapool\/56\/564928\/resources\/15280193.jpg\" alt=\"\" width=\"448\" height=\"336\" border=\"0\" hspace=\"0\" \/><\/p>\n<p>So sch\u00f6n k\u00f6nnen 24 Kg aussehen!<\/p>\n<p><img loading=\"lazy\" id=\"15280203\" title=\"\" src=\"..\/..\/mediapool\/56\/564928\/resources\/15280203.jpg\" alt=\"\" width=\"433\" height=\"336\" border=\"0\" hspace=\"0\" \/><\/p>\n<p><img loading=\"lazy\" id=\"15280266\" title=\"\" src=\"..\/..\/mediapool\/56\/564928\/resources\/15280266.jpg\" alt=\"\" width=\"448\" height=\"314\" border=\"0\" hspace=\"0\" \/><\/p>\n<p><img loading=\"lazy\" id=\"15280276\" title=\"\" src=\"..\/..\/mediapool\/56\/564928\/resources\/15280276.jpg\" alt=\"\" width=\"448\" height=\"336\" border=\"0\" hspace=\"0\" \/><\/p>\n<p>Da m\u00fcssen nat\u00fcrlich noch Wasserbilder gemacht werden.<\/p>\n<p><img loading=\"lazy\" id=\"15280279\" title=\"\" src=\"..\/..\/mediapool\/56\/564928\/resources\/15280279.jpg\" alt=\"\" width=\"325\" height=\"448\" border=\"0\" hspace=\"0\" \/><\/p>\n<p><img loading=\"lazy\" id=\"15280309\" title=\"\" src=\"..\/..\/mediapool\/56\/564928\/resources\/15280309.jpg\" alt=\"\" width=\"448\" height=\"295\" border=\"0\" hspace=\"0\" \/><\/p>\n<p><img loading=\"lazy\" id=\"15280313\" title=\"\" src=\"..\/..\/mediapool\/56\/564928\/resources\/15280313.jpg\" alt=\"\" width=\"448\" height=\"277\" border=\"0\" hspace=\"0\" \/><\/p>\n<p>Einfach ein cooles Bild mit hoher Belichtungszeit<\/p>\n<p><img loading=\"lazy\" id=\"15280315\" title=\"\" src=\"..\/..\/mediapool\/56\/564928\/resources\/15280315.jpg\" alt=\"\" width=\"448\" height=\"285\" border=\"0\" hspace=\"0\" \/><\/p>\n<p>&nbsp;<\/p>\n<p>12.08.2010\u00a0 12 Uhr<\/p>\n<p>&nbsp;<\/p>\n<p>Hi,<\/p>\n<p>ein verkatertes aber \u00fcbergl\u00fcckliches Gef\u00fchl \u00fcberkam mich heut Morgen\u00a0als ich wach wurde. Es war schon bombig was da gestern passierte!<\/p>\n<p>Gerstern Abend beim gr\u00f6\u00dften Wolkenbruch erfolgte der Anbiss, wie soll es auch anders sein. Ich wei\u00df nicht wie er\u00a0es macht aber schon anhand des Pieperger\u00e4usch schrie der Heinz das es ein dicker sein mu\u00df. Anschlag&#8230;.. sitzt&#8230;..H\u00e4nger&#8230;.nein Fisch&#8230;.also ins Boot und los ging der Tanz.\u00a0Zwischendurch\u00a0war ich\u00a0der Meihnung der ist nicht so gro\u00df aber au\u00dfer ein Grinsen bekam ich keine Antwort vom Heinz. Der alte Hase wu\u00dfte genau was\u00a0los ist. Mitten im Drill\u00a0bekam ich dann\u00a0auch noch die Ansage das\u00a0dies die einzige Rute ohne\u00a0Schlagschnurr sei. Na super!<\/p>\n<p>Aber alles lief Klasse und wir konnten den Fisch nach ca.\u00a025\u00a0Minuten sicher Keschern.<\/p>\n<p>Was dann folgte ist jedem klar. Ein Gl\u00e4schen Sekt und dann langsam in die h\u00f6here Kategorie wechseln.<\/p>\n<p>K\u00f6der war \u00fcbrigens ein Kiveling und ein Almeighty als 20mm Sinker an einen 1er Owner Serie C 5.<\/p>\n<p>Im \u00dcbrigen konnten wir w\u00e4hrend ich diese Zeilen schrieb einen weiteren 30+ Spiegler \u00fcberlisten. Mal sehen was der Tag noch so bringt!<\/p>\n<p>Gru\u00df Holger<\/p>\n<p>&nbsp;<\/p>\n<p>12.08.2010\u00a0\u00a0\u00a0\u00a0\u00a0\u00a0\u00a0\u00a0 22 Uhr<\/p>\n<p><img loading=\"lazy\" id=\"15290784\" title=\"\" src=\"..\/..\/mediapool\/56\/564928\/resources\/15290784.jpg\" alt=\"\" width=\"448\" height=\"317\" border=\"0\" hspace=\"0\" \/><\/p>\n<p>&nbsp;<\/p>\n<p><img loading=\"lazy\" id=\"15290790\" title=\"\" src=\"..\/..\/mediapool\/56\/564928\/resources\/15290790.jpg\" alt=\"\" width=\"436\" height=\"336\" border=\"0\" hspace=\"0\" \/><\/p>\n<p>&nbsp;<\/p>\n<p>Hi,<\/p>\n<p>so jetzt dreh ich v\u00f6llig am Rad!<\/p>\n<p>Was geht hier ab ?!?!<\/p>\n<p>Diesmal ist der Onkel Heinz am Drillen und was f\u00fcr ein Fisch!<\/p>\n<p>Gleiche Stelle, gleiches Rig,\u00a0gleiche Zeit\u00a0und gleicher K\u00f6der wie der 48 er Schuppi.<\/p>\n<p>Nach ca. 20 bangen Minuten konnte der Onkel Heinz diesen wundersch\u00f6nen 48 er Spiegler \u00fcberlisten. Mit all seiner Routine konnte er diesen Fisch vom Land aus Drillen.<\/p>\n<p>So jetzt gibts wiedermal einen Gru\u00df aus meiner Heimat mit einer sch\u00f6nen Flasche Rotk\u00e4ppchen und als harmonischen Bouquet ein &#8222;kleines&#8220; Gl\u00e4schen Goldkrone.<\/p>\n<p>Als Zusammenfassung und f\u00fcr die Feunde der Statistik fingen wir bis jetzt am heutigen Tag 7 Fische. Darunter 2 Graser und 5 Spiegler.<\/p>\n<p>Fotos folgen dann Morgen sowie ein Bild der Erfolgsmontage!<\/p>\n<p>&nbsp;<\/p>\n<p>Viele Gr\u00fc\u00dfe Holger<\/p>\n","protected":false},"excerpt":{"rendered":"<p>Heinz und Holger on Tour, &nbsp; nach 7 St\u00fcndiger Fahrt und 600km bin ich endlich an einen wundersch\u00f6nen See in der n\u00e4he von D\u00fcsseldorf angekommen.\u00a0 Den Heinz hab ich\u00a0unterwegs schnell eingeladen und die Eink\u00e4ufe erledigt. Leider mu\u00df ich Euch gestehen &hellip; <a href=\"https:\/\/blog.rg-fishfeed.de\/?page_id=285\">Weiterlesen <span class=\"meta-nav\">&rarr;<\/span><\/a><\/p>\n","protected":false},"author":1,"featured_media":0,"parent":280,"menu_order":0,"comment_status":"open","ping_status":"open","template":"","meta":[],"_links":{"self":[{"href":"https:\/\/blog.rg-fishfeed.de\/index.php?rest_route=\/wp\/v2\/pages\/285"}],"collection":[{"href":"https:\/\/blog.rg-fishfeed.de\/index.php?rest_route=\/wp\/v2\/pages"}],"about":[{"href":"https:\/\/blog.rg-fishfeed.de\/index.php?rest_route=\/wp\/v2\/types\/page"}],"author":[{"embeddable":true,"href":"https:\/\/blog.rg-fishfeed.de\/index.php?rest_route=\/wp\/v2\/users\/1"}],"replies":[{"embeddable":true,"href":"https:\/\/blog.rg-fishfeed.de\/index.php?rest_route=%2Fwp%2Fv2%2Fcomments&post=285"}],"version-history":[{"count":1,"href":"https:\/\/blog.rg-fishfeed.de\/index.php?rest_route=\/wp\/v2\/pages\/285\/revisions"}],"predecessor-version":[{"id":286,"href":"https:\/\/blog.rg-fishfeed.de\/index.php?rest_route=\/wp\/v2\/pages\/285\/revisions\/286"}],"up":[{"embeddable":true,"href":"https:\/\/blog.rg-fishfeed.de\/index.php?rest_route=\/wp\/v2\/pages\/280"}],"wp:attachment":[{"href":"https:\/\/blog.rg-fishfeed.de\/index.php?rest_route=%2Fwp%2Fv2%2Fmedia&parent=285"}],"curies":[{"name":"wp","href":"https:\/\/api.w.org\/{rel}","templated":true}]}}