{"id":289,"date":"2011-12-11T20:46:23","date_gmt":"2011-12-11T19:46:23","guid":{"rendered":"http:\/\/www.rg-fishfeed.de\/blog\/?page_id=289"},"modified":"2011-12-11T20:49:10","modified_gmt":"2011-12-11T19:49:10","slug":"testangler-live","status":"publish","type":"page","link":"https:\/\/blog.rg-fishfeed.de\/?page_id=289","title":{"rendered":"Testangler Live"},"content":{"rendered":"<p>Hallo Leute<\/p>\n<p>Heute geht unser Treffen los, habe den ganzen vormittag Vorbereitungen getroffen, nun werde ich gleich den H\u00e4nger packen und dann geht es los nach T\u00fcchenbroich.<\/p>\n<p>Wir werden von dort aus alle paar Stunden ein Update bringen, wer m\u00f6chte darf gerne mal auf ein Bierchen vorbei kommen.<\/p>\n<p>Habe alle unsere Produkte dabei so das sie jeder mal riechen oder schmecken\u00a0kann \ud83d\ude42<\/p>\n<p>&nbsp;<\/p>\n<p>15.04. 21 Uhr<\/p>\n<p>&nbsp;<\/p>\n<p>Alle sind da und die Ruten liegen auf ihren Spots.<\/p>\n<p>Wir werden den Abend bei Grillfleisch und Bier ausklingen lassen.<\/p>\n<p>Ich hoffe wir k\u00f6nnen morgen fr\u00fch die ersten F\u00e4nge pr\u00e4sentieren.<\/p>\n<p>Gru\u00df Jens<\/p>\n<p>&nbsp;<\/p>\n<p>&nbsp;<\/p>\n<p>!6.04. 8.30 Uhr<\/p>\n<p>http:\/\/www.rg-fishfeed.de\/mediapool\/56\/564928\/videos\/MVI_3079.avi<\/p>\n<p>&nbsp;<\/p>\n<p>Guten Morgen!!! Das Camp erwacht langsam, leider blieb die Nacht ohne Fisch.<\/p>\n<p>Gerade eben h\u00e4tte der Jens den ersten Carp auf die Matte legen k\u00f6nnen doch leider ging der Fisch im Holz verloren. Aber die Stimmung steigt. Bilder folgen in K\u00fcrze!<\/p>\n<p>&nbsp;<\/p>\n<p>Gru\u00df und Petri Heil Holger!<\/p>\n<p>&nbsp;<\/p>\n<p>16.04.\u00a0\u00a0 13:45 Uhr<\/p>\n<p>&nbsp;<\/p>\n<p>Ivan hat nach kurzem Drill einen Graser durch die Ringe\u00a0gedreht \ud83d\ude42<\/p>\n<p>Nun\u00a0haben wir alle die Ruten, an den\u00a0Aktionen waren,\u00a0wieder\u00a0&#8222;scharf&#8220; gemacht und auf ihre Spots gelegt.<\/p>\n<p>Wir hatten einen sch\u00f6nen gemeinsamen\u00a0Abend, mit gemeinsamen grillen und ein wenig Bier!<\/p>\n<p>&nbsp;<\/p>\n<p>16.04\u00a0\u00a0\u00a0\u00a0\u00a0\u00a0\u00a0 21:38 Uhr<\/p>\n<p>&nbsp;<\/p>\n<p>Am Nachmittag konnte Jens nach einem harten Drill eine wundsch\u00f6ne Brasse landen.<\/p>\n<p>Nun werden wir mit Pfefferminz die Z\u00e4hneputzen und danach in unsere Betten huschen.<\/p>\n<p>In diesem Sine w\u00fcnschen wir Frank, bei Heinz im Zelt liegend, eine wundersch\u00f6ne Nacht!!!<\/p>\n<p>&nbsp;<\/p>\n<p>17.04\u00a0\u00a0\u00a0\u00a0\u00a0\u00a0\u00a0\u00a0\u00a0 09:20 Uhr<\/p>\n<p>&nbsp;<\/p>\n<p>Heute Nacht gegen 22:30 Uhr konnte Chris den ersten Spiegler \u00fcberlisten, der Biss kam auf eine Wiener Praline mit einem gelben Fluo Popi.<\/p>\n<p><img loading=\"lazy\" id=\"13807333\" title=\"\" src=\"..\/..\/mediapool\/56\/564928\/resources\/13807333.JPG\" alt=\"\" width=\"600\" height=\"450\" border=\"0\" hspace=\"0\" \/><\/p>\n<p>&nbsp;<\/p>\n<p><img loading=\"lazy\" id=\"13807338\" title=\"\" src=\"..\/..\/mediapool\/56\/564928\/resources\/13807338.jpg\" alt=\"\" width=\"600\" height=\"450\" border=\"0\" hspace=\"0\" \/><\/p>\n<p>&nbsp;<\/p>\n<p><img loading=\"lazy\" id=\"13807340\" title=\"\" src=\"..\/..\/mediapool\/56\/564928\/resources\/13807340.jpg\" alt=\"\" width=\"600\" height=\"450\" border=\"0\" hspace=\"0\" \/><\/p>\n<p>Gestern gegen 22:30 Uhr habe ich eine sehr sch\u00f6nen Spegler gefangen mit 15 Kg, dadurch habe\u00a0ich\u00a0die Rute f\u00fcr den ersten Karpfen gewonnen<\/p>\n<p><img loading=\"lazy\" id=\"13807380\" title=\"\" src=\"..\/..\/mediapool\/56\/564928\/resources\/13807380.jpg\" alt=\"\" width=\"600\" height=\"450\" border=\"0\" hspace=\"0\" \/><\/p>\n<p>lg Chris<\/p>\n<p>&nbsp;<\/p>\n<p>17.04\u00a0 15.30 Uhr<\/p>\n<p>&nbsp;<\/p>\n<p>Wie zu erwarten war kam Tags\u00fcber wiederkeine Aktion.<\/p>\n<p>Alle Hoffnungen liegen in der kommenden und leider schon wieder letzten Nacht.<\/p>\n<p>Trotz der geringen Ausbeute ist die Stimmung hier im Camp super.<\/p>\n<p>Sicherlich ist es hier auch schwierig einen guten Carpie zu \u00fcberlisten da eine Menge Schn\u00fcrre auf engen Raum im Wasser sind. Aber im Vordergrund steht der Spa\u00df und der Austausch untereinander.<\/p>\n<p>&nbsp;<\/p>\n<p>Gru\u00df und Petri Heil<\/p>\n<p>Holger<\/p>\n<p>&nbsp;<\/p>\n<p>17.04 21.0<\/p>\n<p>&nbsp;<\/p>\n<p>Bei einem Spaziergang am See entdeckten wir endlich, nachdem wir gesucht haben,<\/p>\n<p>einige wundersch\u00f6ne Karpfen\u00a0mitten im Schlossgraben.<\/p>\n<p>Mit dem Boot ging es los; als K\u00f6der verwendeten wir\u00a0trockne Br\u00f6tchen und Brot.<\/p>\n<p>Nachdem wir den K\u00f6der auswarfen,\u00a0dauerte es nicht lange und kleine Fische<\/p>\n<p>begannen sich \u00fcber unseren K\u00f6der\u00a0her zu machen.<\/p>\n<p>Doch durch diese kleinen Fische\u00a0verloren wir mehrmals unsere K\u00f6der.<\/p>\n<p>Das letzte St\u00fcck Br\u00f6tchen&#8230;<\/p>\n<p>wieder das selbe Spiel, kleine Fische machten sich erneut dar\u00fcber her.<\/p>\n<p>Demotiviert \u00a0wollten wir den\u00a0blanken Haken reinholen, doch dann der Biss!!!<\/p>\n<p>Nach kurzem Drill konnte Marco\u00a0einen kleinen Spiegler landen. Kurze Fotosession und wieder zur\u00fcck mit dem kleinen.<\/p>\n<p>&nbsp;<\/p>\n<p>&nbsp;<\/p>\n<p><img loading=\"lazy\" id=\"13814727\" title=\"\" src=\"..\/..\/mediapool\/56\/564928\/resources\/13814727.jpg\" alt=\"\" width=\"600\" height=\"450\" border=\"0\" hspace=\"0\" \/><\/p>\n<p>&nbsp;<\/p>\n<p>Gru\u00df Anja<\/p>\n<p>&nbsp;<\/p>\n<p>18.04\u00a0\u00a0\u00a0\u00a0 11:25 Uhr<\/p>\n<p>Nun hatten wir wieder eine ruhige Nacht, leider konnten wir keine Bisse mehr verzeichnen.<\/p>\n<p>Jetzt geht es langsam ans einpacken.<\/p>\n<p>Wir hatten ein wundersch\u00f6nes gemeinsames Wochenende und\u00a0ne menge Spass, Holger und ich werden nun weiterfahren an einen anderen See um dort noch ein paar Tage gemeinsam mit Max zu fischen.<\/p>\n<p>Also wir berichten weiter!!!!!<\/p>\n<p>&nbsp;<\/p>\n<p>Ansonsten sagen Frank und ich DANKE an alle die gekommen sind und w\u00fcnschen eine sch\u00f6ne Heimfahrt.<\/p>\n<p>&nbsp;<\/p>\n<p>Gruppenfoto wird nachgeliefert!<\/p>\n<p>&nbsp;<\/p>\n<p><img loading=\"lazy\" id=\"13879363\" title=\"\" src=\"..\/..\/mediapool\/56\/564928\/resources\/13879363.JPG\" alt=\"\" width=\"600\" height=\"450\" border=\"0\" hspace=\"0\" \/><\/p>\n<p>&nbsp;<\/p>\n<p><img loading=\"lazy\" id=\"13879370\" title=\"\" src=\"..\/..\/mediapool\/56\/564928\/resources\/13879370.JPG\" alt=\"\" width=\"600\" height=\"450\" border=\"0\" hspace=\"0\" \/><\/p>\n<p>Heinz<\/p>\n","protected":false},"excerpt":{"rendered":"<p>Hallo Leute Heute geht unser Treffen los, habe den ganzen vormittag Vorbereitungen getroffen, nun werde ich gleich den H\u00e4nger packen und dann geht es los nach T\u00fcchenbroich. Wir werden von dort aus alle paar Stunden ein Update bringen, wer m\u00f6chte &hellip; <a href=\"https:\/\/blog.rg-fishfeed.de\/?page_id=289\">Weiterlesen <span class=\"meta-nav\">&rarr;<\/span><\/a><\/p>\n","protected":false},"author":1,"featured_media":0,"parent":280,"menu_order":0,"comment_status":"open","ping_status":"open","template":"","meta":[],"_links":{"self":[{"href":"https:\/\/blog.rg-fishfeed.de\/index.php?rest_route=\/wp\/v2\/pages\/289"}],"collection":[{"href":"https:\/\/blog.rg-fishfeed.de\/index.php?rest_route=\/wp\/v2\/pages"}],"about":[{"href":"https:\/\/blog.rg-fishfeed.de\/index.php?rest_route=\/wp\/v2\/types\/page"}],"author":[{"embeddable":true,"href":"https:\/\/blog.rg-fishfeed.de\/index.php?rest_route=\/wp\/v2\/users\/1"}],"replies":[{"embeddable":true,"href":"https:\/\/blog.rg-fishfeed.de\/index.php?rest_route=%2Fwp%2Fv2%2Fcomments&post=289"}],"version-history":[{"count":2,"href":"https:\/\/blog.rg-fishfeed.de\/index.php?rest_route=\/wp\/v2\/pages\/289\/revisions"}],"predecessor-version":[{"id":292,"href":"https:\/\/blog.rg-fishfeed.de\/index.php?rest_route=\/wp\/v2\/pages\/289\/revisions\/292"}],"up":[{"embeddable":true,"href":"https:\/\/blog.rg-fishfeed.de\/index.php?rest_route=\/wp\/v2\/pages\/280"}],"wp:attachment":[{"href":"https:\/\/blog.rg-fishfeed.de\/index.php?rest_route=%2Fwp%2Fv2%2Fmedia&parent=289"}],"curies":[{"name":"wp","href":"https:\/\/api.w.org\/{rel}","templated":true}]}}