{"id":296,"date":"2011-12-11T20:51:05","date_gmt":"2011-12-11T19:51:05","guid":{"rendered":"http:\/\/www.rg-fishfeed.de\/blog\/?page_id=296"},"modified":"2011-12-11T20:51:05","modified_gmt":"2011-12-11T19:51:05","slug":"heinz-am-baggersee","status":"publish","type":"page","link":"https:\/\/blog.rg-fishfeed.de\/?page_id=296","title":{"rendered":"Heinz am Baggersee"},"content":{"rendered":"<p>12.August.2009\u00a0\u00a0\u00a0\u00a0 12 Uhr<\/p>\n<p>&nbsp;<\/p>\n<p>Hallo Leute, wollte ja erst nix schreiben da ich euch nicht wieder was ohne Fische pr\u00e4sentieren wollte \ud83d\ude42<\/p>\n<p>Nun ja ich bin gestern zu einem Baggersee und war gegen 17:30 Uhr fertig mit aufbauen und Ruten auslegen. Dann ging es los 18:35 Uhr\u00a0Graser 102cm, 19 Uhr Graser 94cm, 19:15 Uhr Graser 96cm, 19:35 Uhr Schuppi 14,8\u00a0Kg.<\/p>\n<p>&nbsp;<\/p>\n<p>Die Nacht \u00fcber war einigerma\u00dfen Ruhe dann heute\u00a0Morgen 5:50 Uhr Spiegler\u00a0mit 17 Kg, 7 Uhr Graser 92cm, 7:30 Schuppi 12 Kg, 10:30 Schuppi 21,4 Kg.<\/p>\n<p><img loading=\"lazy\" id=\"10699017\" title=\"\" src=\"..\/..\/mediapool\/56\/564928\/resources\/10699017.JPG\" alt=\"\" width=\"600\" height=\"450\" border=\"0\" hspace=\"0\" \/><\/p>\n<p>Da dachte ich mir ich werde euch doch davon berichten&#8230;&#8230;&#8230;<\/p>\n<p>Ein Foto habe ich, da bei dem Drill mit dem 21,4 Kg grade ein Freund von mir zum Kaffee kam, setze ich sp\u00e4ter rein, ansonsten kann ich euch nur mit Selbstausl\u00f6ser oder Fischen auf der Matte begl\u00fccken, da ich alleine hier bin&#8230;..<\/p>\n<p><img loading=\"lazy\" id=\"10699031\" title=\"\" src=\"..\/..\/mediapool\/56\/564928\/resources\/10699031.JPG\" alt=\"\" width=\"600\" height=\"450\" border=\"0\" hspace=\"0\" \/><\/p>\n<p>Da geht er dahin \ud83d\ude42<\/p>\n<p>&nbsp;<\/p>\n<p>17 Uhr<\/p>\n<p>&nbsp;<\/p>\n<p>Das seltsame ist das egal wo die Ruten liegen, eine am Nord- und eine am S\u00fcdufer, direkt hinter der Kante im Tiefen. Die Bisse kommen fast immer gleichzeitig, das hei\u00dft w\u00e4hrend ich im Drill bin kommt jedesmal auf der anderen Rute auch ein Run.<\/p>\n<p>Das letzte mal waren es wieder zwei Graser, einer mit 102cm und 14 Kg und einer mit 86cm.<\/p>\n<p>Bekomme zur Zeit leider keine Bilder hochgeladen, werde es sp\u00e4ter noch mal versuchen, falls Ihr irgendwie anregungen oder Fragen habt k\u00f6nnt Ihr es im Forum schreiben, habe dort eine Rubrik f\u00fcr das Livefischen aufgemacht.<\/p>\n<p>&nbsp;<\/p>\n<p>13.August.2009\u00a0\u00a0\u00a0\u00a0\u00a0\u00a0\u00a0\u00a0\u00a0\u00a0\u00a0\u00a0\u00a0\u00a0\u00a0 11:30 Uhr<\/p>\n<p>&nbsp;<\/p>\n<p>Also die ganze Nacht war Ruhe, habe gestern bei dem Regen die Ruten nicht mehr auf ihre Spots gelegt. Heute Morgen gegen 9 habe ich dann zwei Ruten rusgebracht, nach drei Minuten der erste Run 12 Kg Spiegler und eben noch mal einen wundersch\u00f6nen Koimischling von 14Kg, werde gleich mal versuchen euch alle Bilder hochzuladen.<\/p>\n<p>Dene gegen 14 Uhr kommt das n\u00e4chste Update mit Bildern&#8230;..<\/p>\n<p>&nbsp;<\/p>\n<p><img loading=\"lazy\" id=\"10699041\" title=\"\" src=\"..\/..\/mediapool\/56\/564928\/resources\/10699041.JPG\" alt=\"\" width=\"600\" height=\"450\" border=\"0\" hspace=\"0\" \/><\/p>\n<p>&nbsp;<\/p>\n<p><img loading=\"lazy\" id=\"10699048\" title=\"\" src=\"..\/..\/mediapool\/56\/564928\/resources\/10699048.JPG\" alt=\"\" width=\"600\" height=\"450\" border=\"0\" hspace=\"0\" \/><\/p>\n<p>Wundersch\u00f6ner Fisch mit seinen roten Punkten auf beiden Seiten und dem gelben R\u00fccken, was man auf dem Foto leider nicht richtig sehen kann.<\/p>\n<p>&nbsp;<\/p>\n<p>Habe nach den beiden Fischen erst mal gem\u00fctlich gefr\u00fchst\u00fcckt, dann die Ruten wieder platziert und seid 12:30Uhr liegt alles perfekt auf seinem Platz&#8230;&#8230;<\/p>\n<p>&nbsp;<\/p>\n<p>Dieses mal best\u00fcckt mit Black Diamond, da meine Dark Instinkt hier langsam aber sicher zur neige gehen&#8230;.<\/p>\n<p>&nbsp;<\/p>\n<p>16:30 Uhr<\/p>\n<p>&nbsp;<\/p>\n<p>Man soll es kaum glauben als erstes machte sich eine 3,8 Kg schwere Scleie \u00fcber den 28ger Black Diamond her, danach ein 16,2 Kg schwerer Spiegler mit einem riesen Heckpaddel, einen unglaublichen Drill, er hat Gas gegeben als ob es kein morgen gibt, dachte wer wei\u00df was da zu Vorschein kommt, das er dann &#8222;nur&#8220; 16,2 Kg hatte, h\u00e4tte ich nie gedacht!<\/p>\n<p>bis sp\u00e4ter&#8230;&#8230;.<\/p>\n<p>&nbsp;<\/p>\n<p>14.August.2009\u00a0\u00a0\u00a0\u00a0\u00a0\u00a0\u00a0\u00a0\u00a0\u00a0\u00a0\u00a0\u00a0\u00a0 11:45 Uhr<\/p>\n<p>&nbsp;<\/p>\n<p>Gestern gegen 18:45 Uhr habe ich hier am See meine erste Brasse gefangen, auf ne 28ger Black Diamond, unfassbar&#8230;&#8230;<\/p>\n<p>Dann geen 19:20 Uhr ein lupenreiner Schuppi mit 14,8 Kg und einen noch ca. 15 min sp\u00e4ter verloren :-(, das war jetzt in den Tagen das erste mal das die Fische auch nachmittags liefen und dann auch in der Nacht \ud83d\ude42<\/p>\n<p>Gegen drei Uhr Fullrun in grausiger Geschwindigkeit, nur leider der Anschlag ging vol ins leere, nichtmal Kontakt, da fragt man sich ab und an, wie machen die das&#8230;&#8230;.<\/p>\n<p>4:30 Uhr wieder ein Graser mit ca. 96cm habe Ihn im Wasser wieder abgehakt da er sch\u00f6n still gehalten hat,\u00a0punkt 6 Uhr wieder Fullrun in der Geschwindigkeit, Anschlag, fest, ab ins Boot ums Hinderniss rum und ds war er frei, ein Spiegler mit 16,2 Kg brachte mir einen heftigen Drill und ich musste merken, morgens um sechs ist es nur mit der Unterhose bekleidet im Boot doch recht kalt&#8230;&#8230;..<\/p>\n<p>&nbsp;<\/p>\n<p>So nun werde ich erst mal ausgiebig fr\u00fchst\u00fccken und danach die Ruten wieder auf ihre Spots legen, denn im laufe der Nacht habe ich sie nur mit neuen Black Diamond best\u00fcckt und einfach ins Blaue geworfen.<\/p>\n<p>&nbsp;<\/p>\n<p>20:30 Uhr<\/p>\n<p>&nbsp;<\/p>\n<p>Der Tag war ungewohnt, nach einigen Fehlbissen konnte ich dann gegen 13:55 Uhr eine Schleie von 4,2 Kg und um 14:10 eine Schleie von 3,8 Kg landen (\u00fcbrigens die selbe die ich vorher schon mal gefangen hatte, ich glaube irgendwie m\u00f6gen die unsere Black Diamond)<\/p>\n<p>&nbsp;<\/p>\n<p><img loading=\"lazy\" id=\"10714846\" title=\"\" src=\"..\/..\/mediapool\/56\/564928\/resources\/10714846.JPG\" alt=\"\" width=\"600\" height=\"450\" border=\"0\" hspace=\"0\" \/><\/p>\n<p>Gegen 15 Uhr bekam ich dann Besuch, der Sohn eines Freundes hatte sich angemeldet die letzte Nacht mit mir zu fischen, f\u00fcr ihn was ganz besonderes, da er noch nie auf Karpfen geangelt hatte.<\/p>\n<p>Nat\u00fcrlich geh\u00f6rte ihm der erste Run um 16:30 Uhr, der See war gn\u00e4dig und gab ihm als ersten mal nen 8,5 Kg Fisch zum \u00fcben, jedoch war er wirklich langgezoge und hatte gutes Feuer<\/p>\n<p><img loading=\"lazy\" id=\"10714837\" title=\"\" src=\"..\/..\/mediapool\/56\/564928\/resources\/10714837.JPG\" alt=\"\" width=\"600\" height=\"450\" border=\"0\" hspace=\"0\" \/><\/p>\n<p>&nbsp;<\/p>\n<p><img loading=\"lazy\" id=\"10714854\" title=\"\" src=\"..\/..\/mediapool\/56\/564928\/resources\/10714854.JPG\" alt=\"\" width=\"600\" height=\"450\" border=\"0\" hspace=\"0\" \/><\/p>\n<p>Dann folgten noch um 17:10 Uhr ein mini Spiegler mit ca. 4-5 Kg hab ich nicht gewogen \ud83d\ude42<\/p>\n<p>und um 19:30 Uhr ein Spiegler mit 11,5 Kg.<\/p>\n<p>Nun habe ich alle Ruten f\u00fcr die Nacht fertig gemacht und warte mal was da noch kommt!<\/p>\n<p>&nbsp;<\/p>\n<p>10:00 Uhr<\/p>\n<p>&nbsp;<\/p>\n<p>Gestern Abend gegen 21 Uhr gabs dann wieder nen Doppelrun, er endete mit einem Spiegler von 11 Kg und einer Schleie von 2,5 Kg, dann ging es um 22:30 Uhr weiter mit einem Spiegler von 14,2 Kg, 24 Uhr Graser 90cm und um 4:10Uhr Spiegler mit 10 Kg.<\/p>\n<p>&nbsp;<\/p>\n<p>Nun habe ich sch\u00f6n in der Sonne gefr\u00fchst\u00fcckt und werde gegen Mitag einpacken, falls da noch was kommt werde ich es von zu Hause aus reinsetzen.<\/p>\n<p>&nbsp;<\/p>\n<p>Ansonsten vielen Dank f\u00fcr euer Interesse und bis zum n\u00e4chsten mal<\/p>\n<p>&nbsp;<\/p>\n<p>Der Heiner<\/p>\n","protected":false},"excerpt":{"rendered":"<p>12.August.2009\u00a0\u00a0\u00a0\u00a0 12 Uhr &nbsp; Hallo Leute, wollte ja erst nix schreiben da ich euch nicht wieder was ohne Fische pr\u00e4sentieren wollte \ud83d\ude42 Nun ja ich bin gestern zu einem Baggersee und war gegen 17:30 Uhr fertig mit aufbauen und Ruten &hellip; <a href=\"https:\/\/blog.rg-fishfeed.de\/?page_id=296\">Weiterlesen <span class=\"meta-nav\">&rarr;<\/span><\/a><\/p>\n","protected":false},"author":1,"featured_media":0,"parent":280,"menu_order":0,"comment_status":"open","ping_status":"open","template":"","meta":[],"_links":{"self":[{"href":"https:\/\/blog.rg-fishfeed.de\/index.php?rest_route=\/wp\/v2\/pages\/296"}],"collection":[{"href":"https:\/\/blog.rg-fishfeed.de\/index.php?rest_route=\/wp\/v2\/pages"}],"about":[{"href":"https:\/\/blog.rg-fishfeed.de\/index.php?rest_route=\/wp\/v2\/types\/page"}],"author":[{"embeddable":true,"href":"https:\/\/blog.rg-fishfeed.de\/index.php?rest_route=\/wp\/v2\/users\/1"}],"replies":[{"embeddable":true,"href":"https:\/\/blog.rg-fishfeed.de\/index.php?rest_route=%2Fwp%2Fv2%2Fcomments&post=296"}],"version-history":[{"count":1,"href":"https:\/\/blog.rg-fishfeed.de\/index.php?rest_route=\/wp\/v2\/pages\/296\/revisions"}],"predecessor-version":[{"id":297,"href":"https:\/\/blog.rg-fishfeed.de\/index.php?rest_route=\/wp\/v2\/pages\/296\/revisions\/297"}],"up":[{"embeddable":true,"href":"https:\/\/blog.rg-fishfeed.de\/index.php?rest_route=\/wp\/v2\/pages\/280"}],"wp:attachment":[{"href":"https:\/\/blog.rg-fishfeed.de\/index.php?rest_route=%2Fwp%2Fv2%2Fmedia&parent=296"}],"curies":[{"name":"wp","href":"https:\/\/api.w.org\/{rel}","templated":true}]}}