{"id":298,"date":"2011-12-11T20:53:11","date_gmt":"2011-12-11T19:53:11","guid":{"rendered":"http:\/\/www.rg-fishfeed.de\/blog\/?page_id=298"},"modified":"2011-12-11T20:53:11","modified_gmt":"2011-12-11T19:53:11","slug":"heiner-am-haddi-live","status":"publish","type":"page","link":"https:\/\/blog.rg-fishfeed.de\/?page_id=298","title":{"rendered":"Heiner am Haddi Live"},"content":{"rendered":"<div align=\"left\">\n<p>Hallo Leute<\/p>\n<p>Also wenn Ihr was wissen wollt oder Anregungen habt, dann schreibt mir im Forum, dort habe ich eine Rubrik aufgemacht.<\/p>\n<p>23:20 Uhr<\/p>\n<p>Also nun kommt mein vorerst letzter Ansitz dieses Jahr uns dann nat\u00fcrlich an einem total schwirigem Pool mit wenig Fischen, aber es sollen ganz gute Exemplare hier rumschwimmen.<\/p>\n<p>Heute um eins aus dem Laden raus nach Hause packen, Duschen und ab zum einkaufen, noch zehn mal nachdenken (nichts vergessen) denn ich bin die Woche ohne Auto hier \ud83d\ude41<\/p>\n<p>Auf Google Earth hatte ich eine Strasse ausgemacht die mich direkt zu meinem Platz f\u00fchrt, leider war das nichts, der Weg war mit einer Schranke versehen, da ich erst im Dunklen hier angekommen bin mussten wir dann noch einmal komplett um den See und dann ausladen und ca. 250 Meter durch den dunkelen Wald schleppen. Was man so alles braucht f\u00fcr acht Tage k\u00f6nnt Ihr euch ja vorstellen!<\/p>\n<p>&nbsp;<\/p>\n<p><img loading=\"lazy\" id=\"7271173\" title=\"\" src=\"..\/..\/mediapool\/56\/564928\/resources\/7271173.JPG\" alt=\"\" width=\"600\" height=\"450\" border=\"0\" hspace=\"0\" \/><\/p>\n<p>Dank der Hilfe meiner Freundin dauerte es &#8222;nur&#8220; ca eine Stunde bis alles am Platz war.<\/p>\n<p>Danke nochmal meine S\u00fcsse!!<\/p>\n<p>Freundin verabschieden, Aufbauen, Ruten fertig machen, alles an seinen Platz packen und nun bin ich grade fertig geworden. Guter Schnitt wenn man \u00fcberlegt das wir um eins los sind \ud83d\ude42<\/p>\n<p>Habe die Ruten auch nur noch mit Singlehook ohne loten oder so in drei verschiedene Weiten geworfen, loten, Bodenbeschaffenheit, Spot watching usw. alles erst morgen.<\/p>\n<p>Jetzt habe ich mir erst mal ein Bierchen aufgemacht um das \u00fcbliche Richtfest zu feiern, dann noch ne Kleinigkeit essen und mal sch\u00f6n schlafen.<\/p>\n<p>Bis morgen&#8230;&#8230;&#8230;&#8230;&#8230;.<\/p>\n<p>&nbsp;<\/p>\n<p>26.10\u00a0\u00a0\u00a0\u00a0\u00a0\u00a0 15 Uhr<\/p>\n<p>Heute Nacht ist Sturm aufgekommen, einfach zu viel um mit dem Futterboot zu fahren, loten ist auch nicht vern\u00fcnftig bei dem Wind :-(. Also zwei Uferruten und eine mit Stringer grade raus ins Blaue, was soll man machen, hoffe das Wetter wird besser.<\/p>\n<p>Schon schlecht an nem unbekannten See nicht zu wissen wo man fischt, da muss man einfach mal auf Gl\u00fcck vertrauen!!!!!<\/p>\n<p><img loading=\"lazy\" id=\"7276363\" title=\"\" src=\"..\/..\/mediapool\/56\/564928\/resources\/big_7276363_0_300-225.JPG\" alt=\"\" width=\"300\" height=\"225\" border=\"0\" hspace=\"0\" \/><img loading=\"lazy\" id=\"7276373\" title=\"\" src=\"..\/..\/mediapool\/56\/564928\/resources\/big_7276373_0_300-225.JPG\" alt=\"\" width=\"300\" height=\"225\" border=\"0\" hspace=\"0\" \/><\/p>\n<p>Versuche da jetzt noch ein kurzes Video dran zu h\u00e4ngen, nur um zu wissen ob es klappt von hier.<\/p>\n<p>&nbsp;<\/p>\n<p>http:\/\/www.rg-fishfeed.de\/mediapool\/56\/564928\/videos\/MOV08122.MPG<\/p>\n<p>&nbsp;<\/p>\n<p>Dann mal bis sp\u00e4ter&#8230;&#8230;.<\/p>\n<p>26.10\u00a0\u00a0 19:42 Uhr<\/p>\n<p>Tja wollte die Ruten noch mal neu best\u00fccken und an anderen Pl\u00e4tzen postieren nur macht mir zur Zeit das Wetter ein Strich durch die Rechnung&#8230;&#8230;<\/p>\n<p>hab grade mal die Kamera aus der T\u00fcr gehalten hier das Ergebniss.<\/p>\n<p>&nbsp;<\/p>\n<p><img loading=\"lazy\" id=\"7280292\" title=\"\" src=\"..\/..\/mediapool\/56\/564928\/resources\/7280292.JPG\" alt=\"\" width=\"600\" height=\"450\" border=\"0\" hspace=\"0\" \/><\/p>\n<p>&nbsp;<\/p>\n<div align=\"center\">27.10\u00a0\u00a0\u00a0\u00a0\u00a0\u00a0\u00a0\u00a0\u00a0\u00a0\u00a0\u00a0\u00a0 10:30<\/div>\n<div align=\"center\"><\/div>\n<div align=\"center\">Guten Morgen, die Sonne lacht wieder!<\/div>\n<div align=\"center\">Habe nach ca einer stunde suchen nun ein Plateau gefunden, dort geht es stufenweise von 8,9m auf 7m und dann auf 5m rauf, habe nun eine Rute mit Jungle Magic auf 5m und eine mit Crustacea auf 7m platziert, f\u00fcr die Dritte habe ich noch keine wirkliche Idee.<\/div>\n<div align=\"center\">\u00dcberall geht es vom Ufer steil runter auf zwischen 7m und 9m und es f\u00fchlt sich an als ob das Blei auf dem Grund ein wenig einsinkt, werde mal weiter suche und hoffen das ich f\u00fcr die dritte Rute auch noch ein hartes Pl\u00e4tzchen finden werde.<\/div>\n<div align=\"center\">Nun bin ich wieder voller Hoffnung, es wird zwar k\u00e4lter die n\u00e4chsten Tage aber es soll nicht mehr regnen. Der Wind hat gedreht von S\u00fcd\/Ost auf Nord\/West.<\/div>\n<div align=\"center\">\n<p>&nbsp;<\/p>\n<p><img loading=\"lazy\" id=\"7285348\" title=\"mein Ausblick\" src=\"..\/..\/mediapool\/56\/564928\/resources\/big_7285348_0_250-188.JPG\" alt=\"mein Ausblick\" width=\"250\" height=\"188\" border=\"0\" hspace=\"0\" \/><img loading=\"lazy\" id=\"7285361\" title=\"The long way\" src=\"..\/..\/mediapool\/56\/564928\/resources\/big_7285361_0_250-188.JPG\" alt=\"The long way\" width=\"250\" height=\"188\" border=\"0\" hspace=\"0\" \/><\/p>\n<p>Bis Sp\u00e4ter<\/p>\n<p>17:33 Uhr<\/p>\n<p>Heute Mittag gab es lecker Currywurst mit Kartroffelp\u00fcrree, lecker lecker&#8230;<\/p>\n<p>&nbsp;<\/p>\n<p><img loading=\"lazy\" id=\"7288349\" title=\"\" src=\"..\/..\/mediapool\/56\/564928\/resources\/7288349.JPG\" alt=\"\" width=\"600\" height=\"450\" border=\"0\" hspace=\"0\" \/><\/p>\n<p>J\u00f6rg ist angekommen und hat zwei Ruten mitten in den See gefahren und eine auf Wurfweite abgelegt. Nun harren wir der dinge die da kommen.<\/p>\n<p>28.10\u00a0\u00a0 8:30 Uhr<\/p>\n<p>Heute Morgen war der erste Pieper zu h\u00f6ren ich raus und nichts mehr&#8230;.<\/p>\n<p>ca. 30min. sp\u00e4ter h\u00f6re ich wie J\u00f6rg aufsteht und mit Sammyspatzieren geht, 3 min sp\u00e4ter dauerton an seiner Rute ich raus, J\u00f6rg kommt angesprintet, aber keine Bewgung an der Rute, Batterie leer&#8230;&#8230;.. Wir stehen da reden ein wenig dann meine mittlere Rute, Swinger f\u00e4llt, steigt wieder, Anschlag voll ins leere&#8230;&#8230;..<\/p>\n<p>WAT NE KACKE<\/p>\n<p>Jetzt erst mal gefr\u00fchst\u00fcckt und nun die Ruten Neu auslegen, die Mittlere wieder an den selben Platz und f\u00fcr die anderen zwei einen neuen Spot suchen.<\/p>\n<p>12:50 Uhr<\/p>\n<p>Jetzt liegt meine Linke Rute auf 5,8m die Mitte am selben Plateau auf 7m und die Rechte habe ich auf eine kante am Ufer gelegt, dort geht es von 1m runter auf 8m und bei 5,4m ist ein kleiner Absatz dort liegt sie nun mit lecker Crustacea. Obwohl mir alle Leute sagen hier f\u00e4ngt man nichts am Ufer versuche ich es trotzdem, kann mir nicht vorstellen das die Fische nicht ab und an unter den B\u00e4umen und B\u00fcschen nach Futter suchen.<\/p>\n<p>Das sch\u00f6ne beim Fischen ist die Zeit, also Zwiebeln und Knoblauch sch\u00e4len, Hackfleisch anbraten, Chillis dabei und sp\u00e4ter mit Tomatensosse alles in einen Topf. Mmmmhhhhhh, da muss man schon mal \u00f6fter probieren :-))\u00a0 Nudeln kochen und alles zusammen ergibt&#8230;&#8230;<\/p>\n<p>&nbsp;<\/p>\n<p><img loading=\"lazy\" id=\"7295329\" title=\"\" src=\"..\/..\/mediapool\/56\/564928\/resources\/7295329.JPG\" alt=\"\" width=\"600\" height=\"450\" border=\"0\" hspace=\"0\" \/><\/p>\n<p>Jetzt bin ich pappsatt und habe mir noch nen frischen Kaffee aufgesch\u00fcttet, den geniesse ich w\u00e4hrend ich hier schreibe :-))<\/p>\n<p>\u00dcberlege ob ich, wenn bis Donnerstag nichts geht, umziehe ans S\u00fcdufer. Oder voll in den Wind an, der \u00fcbrigens wieder aus S\u00fcd\/Ost kommt, ans Nordufer. Dort war ich eben mit dem Futterboot habe jedoch keine Kante oder \u00e4hnliches gefunden, einfach von 9m Steil hoch auf Null. Bin ein wenig ratlos, schon schlecht wenn man einen See nicht kennt.<\/p>\n<p>Aber &#8220; versuch macht kluch &#8220;<\/p>\n<p>18:25 Uhr<\/p>\n<p>J\u00f6rg ist zur\u00fcck und wir haben seine Ruten F\u00e4cherf\u00f6rmig verteilt, eine auf 6,3m, eine auf 6,9m und eine auf 8m. Es ist bitter kalt und meine Gasflasche ist leer, hoffe einer von euch bringt mir gleich mal ne neue \ud83d\ude42 J\u00f6rg hat seinen Schlauch f\u00fcr die Heizung nicht mit so m\u00fcssen wir wohl heute Nacht beide frieren. Jetzt wird es auch noch der Gelbatterie zu kalt und sie gibt auf, also wei\u00df ich nicht ob ich morgen Fr\u00fch ein update machen kann.<\/p>\n<p>Falls noch was passiert heute Nacht versuche ich es noch hochzuladen.<\/p>\n<p>29.10\u00a0\u00a0\u00a0\u00a0\u00a0\u00a0 6:00 Uhr<\/p>\n<p>Hier meldet sich wieder euer &#8222;Big Brother&#8220; f\u00fcr Angler<\/p>\n<p>(Spruch von Michi \u00fcber die Rubrik)<\/p>\n<p>Um 5:50 meldete sich meine mittlere Rute, ich raus und erst mal Schock, soviel Nebel das du die Hand vor Augen nicht siehst. Runter zu Rute Anschlag und langes Gesicht (Brasse), erst mal J\u00f6rg zugerufen kannst liegen bleiben. Fisch versorgt usw. tja was nun Futterboot sieht man nach Zehn Meter nicht mehr, also Orientierungslos in die ungef\u00e4hre Richtung des Futterpltzes werfen. Auf jeden Fall muss ich hier nen Karpfen fangen, wenn ich sehe wie Mutiert hier die Brassen sind WILL ICH NEN CARPA<\/p>\n<p>Foto ging nicht wegen dem dichten Nebel aber ich denke ne Brasse will hier auch keiner wirklich sehen.<\/p>\n<p>8:10 Uhr<\/p>\n<p>Damit es nicht ganz so langweilig wird gibt es mal wieder zwei Bilder, eins von der gefrorenen Abhakmatte und eins im Nebel,<\/p>\n<p><img loading=\"lazy\" id=\"7302587\" title=\"\" src=\"..\/..\/mediapool\/56\/564928\/resources\/big_7302587_0_250-188.JPG\" alt=\"\" width=\"250\" height=\"188\" border=\"0\" hspace=\"0\" \/><img loading=\"lazy\" id=\"7302599\" title=\"\" src=\"..\/..\/mediapool\/56\/564928\/resources\/big_7302599_0_250-188.JPG\" alt=\"\" width=\"250\" height=\"188\" border=\"0\" hspace=\"0\" \/><\/p>\n<p>Jetzt stellt sich die Frage, was fr\u00fchst\u00fccken? Das Brot ist gefroren, Kaffee kochen geht auch nicht, da ist B\u00d6\u00d6\u00d6\u00d6\u00d6\u00d6SSSSSEEEEEEEEEE.<\/p>\n<p>Daf\u00fcr muss es doch ne Entsch\u00e4digung geben hier vom See, einer muss kommen.<\/p>\n<p>9:30<\/p>\n<p>J\u00f6rg musste in den Laden und hat alles zum aufladen mitgenommen, ich habe mir Kaffee gemacht ohne Gas und noch ne neue Zeltheizung erfunden, war das sch\u00f6n mollig warm.<\/p>\n<p>&nbsp;<\/p>\n<p><img loading=\"lazy\" id=\"7306600\" title=\"\" src=\"..\/..\/mediapool\/56\/564928\/resources\/big_7306600_0_250-188.JPG\" alt=\"\" width=\"250\" height=\"188\" border=\"0\" hspace=\"0\" \/><img loading=\"lazy\" id=\"7306970\" title=\"\" src=\"..\/..\/mediapool\/56\/564928\/resources\/big_7306970_0_250-188.JPG\" alt=\"\" width=\"250\" height=\"188\" border=\"0\" hspace=\"0\" \/><\/p>\n<p>17 Uhr<\/p>\n<p>Ich habe mir heute Mittag f\u00fcr die Rechte und Linke Rute andere Spots gesucht und gefunden, mal sehen ob die was bringen. J\u00f6rg ist grade zur\u00fcck und hat seine Ruten in die Mitte auf eine Bank mit ca. 6,50m Tiefe gefahren. Danach haben wir mal gemeinsam f\u00fcr die &#8222;BIG MAMA&#8220; gebetet \ud83d\ude42<\/p>\n<p>&nbsp;<\/p>\n<p>http:\/\/www.rg-fishfeed.de\/mediapool\/56\/564928\/videos\/MOV08156.MPG<\/p>\n<p>&nbsp;<\/p>\n<p>Bis Sp\u00e4ter dann.<\/p>\n<p>30.10\u00a0\u00a0\u00a0\u00a0\u00a0\u00a0\u00a0\u00a0 9 Uhr<\/p>\n<p>Langsam wird es eng, immer noch keine Aktionen. Der Luftdruck f\u00e4llt ins Bodenlose und wir konnten nicht mal nen Pieper die Nacht verzeichnen, das Wasser ist wie Tod an der Oberfl\u00e4che. Langsam bin ich ratlos, moven? Futterpl\u00e4tze beibehalten? Was ist richtig und was falsch?<\/p>\n<p>J\u00f6rg musste leider heute Morgen zur\u00fcck in den Laden, also haben wir in aller Fr\u00fche sein Tackle zusammengepackt, auf seinem &#8222;Gel\u00e4ndewagen&#8220; verstaut und los ging es f\u00fcr Ihn durch den Wald, alles ins Auto und ab ins Gesch\u00e4ft.<\/p>\n<p>&nbsp;<\/p>\n<p><img loading=\"lazy\" id=\"7311185\" title=\"\" src=\"..\/..\/mediapool\/56\/564928\/resources\/big_7311185_0_250-188.JPG\" alt=\"\" width=\"250\" height=\"188\" border=\"0\" hspace=\"0\" \/><img loading=\"lazy\" id=\"7311187\" title=\"\" src=\"..\/..\/mediapool\/56\/564928\/resources\/big_7311187_0_250-188.JPG\" alt=\"\" width=\"250\" height=\"188\" border=\"0\" hspace=\"0\" \/><\/p>\n<p>Oh ich verga\u00df, J\u00f6rg hatte doch ne Aktion gestern Abend, Explosion im rektalen Bereich :-))))<\/p>\n<p>Das wars dann mit der Hose&#8230;&#8230;&#8230;&#8230;<\/p>\n<p>Nun bin ich fertig mit fr\u00fchst\u00fccken und trinke mir nen frischen Kaffee, es gab lecker R\u00fchrei mit Speck. Werde wohl noch was r\u00e4tzeln ob ich nun move oder nicht, bis Mittag werde ich eine Endscheidung getroffen haben. Wie ich ja lesen musste hat Holger auch nicht mehr Gl\u00fcck, denke fast wir sind ne Woche zu sp\u00e4t dran mit dem Ansitz. Naja es bleiben noch ein paar Tage, vielleicht ist die &#8222;Big Mama&#8220; mir ja noch gn\u00e4dig&#8230;&#8230;.<\/p>\n<p>20:19 Uhr<\/p>\n<p>Juhu Jens Kristen ist hier und hat geschafft das ich wieder online bin&#8230;.. Leider hat mein Modem seid heute morgen versagt. Aber auch nicht wichtig, hab eh nix gefangen&#8230;&#8230;<\/p>\n<p>Habe heute mal auf\u00a0 Popimontagen umgebaut, mal sehen ob das funzt. Heute werde ich mir mal einen trinken, Jens hat mir ein Six Pack mitgebracht und ich hab noch nen Liter Gl\u00fchwein.<\/p>\n<p>INFO 31.10.2008, 07:45 Uhr\u00a0:<\/p>\n<p>&#8211; Heinz hat \u00dcbertragungsschwierigkeiten, leider\u00a0gibt es\u00a0vorerst kein Update vom See &#8211;<\/p>\n<p>!5:55 Uhr<\/p>\n<p>Ich bin wieder da \ud83d\ude42 Alles funzt wieder, keine Ahnung was war, direkt hier nebenan ist ein Milit\u00e4rplatz, bei jedem Hubschrauber\u00fcberflug war auch das Handynetzweg, weiss nicht ob die da was gest\u00f6rt haben oder ich nach der Woche einfach nur gest\u00f6rt bin&#8230;.<\/p>\n<p>Jens Kristen ist grade eingetrudelt und baut sein Tackle auf, er kennt den See schon was besser, bin mal gespannt ob er was f\u00e4ngt.<\/p>\n<p>Ansonsten liege ich mit einer Rute immer noch da auf dem Plateau wo ich die ganze Zeit f\u00fctter, die Mittlere habe ich so ca. 280m weit ans Sp\u00fclufer gefahren und auf 4,2m abgelegt, die Dritte auf meinem Uferspot. Best\u00fcckt habe ich Schneeman Rob Chilli Beef mit nem Gelben Fluo Popi\u00a0 in Mega Sweet Monstercrab Dip, Sneemann mit Almighty und nem Rob Chilli Beef Popi und die letzte mit Schneemann alles Crustacea.<\/p>\n<p>Nun hei\u00dft es wie die ganze Woche waten warten warten&#8230;&#8230;&#8230;&#8230;.<\/p>\n<p>Schreibe sp\u00e4ter noch mal, bis dahin.<\/p>\n<p>&nbsp;<\/p>\n<p>20:15 Uhr<\/p>\n<p>Bis jetzt wieder noch keine Aktion, wir sitzen hier und hoffen..<\/p>\n<p>Wahrscheinlich werde ich morgen Nachmittag einpacken und dann abgeholt \ud83d\ude41 Leider konnte ich euch bis jetzt keinen Karpfen zeigen, aber die Hoffnung stirbt zuletzt!!!!!!!<\/p>\n<p>Lecker W\u00fcrstchen haben wir gegrillt vorhin und sind sch\u00f6n satt.<\/p>\n<p>Leider haben wir keine Getr\u00e4nke mehr am Start und hier gibt es auch weit und breit nichts, so m\u00fcssen wir wohl durstig bleiben&#8230;&#8230;&#8230;&#8230;..<\/p>\n<p>&nbsp;<\/p>\n<p>01.11\u00a0\u00a0\u00a0\u00a0\u00a0\u00a0\u00a0\u00a0 8:00 Uhr<\/p>\n<p>Heute Nacht waren endlich Aktionen an allen Pl\u00e4tzen, habe gestern sogar nen Karpfen springen sehen ( es gibt also doch welche ). Zwei mutierte Brassen von ca. 5 Kg, habe sie nicht gewogen,zu peinlich \ud83d\ude42 Heute Morgen noch mal ein kurzer run, das wars. Die Leute hier sagen jetzt geht es los, sie fressen wieder, nat\u00fcrlich genau dann wenn ich weg muss \ud83d\ude41 Werde heute Nachmittag abgeholt, habe aber heute Morgen noch mal sch\u00f6n brav die Ruten neu best\u00fcckt und wieder rausgefahren, vielleicht ist mir das Gl\u00fcck ja noch holt.<\/p>\n<p>&nbsp;<\/p>\n<p>20:45 Uhr<\/p>\n<p>Nu bin ich wieder zu Hause ;-( trautes Heim Schock muss sein&#8230;&#8230;&#8230;<\/p>\n<p>War nichts mehr, keine Hupe kein Pieper nichts, nada, N\u00fcsse.<\/p>\n<p>Ansonsten eine sch\u00f6ne Woche an einem neuem See den ichauf jeden Fall wieder besuchen werde, das kann ich ja so nicht auf mir sitzen lassen &#8230;&#8230;&#8230;&#8230;<\/p>\n<p>Hoffe es war ein wenig unterhaltsam f\u00fcr euch auch ohne Fische<\/p>\n<p>&nbsp;<\/p>\n<p>&nbsp;<\/p>\n<p>Heiner<\/p>\n<\/div>\n<\/div>\n","protected":false},"excerpt":{"rendered":"<p>Hallo Leute Also wenn Ihr was wissen wollt oder Anregungen habt, dann schreibt mir im Forum, dort habe ich eine Rubrik aufgemacht. 23:20 Uhr Also nun kommt mein vorerst letzter Ansitz dieses Jahr uns dann nat\u00fcrlich an einem total schwirigem &hellip; <a href=\"https:\/\/blog.rg-fishfeed.de\/?page_id=298\">Weiterlesen <span class=\"meta-nav\">&rarr;<\/span><\/a><\/p>\n","protected":false},"author":1,"featured_media":0,"parent":280,"menu_order":0,"comment_status":"open","ping_status":"open","template":"","meta":[],"_links":{"self":[{"href":"https:\/\/blog.rg-fishfeed.de\/index.php?rest_route=\/wp\/v2\/pages\/298"}],"collection":[{"href":"https:\/\/blog.rg-fishfeed.de\/index.php?rest_route=\/wp\/v2\/pages"}],"about":[{"href":"https:\/\/blog.rg-fishfeed.de\/index.php?rest_route=\/wp\/v2\/types\/page"}],"author":[{"embeddable":true,"href":"https:\/\/blog.rg-fishfeed.de\/index.php?rest_route=\/wp\/v2\/users\/1"}],"replies":[{"embeddable":true,"href":"https:\/\/blog.rg-fishfeed.de\/index.php?rest_route=%2Fwp%2Fv2%2Fcomments&post=298"}],"version-history":[{"count":1,"href":"https:\/\/blog.rg-fishfeed.de\/index.php?rest_route=\/wp\/v2\/pages\/298\/revisions"}],"predecessor-version":[{"id":299,"href":"https:\/\/blog.rg-fishfeed.de\/index.php?rest_route=\/wp\/v2\/pages\/298\/revisions\/299"}],"up":[{"embeddable":true,"href":"https:\/\/blog.rg-fishfeed.de\/index.php?rest_route=\/wp\/v2\/pages\/280"}],"wp:attachment":[{"href":"https:\/\/blog.rg-fishfeed.de\/index.php?rest_route=%2Fwp%2Fv2%2Fmedia&parent=298"}],"curies":[{"name":"wp","href":"https:\/\/api.w.org\/{rel}","templated":true}]}}