{"id":302,"date":"2011-12-11T20:54:06","date_gmt":"2011-12-11T19:54:06","guid":{"rendered":"http:\/\/www.rg-fishfeed.de\/blog\/?page_id=302"},"modified":"2011-12-11T20:54:06","modified_gmt":"2011-12-11T19:54:06","slug":"holger-live-2","status":"publish","type":"page","link":"https:\/\/blog.rg-fishfeed.de\/?page_id=302","title":{"rendered":"Holger Live 2"},"content":{"rendered":"<p>Servus und hallo,<\/p>\n<p>&nbsp;<\/p>\n<p>ich bin wieder am Wasser! Mit von der Partie ist mein Angelkumpel Frank und wir sind hier wieder am Gew\u00e4sser des letzten Live Fischen. Einen See am Rande von\u00a0 Berlin in den ein Kanal durchflie\u00dft. Dieses Mal hab ich eine andere Stelle am Anfang bzw. am Ende des Gew\u00e4ssers ausgew\u00e4hlt. An dieser Stelle m\u00fcnden direkt zwei Kan\u00e4le in den See und sind stark von Schiffen befahren. Je nach dem wie es l\u00e4uft ist geplant bis Freitagmorgen den R\u00fcsslern nachzustellen. Nat\u00fcrlich bin ich im Forum wieder auf Eure Anregungen und Kritiken gespannt!<\/p>\n<p>&nbsp;<\/p>\n<p>Montag 20.04.2009 12 Uhr<\/p>\n<p>Der Aufbau ist endlich erledigt und die Stelle nach Hot Spots untersucht! Meiner Meinung nach werden wir uns wieder auf den Flachwasserbereich konzentrieren da hier die Seerosen gerade am hochwachsen sind. Um aber auf Nummer sicher zu gehen versuchen wir alle Tiefen und die Fahrrinne abzudecken.\u00a0 Die Ruten sind best\u00fcckt mit Rob Chili, Anacardia, Mega Sweet und Real Fish.\u00a0 Ich denke am K\u00f6der wird\u2019s nicht liegen denn R&amp;G\u2018s\u00a0 sind einfach super, da hab ich vollstes Vertrauen! Das Erfolgsrezept wird darin bestehen die Fische auswendig zu machen.<\/p>\n<p>&nbsp;<\/p>\n<p>Mal sehen wie es l\u00e4uft\u2026..<\/p>\n<p>&nbsp;<\/p>\n<p>Wenigstens nicht viel Gep\u00e4ck &#8230;&#8230;<\/p>\n<p>&nbsp;<\/p>\n<p>&nbsp;<\/p>\n<p>Ruhe vor den Sturm ???<\/p>\n<p>&nbsp;<\/p>\n<p>Montag, 20.04.09 21 .00 Uhr<\/p>\n<p>Leider brachte der Tag keinen Karpfen. Enten und Schubschiffe hielten uns allerdings bei Laune.Die Wassertemperatur liegt bei 15,3 Grad. Naja ich hoffe die Nacht wird besser. Sascha kommt gerade zum Feiern, denke wir werden noch ne weile sitzen heut&#8230;.., sobald was passiert schreib ich es Euch.<\/p>\n<p>Bis morgens&#8230;&#8230;<\/p>\n<p>&nbsp;<\/p>\n<p>Dienstag, 21.04.09 10.00 Uhr<\/p>\n<p>&nbsp;<\/p>\n<p>Kein Geburtstagsfisch \ud83d\ude41 , nicht einen anst\u00e4ndigen run! Nur Aalande und D\u00f6bel hielten uns von unseren Schlaf ab. Nun wei\u00df ich auch nicht recht wie es weiter gehen soll, werd heut mal mit den Boot umherfahren und Spotsuche betreiben.<\/p>\n<p>Zurzeit f\u00fcttern wir h\u00f6chstens zehn Boilies, paar Pellets und Tigern\u00fcsse, doch noch zuviel?? Oder mal richtig abkippen??<\/p>\n<p>So nun aber erstmal Fr\u00fchst\u00fcck, mmmh und das drau\u00dfen am Wasser bei diesen tollen Wetter.<\/p>\n<p>Bis dann!<\/p>\n<p>&nbsp;<\/p>\n<p>Mittwoch,22.04.09 9.00 Uhr<\/p>\n<p>Leider konnte ich aufgrund der St\u00f6rungen bei T-Mobil gestern kein Update mehr ins Netz stellen.<\/p>\n<p>Aber es gab auch nichts zu berichten, immer noch kein Karpfen. Es war eigentlich zu erwarten das es hier so l\u00e4uft da die Laichzeit der Karpfen noch nicht an der Zeit ist.<\/p>\n<p>Entweder sie ziehen sich noch rein und wir fangen super oder wir blanken durchweg.<\/p>\n<p>Hab gestern Abend die Ruten wie im Forum empfohlen mit je 1kg Boilies gro\u00dffl\u00e4chig verteielt rausgebracht, leider bis jetzt ohne Erfolg.<\/p>\n<p>Mal sehen was hier noch so passiert&#8230;&#8230;.<\/p>\n<p>&nbsp;<\/p>\n<p>&nbsp;<\/p>\n<p>&nbsp;<\/p>\n<p>&nbsp;<\/p>\n<p>Mittwoch, 22.04.09 19.00 Uhr<\/p>\n<p>Der Tag blieb wieder ruhig, kein Karpfen, mal ein Aaland oder mal ein D\u00f6bel aber kein Karpfen. Tags\u00fcber regnete es vereinzelt und es ist bew\u00f6lk, vielleicht ist das jetzt der Ausl\u00f6ser zum Fressen da der Luftdruck f\u00e4llt. Naja wir werden sehen, wenn nichts passsieren sollte mach ich Morgen \u00fcbergabe.<\/p>\n<p>Bis morgen&#8230;..<\/p>\n<p>&nbsp;<\/p>\n<p>Donnerstag, 23.04.09 7.00 Uhr<\/p>\n<p>Guten Morgen, nix, gar nichts, \u00fcberhaupt nix!! F\u00fcr mich ist Feierabend, wir packen ein!<\/p>\n<p>Gegen 8.30 Uhr kommt ein Angelfreund der will 1 Woche weitersitzen und auf die Karpfen warten. Naja viel spa\u00df dabei, aber w\u00fcrd mich schon \u00e4rgern wenn es morgen los geht. H\u00f6chstwarscheinlich bin ich ab Montag in S\u00fcdbrandenburg an ein Kiesabbaugew\u00e4sser bis 1 Mai zum Fischen, denke mal Ihr seid wieder Live dabei.<\/p>\n<p>So werd jetzt packen und mich sch\u00e4\u00e4\u00e4\u00e4mmen weil ich blank bin.<\/p>\n<p>&nbsp;<\/p>\n<p>Gru\u00df bis Montag,<\/p>\n<p>und petri Heil f\u00fcr alle die am Wasser sind.<\/p>\n<p>Holger Krampe<\/p>\n<p>Das Runde muss ins Schuppige!<\/p>\n","protected":false},"excerpt":{"rendered":"<p>Servus und hallo, &nbsp; ich bin wieder am Wasser! Mit von der Partie ist mein Angelkumpel Frank und wir sind hier wieder am Gew\u00e4sser des letzten Live Fischen. Einen See am Rande von\u00a0 Berlin in den ein Kanal durchflie\u00dft. Dieses &hellip; <a href=\"https:\/\/blog.rg-fishfeed.de\/?page_id=302\">Weiterlesen <span class=\"meta-nav\">&rarr;<\/span><\/a><\/p>\n","protected":false},"author":1,"featured_media":0,"parent":280,"menu_order":0,"comment_status":"open","ping_status":"open","template":"","meta":[],"_links":{"self":[{"href":"https:\/\/blog.rg-fishfeed.de\/index.php?rest_route=\/wp\/v2\/pages\/302"}],"collection":[{"href":"https:\/\/blog.rg-fishfeed.de\/index.php?rest_route=\/wp\/v2\/pages"}],"about":[{"href":"https:\/\/blog.rg-fishfeed.de\/index.php?rest_route=\/wp\/v2\/types\/page"}],"author":[{"embeddable":true,"href":"https:\/\/blog.rg-fishfeed.de\/index.php?rest_route=\/wp\/v2\/users\/1"}],"replies":[{"embeddable":true,"href":"https:\/\/blog.rg-fishfeed.de\/index.php?rest_route=%2Fwp%2Fv2%2Fcomments&post=302"}],"version-history":[{"count":1,"href":"https:\/\/blog.rg-fishfeed.de\/index.php?rest_route=\/wp\/v2\/pages\/302\/revisions"}],"predecessor-version":[{"id":303,"href":"https:\/\/blog.rg-fishfeed.de\/index.php?rest_route=\/wp\/v2\/pages\/302\/revisions\/303"}],"up":[{"embeddable":true,"href":"https:\/\/blog.rg-fishfeed.de\/index.php?rest_route=\/wp\/v2\/pages\/280"}],"wp:attachment":[{"href":"https:\/\/blog.rg-fishfeed.de\/index.php?rest_route=%2Fwp%2Fv2%2Fmedia&parent=302"}],"curies":[{"name":"wp","href":"https:\/\/api.w.org\/{rel}","templated":true}]}}