{"id":306,"date":"2011-12-11T20:55:40","date_gmt":"2011-12-11T19:55:40","guid":{"rendered":"http:\/\/www.rg-fishfeed.de\/blog\/?page_id=306"},"modified":"2011-12-11T20:55:40","modified_gmt":"2011-12-11T19:55:40","slug":"vater-und-heinz-live","status":"publish","type":"page","link":"https:\/\/blog.rg-fishfeed.de\/?page_id=306","title":{"rendered":"Vater und Heinz Live"},"content":{"rendered":"<p>03.06.2009\u00a0\u00a0\u00a0\u00a0\u00a0 18 Uhr<\/p>\n<p>So sitze mit meinem Dad an einem See n\u00e4he Leverkusen, werden mal versuchen ein paar Fische auf unsere neue Wallermurmel zu fangen.<\/p>\n<p>Montagen entweder nur 28ger Wallermurmel oder Monstermontage, werde alle zwei bis drei Stunden updaten.<\/p>\n<p><img loading=\"lazy\" id=\"9894324\" title=\"\" src=\"..\/..\/mediapool\/56\/564928\/resources\/big_9894324_0_290-218.JPG\" alt=\"\" width=\"290\" height=\"218\" border=\"0\" hspace=\"0\" \/><img loading=\"lazy\" id=\"9894332\" title=\"\" src=\"..\/..\/mediapool\/56\/564928\/resources\/big_9894332_0_290-218.JPG\" alt=\"\" width=\"290\" height=\"218\" border=\"0\" hspace=\"0\" \/><\/p>\n<p>20 Uhr<\/p>\n<p>Unglaublich mein Dad zeigt mir erst mal wo es lang geht, die ersten zwei Fische auf unsere neue Murmel!!<\/p>\n<p>Spiegler mit 14 Kg und Schuppi mit 11 Kg, damit liegt er ganz klar vorne \ud83d\ude42<\/p>\n<p>Die Murmel FUNZT das ist SUPER&#8230;&#8230;&#8230;..<\/p>\n<p>&nbsp;<\/p>\n<p>&nbsp;<\/p>\n<p>Das ding stinkt so ekelig, aber l\u00e4uft&#8230;&#8230;<\/p>\n<p><img loading=\"lazy\" id=\"9896132\" title=\"\" src=\"..\/..\/mediapool\/56\/564928\/resources\/big_9896132_0_290-218.JPG\" alt=\"\" width=\"290\" height=\"218\" border=\"0\" hspace=\"0\" \/><img loading=\"lazy\" id=\"9896144\" title=\"\" src=\"..\/..\/mediapool\/56\/564928\/resources\/big_9896144_0_290-218.JPG\" alt=\"\" width=\"290\" height=\"218\" border=\"0\" hspace=\"0\" \/><\/p>\n<p>Wenn es weiter l\u00e4uft kommt direkt das n\u00e4chste Update, jetzt erst mal lecker grillen und Abendbrot essen.<\/p>\n<p>&nbsp;<\/p>\n<p>04.06.2009\u00a0\u00a0\u00a0\u00a0\u00a0\u00a0\u00a0\u00a0\u00a0\u00a0\u00a0\u00a0\u00a0\u00a0\u00a0\u00a0\u00a0\u00a0\u00a0\u00a0\u00a0\u00a0\u00a0\u00a0\u00a0\u00a0\u00a0\u00a0\u00a0\u00a0\u00a0\u00a0\u00a0\u00a0 11 Uhr<\/p>\n<p>&nbsp;<\/p>\n<p>Die Fische aben uns heute Nacht sch\u00f6n ausschlafen lassen, danach ein lecker Fr\u00fchst\u00fcck mit Paps und p\u00fcnktlich danach der erste Run, Drill, sitzt fest, ich ab ns Boot, Fisch wieder frei und nat\u00fcrlich ab nach links durch die andere Rute \ud83d\ude42<\/p>\n<p>Ergebniss ein sch\u00f6ner Schuppi mit 15 Kg.<\/p>\n<p>&nbsp;<\/p>\n<p>&nbsp;<\/p>\n<p><img loading=\"lazy\" id=\"9901466\" title=\"\" src=\"..\/..\/mediapool\/56\/564928\/resources\/9901466.JPG\" alt=\"\" width=\"600\" height=\"450\" border=\"0\" hspace=\"0\" \/><\/p>\n<p>&nbsp;<\/p>\n<p>16 Uhr<\/p>\n<p>&nbsp;<\/p>\n<p>So gegen 14 Uhr ging hier die Post ab, nachdem die ganze Zeit nichts lief, ging Dad`s rechte Rute los, Anschlag, Kontakt, weg \ud83d\ude41 fast gleichzeitig ging meine Mittelste ab Anschlag sitzt, Drill, fest ab mit Kescher ins Boot, 10 Meter vom Ufer weg mit Boot und Kescher Dad`s linke Rute \ud83d\ude42 Anschlag, sitzt, kein Kescher&#8230;&#8230; is ja bei mir im Boot, lach<\/p>\n<p>&nbsp;<\/p>\n<p>Ich in Windesile \u00fcber den Fisch, Graser, ab in den Kescher, zur\u00fcck mit Vollgas, raus aus dem Boot Graser auf die Matte, umgedreht da war der Schuppi auch schon da&#8230;..<\/p>\n<p>Na mit zu dem Graser auf die Matte und die Fische einfach nur auf der Matte Fotografiert, wir wollten sie nicht weiter stressen&#8230;&#8230;..<\/p>\n<p><img loading=\"lazy\" id=\"9904976\" title=\"\" src=\"..\/..\/mediapool\/56\/564928\/resources\/9904976.JPG\" alt=\"\" width=\"600\" height=\"450\" border=\"0\" hspace=\"0\" \/><\/p>\n<p>Das sogar ein Graser den totalen Stinker nimmt in 28ger Durchmesser h\u00e4tt ich nicht gedacht&#8230;.<\/p>\n<p>Bis sp\u00e4ter dann &#8230;&#8230;.<\/p>\n<p>&nbsp;<\/p>\n<p>18:10 Uhr<\/p>\n<p>Wurden von einem Fullrun aus dem Nachmittagsschl\u00e4fchen geweckt, ich raus, Anschlag, steht, geht rechts und links will aber nicht in meine Richtung, nach immer mehr Druck kommt er langsam aber sicher, man muss eben ca. 160m \u00fcberbr\u00fccken \ud83d\ude42 zwischenzeitliche gute Fluchte sagten mir &#8222;der is nicht schlecht&#8220; sch\u00f6n an allen R\u00faten vorbeigelenkt und nach nochmaligen Fluchten vorm Ufer konnten wir Ihn sehen, er holt das erste mal Luft oben, Papa den Kescher drunter und SAVE!!!!!!<\/p>\n<p>Die Waage bleibt bei genau 21 Kg stehen, der erste \u00fcber 20 Kg Fisch auf unsere Wallermurmel, nun bin ich total happy und werde mir darauf erst mal ein Landsberger Premium Pils geniessen von meinem Schatzi&#8230;&#8230;..<\/p>\n<p><img loading=\"lazy\" id=\"9909045\" title=\"\" src=\"..\/..\/mediapool\/56\/564928\/resources\/9909045.JPG\" alt=\"\" width=\"600\" height=\"370\" border=\"0\" hspace=\"0\" \/><\/p>\n<p>21:15 Uhr<\/p>\n<p>So alle Fallen neu ausgelegt f\u00fcr die Nacht, die Ruten ligen an Kanten von 2 m bis 7 m Tiefe, zwei mit &#8222;Monstermontage&#8220; und der Rest mit einer einzelnen 28ger Murmel, teils mit Stiff Rig, teils mit Snare in 25lbs, alle mit einem 2er F1 Haken.<\/p>\n<p>Also Leute die letzte Nacht r\u00fcckt an und wir melden uns morgen fr\u00fch wieder.<\/p>\n<p>Martin wird mich gegen 12 Uhr mittags hier abholen.<\/p>\n<p>&nbsp;<\/p>\n<p>05.06.2009\u00a0\u00a0\u00a0\u00a0\u00a0\u00a0\u00a0\u00a0\u00a0\u00a0\u00a0\u00a0\u00a0\u00a0\u00a0\u00a0\u00a0\u00a0\u00a0\u00a0\u00a0\u00a0 8 Uhr<\/p>\n<p>&nbsp;<\/p>\n<p>Heute morgen 6:55 Uhr der ertse Run, ein sch\u00f6ner Schuppi von 11 Kg, nachdem wir diese Nacht wieder sch\u00f6n durchschlafen durften \ud83d\ude42<\/p>\n<p>Das Beste ist Rute wieder best\u00fcckt, rausgerudert, abgelegt, draufgef\u00fcttert, zur\u00fcck abgespannt. 5min. sp\u00e4ter wieder Biss, Anschlag, sch\u00f6ner langer Drill, Graser ca. 102cm mit 26 Pfund. Wir haben ihn im Wasser abgehakt und nur dabei schnell ein Foto gemacht. Fr\u00fchst\u00fcck steht ja schon auf dem Tisch \ud83d\ude42<\/p>\n<p>&nbsp;<\/p>\n<p><img loading=\"lazy\" id=\"9912418\" title=\"\" src=\"..\/..\/mediapool\/56\/564928\/resources\/9912418.JPG\" alt=\"\" width=\"600\" height=\"335\" border=\"0\" hspace=\"0\" \/><\/p>\n<p>Hier zwei Fotos vom Drill und Graser am Ufer &#8230;&#8230;&#8230;<\/p>\n<p>&nbsp;<\/p>\n<p><img loading=\"lazy\" id=\"9912423\" title=\"\" src=\"..\/..\/mediapool\/56\/564928\/resources\/big_9912423_0_290-218.JPG\" alt=\"\" width=\"290\" height=\"218\" border=\"0\" hspace=\"0\" \/><img loading=\"lazy\" id=\"9912433\" title=\"\" src=\"..\/..\/mediapool\/56\/564928\/resources\/big_9912433_0_290-218.JPG\" alt=\"\" width=\"290\" height=\"218\" border=\"0\" hspace=\"0\" \/><\/p>\n<p>melde mich dann noch mal kurz vorm einpacken &#8230;..<\/p>\n<p>&nbsp;<\/p>\n<p>09:50 Uhr<\/p>\n<p>&nbsp;<\/p>\n<p>Mein Dad musste beim einpacken noch mal einen nachlegen, der Hammer ist das der selbe 14 Kg Spiegler noch mal gebissen hat. Hier sind zwar viele \u00e4hnliche Fische drin, nur er hatte den Piekser vom letzten Haken noch gut sichtbar.<\/p>\n<p>Also scheinen ihm die Murmeln ja zu schmecken&#8230;&#8230;&#8230;&#8230;..<\/p>\n<p><img loading=\"lazy\" id=\"9912883\" title=\"\" src=\"..\/..\/mediapool\/56\/564928\/resources\/9912883.JPG\" alt=\"\" width=\"600\" height=\"450\" border=\"0\" hspace=\"0\" \/><\/p>\n<p>16 Uhr<\/p>\n<p>Nun sitze ich wieder im Boardershop und mus \u00fcber die letzte Situation lachen, Dad und ich sitzen noch da und sagen ,es tut sich nichts mehr. Wir verabschieden uns und er f\u00e4hrt nach Hause. Ich lege mich ne Stunde auf die Liege und denke das kann doch nicht sein, gehe nach draussen um nachzuschauen, h\u00e4tte wohl die Bissanzeiger anmachen sollen (ich Bl\u00f6dmann)!!!!!! Beide Ruten mit Fisch und fest auf dem See, also hie\u00df es mit zwei Ruten ins Boot, um festzustellen das da zwei Graser ( beide etwas \u00fcber nen Meter) einen heftigen Strickkurs mit beiden Schn\u00fcren gemacht haben&#8230;&#8230;&#8230;.<\/p>\n<p>Nach ewigem hin und her hatte ich beide frei und am Boot abgehakt, als ich grade zur\u00fcck wollte, h\u00f6rte ich den Dauerton auf der dritten Rute, also powerrudern zur\u00fcck zum Pod, Anschlag, sitzt und wieder fest nach kurzem Drill, wieder ins Boot um den Fisch wieder frei zu bekommen. Danach folgte ein endlos scheinender Drill, inzwischen war Martin auch schon eingetroffen und verfolgte das Spiel vom Ufer aus.<\/p>\n<p>Zum Abschluss gab es dann noch nen wundersch\u00f6nen 17 Kg Schuppi zu sehen.<\/p>\n<p>Der Fisch wurde umgehend versorgt und danach ging die Packerei los um wieder zur\u00fcck nach D\u00fcsseldorf zu kommen.<\/p>\n<p>So gingen zwei wundersch\u00f6ne Tage mit minem Dad zu Ende!!!!!!!!!!!!!!<\/p>\n<p>&nbsp;<\/p>\n<p>Bis zum n\u00e4chsten mal&#8230;&#8230;<\/p>\n","protected":false},"excerpt":{"rendered":"<p>03.06.2009\u00a0\u00a0\u00a0\u00a0\u00a0 18 Uhr So sitze mit meinem Dad an einem See n\u00e4he Leverkusen, werden mal versuchen ein paar Fische auf unsere neue Wallermurmel zu fangen. Montagen entweder nur 28ger Wallermurmel oder Monstermontage, werde alle zwei bis drei Stunden updaten. 20 &hellip; <a href=\"https:\/\/blog.rg-fishfeed.de\/?page_id=306\">Weiterlesen <span class=\"meta-nav\">&rarr;<\/span><\/a><\/p>\n","protected":false},"author":1,"featured_media":0,"parent":280,"menu_order":0,"comment_status":"open","ping_status":"open","template":"","meta":[],"_links":{"self":[{"href":"https:\/\/blog.rg-fishfeed.de\/index.php?rest_route=\/wp\/v2\/pages\/306"}],"collection":[{"href":"https:\/\/blog.rg-fishfeed.de\/index.php?rest_route=\/wp\/v2\/pages"}],"about":[{"href":"https:\/\/blog.rg-fishfeed.de\/index.php?rest_route=\/wp\/v2\/types\/page"}],"author":[{"embeddable":true,"href":"https:\/\/blog.rg-fishfeed.de\/index.php?rest_route=\/wp\/v2\/users\/1"}],"replies":[{"embeddable":true,"href":"https:\/\/blog.rg-fishfeed.de\/index.php?rest_route=%2Fwp%2Fv2%2Fcomments&post=306"}],"version-history":[{"count":1,"href":"https:\/\/blog.rg-fishfeed.de\/index.php?rest_route=\/wp\/v2\/pages\/306\/revisions"}],"predecessor-version":[{"id":307,"href":"https:\/\/blog.rg-fishfeed.de\/index.php?rest_route=\/wp\/v2\/pages\/306\/revisions\/307"}],"up":[{"embeddable":true,"href":"https:\/\/blog.rg-fishfeed.de\/index.php?rest_route=\/wp\/v2\/pages\/280"}],"wp:attachment":[{"href":"https:\/\/blog.rg-fishfeed.de\/index.php?rest_route=%2Fwp%2Fv2%2Fmedia&parent=306"}],"curies":[{"name":"wp","href":"https:\/\/api.w.org\/{rel}","templated":true}]}}