{"id":308,"date":"2011-12-11T20:56:09","date_gmt":"2011-12-11T19:56:09","guid":{"rendered":"http:\/\/www.rg-fishfeed.de\/blog\/?page_id=308"},"modified":"2011-12-11T20:56:09","modified_gmt":"2011-12-11T19:56:09","slug":"muldestausee-13-07","status":"publish","type":"page","link":"https:\/\/blog.rg-fishfeed.de\/?page_id=308","title":{"rendered":"Muldestausee 13.07"},"content":{"rendered":"<p><strong>Muldestausee mit Chris, Maddin und Heiner<\/strong><\/p>\n<p>&nbsp;<\/p>\n<p>14.07.2009\u00a0\u00a0\u00a0 7 Uhr<\/p>\n<p>&nbsp;<\/p>\n<p>Nach acht Stunden fahrt mit voll bepacktem Auto und H\u00e4nger sind wir endlich in Halle angekommen. Danke an dieser Stelle noch mal an die Jungs von RODS WORLD, denn sie haben den Laden ne Stunde l\u00e4nger aufgelassen damit wir unsere Karten noch bekommen!<\/p>\n<p>Leider wurde die ganze Sache jedoch viel zu sp\u00e4t und wir beschlossen erst heute aufzubauen.<\/p>\n<p>So haben wir sch\u00f6n in der Landsberger Brauerei im Bierzelt \u00fcbernachtet, nun geht es los ein paar Tipps von den Leuten hier holen und los ans Wasser.<\/p>\n<p>&nbsp;<\/p>\n<p><img loading=\"lazy\" id=\"10394274\" title=\"\" src=\"..\/..\/mediapool\/56\/564928\/resources\/10394274.jpg\" alt=\"\" width=\"600\" height=\"399\" border=\"0\" hspace=\"0\" \/><\/p>\n<p>&nbsp;<\/p>\n<p><img loading=\"lazy\" id=\"10394284\" title=\"\" src=\"..\/..\/mediapool\/56\/564928\/resources\/big_10394284_0_280-187.jpg\" alt=\"\" width=\"280\" height=\"187\" border=\"0\" hspace=\"0\" \/><img loading=\"lazy\" id=\"10394393\" title=\"\" src=\"..\/..\/mediapool\/56\/564928\/resources\/big_10394393_0_280-420.jpg\" alt=\"\" width=\"280\" height=\"420\" border=\"0\" hspace=\"0\" \/><\/p>\n<p>Spotsuche mit meiner S\u00fcssen&#8230;&#8230;&#8230;.<\/p>\n<p>Danach ein Landsberger f\u00fcr Chris<\/p>\n<p>&nbsp;<\/p>\n<p><img loading=\"lazy\" id=\"10394409\" title=\"\" src=\"..\/..\/mediapool\/56\/564928\/resources\/10394409.jpg\" alt=\"\" width=\"600\" height=\"399\" border=\"0\" hspace=\"0\" \/><\/p>\n<p>&nbsp;<\/p>\n<p>&nbsp;<\/p>\n<p>23:01 Uhr<\/p>\n<p>&nbsp;<\/p>\n<p>So Leute, eben fertig geworden, mit allem drum und dran! das hei\u00dft, heute Morgen, fr\u00fch raus, fr\u00fchst\u00fccken mit Maddin, Chris und meiner S\u00fcssen, danach ab zum See Platz suchen.<\/p>\n<p>Die Kurzfassung, alle Pl\u00e4tze die ich nach Tiefenkarte und Google Earth ausgemacht hatte waren leider besetzt \ud83d\ude41<\/p>\n<p>Also lustiges Fahren rund um den See aber nirgends gehts ans Wasser&#8230;&#8230;<\/p>\n<p>Jede Stelle mit schleppen ohne Ende verbunden, ohne nat\u00fcrlich zu wissen ob es \u00fcberhaupt nen Spot in erreichbarer N\u00e4he gibt, dazu gabs noch mal ein Festfahren im tiefsten Wald&#8230;&#8230;..<\/p>\n<p>Nun ja, nach ca. 4,5 Stunden suchen, sitzen wir jetzt am Westufer und mussten leider feststellen das es keinen wirklichen Spot gibt. Flacher abgang bis ca. 3,5 m und dann steil\u00a0runter bis 11m und dann langsam bis 18m. Bei 9,5m sieht es auf dem Echo so aus als ob es Hindernisse gibt, also eine davor abgelegt und bremse fast zu.<\/p>\n<p>Dann erst mal Grill an und das erste Essen seid dem Fr\u00fchst\u00fcck, nach dem Essen haben Maddin und Chris auch ihre Latten platziert, nun mussten wir in die Zelte fl\u00fcchten. Ich sag nur M\u00dcCKEN ohne Ende, so viele habe ich das letzte mal mit meinem Dad am Po in Italien gesehen, unglaublich!!!!!!!!!!!!<\/p>\n<p>Nun ja Leutz, habe leider keine gute Verbindung hier und kann deshalb die Bilder nicht hochladen, werd morgen mal mit dem Laptop spatzwandern gehen und versuchen sie reinzusetzen.<\/p>\n<p>W\u00fcnsche allen ein &#8222;guts n\u00e4chtle&#8220; bis morgen<\/p>\n<p>&nbsp;<\/p>\n<p><img loading=\"lazy\" id=\"10394492\" title=\"\" src=\"..\/..\/mediapool\/56\/564928\/resources\/big_10394492_0_280-210.JPG\" alt=\"\" width=\"280\" height=\"210\" border=\"0\" hspace=\"0\" \/><\/p>\n<p>&nbsp;<\/p>\n<p>15.07.2009 15:32Uhr<\/p>\n<p>Nach einer ruhigen Nacht ohne Aktionen, sind wir noch einmal rund um den See un d haben uns \u00fcberall erkundigt was zu machen ist<\/p>\n<p>Nun steht unser Entschluss fest wir werden auf die andere Seite moven, das bedeutet ca. 4 Stunden voll Stress, das beste ist der Weg auf der anderen Seite zum Platz \ud83d\ude41<\/p>\n<p>Melde mich wenn wir dr\u00fcben aufgebaut haben&#8230;&#8230;&#8230;&#8230;..<\/p>\n<p>&nbsp;<\/p>\n<p>23:30 Uhr<\/p>\n<p>&nbsp;<\/p>\n<p><img loading=\"lazy\" id=\"10400125\" title=\"\" src=\"..\/..\/mediapool\/56\/564928\/resources\/10400125.JPG\" alt=\"\" width=\"598\" height=\"450\" border=\"0\" hspace=\"0\" \/><\/p>\n<p>Der markierte Platz liegt ca. 3,2 km Luftlinie von unserem jetzigen entfernt, also komplett abbauen und los, einiges in die Boote und quer \u00fcber den See,\u00a0der Rest wieder\u00a0ins Auto und auf den H\u00e4nger\u00a0.<\/p>\n<p><img loading=\"lazy\" id=\"10400160\" title=\"\" src=\"..\/..\/mediapool\/56\/564928\/resources\/big_10400160_0_280-210.JPG\" alt=\"\" width=\"280\" height=\"210\" border=\"0\" hspace=\"0\" \/><img loading=\"lazy\" id=\"10400181\" title=\"\" src=\"..\/..\/mediapool\/56\/564928\/resources\/big_10400181_0_280-210.JPG\" alt=\"\" width=\"280\" height=\"210\" border=\"0\" hspace=\"0\" \/><\/p>\n<p>Nachdem wir jetzt einige Spots ausfindig gemacht haben, hie\u00df es f\u00fcttern, Ruten rein und dann endlich was essen :-), was wir nat\u00fcrlich durch den ganzen Stress vergessen hatten.<\/p>\n<p>Leider wollten ca. 1ne Millionen M\u00fccken mit uns Grillen,das hie\u00df nur schnell Wurst drauf und ab ins Zelt und glaubt mir Panik falls ein Biss kommt!!!!!!<\/p>\n<p>Nun sitzen wir noch gemeinsam im Zelt und schlabbern ein Bierchen, nat\u00fcrlich nur das gute von meiner s\u00fcssen&#8230;..<\/p>\n<p>Bis morgen dann<\/p>\n<p>&nbsp;<\/p>\n<p>16.07.\u00a0\u00a0\u00a0 13 Uhr<\/p>\n<p>&nbsp;<\/p>\n<p>Wir hatten in der Nacht zweimal kurz Aktion, nur leider ohne Fisch. Auf jeden Fall ist es ein Erlebnis besonderer Art hier abends am Pod die Kopflampe an zu haben, ewig nicht mehr so viele M\u00fccken und andere Viecher gesehen \ud83d\ude42<\/p>\n<p>&nbsp;<\/p>\n<p>Nun haben wir grade die Ruten neu best\u00fcckt und sie zwischen 60cm und 3m Wassertiefe platziert. Was man hier noch sehr gut beobachten kann, wie so ca. 300-500 Kormorane im Rudel die Fischschw\u00e4rme zusammentreiben. dieses Prozedere geht morgens bei Sonnenaufgang los und dauert so ca. 5 Stunden. M\u00f6chte gern mal wissen welche Menge Fisch sich so eine gro\u00dfe Anzahl V\u00f6gel am Tag weghaut!<\/p>\n<p>&nbsp;<\/p>\n<p>Versuche es morgen fr\u00fch mal zu fotografieren, ein hoch auf die Menschen die diesen Vogel sch\u00fctzen&#8230;&#8230;&#8230;&#8230;&#8230;&#8230;<\/p>\n<p>&nbsp;<\/p>\n<p>22 Uhr<\/p>\n<p>Nachdem Chris heute den ersten Fisch im Kraut verloren hat, waren wir voller Hoffnung, nur dann drehte der Wind und die \u00fcbelste Kraut und Algenplage ist \u00fcber uns hereingebrochen, keine Chance zu fischen \ud83d\ude41<\/p>\n<p><img loading=\"lazy\" id=\"10408973\" title=\"\" src=\"..\/..\/mediapool\/56\/564928\/resources\/10408973.JPG\" alt=\"\" width=\"600\" height=\"450\" border=\"0\" hspace=\"0\" \/><\/p>\n<p><img loading=\"lazy\" id=\"10408993\" title=\"\" src=\"..\/..\/mediapool\/56\/564928\/resources\/10408993.JPG\" alt=\"\" width=\"600\" height=\"450\" border=\"0\" hspace=\"0\" \/><\/p>\n<p>jetzt ist das Gr\u00f6bste durch und wir haben erst mal ewig gebraucht um unsere Schn\u00fcre wieder frei zu machen. Bis morgen dann&#8230;&#8230;&#8230;<\/p>\n<p>&nbsp;<\/p>\n<p>18.07<\/p>\n<p>So Leute ich schreibe euch die letzten S\u00e4tze von zu Hause, haben gestern nach einem H\u00f6llen Unwetter eingepackt. Durch die starken Winde, Regen und Gewitter haben sich die Algen und Krautteppiche aufgel\u00f6st und die Schnur sowas von vollgesetzt das wir unsere Schn\u00fcre nicht mehr frei bekamen.<\/p>\n<p>&nbsp;<\/p>\n<p>Hier liegen ca. 300m Schnur von meinen beiden Ruten, musste sie abschneiden und dann vom Boot aus mit der Hand einholen, so ging es uns allen \ud83d\ude41<\/p>\n<p>&nbsp;<\/p>\n<p><img loading=\"lazy\" id=\"10421750\" title=\"\" src=\"..\/..\/mediapool\/56\/564928\/resources\/10421750.jpg\" alt=\"\" width=\"600\" height=\"399\" border=\"0\" hspace=\"0\" \/><\/p>\n<p>So ging es uns allen, mit der Hand einmal durchs Wasser so war sie komplett voll von Algen und Kraut, es war leider unfischbar&#8230;&#8230;..<\/p>\n<p>Hier versucht Maddin grade seine 400m Schnur sauberzumachen<\/p>\n","protected":false},"excerpt":{"rendered":"<p>Muldestausee mit Chris, Maddin und Heiner &nbsp; 14.07.2009\u00a0\u00a0\u00a0 7 Uhr &nbsp; Nach acht Stunden fahrt mit voll bepacktem Auto und H\u00e4nger sind wir endlich in Halle angekommen. Danke an dieser Stelle noch mal an die Jungs von RODS WORLD, denn &hellip; <a href=\"https:\/\/blog.rg-fishfeed.de\/?page_id=308\">Weiterlesen <span class=\"meta-nav\">&rarr;<\/span><\/a><\/p>\n","protected":false},"author":1,"featured_media":0,"parent":280,"menu_order":0,"comment_status":"open","ping_status":"open","template":"","meta":[],"_links":{"self":[{"href":"https:\/\/blog.rg-fishfeed.de\/index.php?rest_route=\/wp\/v2\/pages\/308"}],"collection":[{"href":"https:\/\/blog.rg-fishfeed.de\/index.php?rest_route=\/wp\/v2\/pages"}],"about":[{"href":"https:\/\/blog.rg-fishfeed.de\/index.php?rest_route=\/wp\/v2\/types\/page"}],"author":[{"embeddable":true,"href":"https:\/\/blog.rg-fishfeed.de\/index.php?rest_route=\/wp\/v2\/users\/1"}],"replies":[{"embeddable":true,"href":"https:\/\/blog.rg-fishfeed.de\/index.php?rest_route=%2Fwp%2Fv2%2Fcomments&post=308"}],"version-history":[{"count":1,"href":"https:\/\/blog.rg-fishfeed.de\/index.php?rest_route=\/wp\/v2\/pages\/308\/revisions"}],"predecessor-version":[{"id":309,"href":"https:\/\/blog.rg-fishfeed.de\/index.php?rest_route=\/wp\/v2\/pages\/308\/revisions\/309"}],"up":[{"embeddable":true,"href":"https:\/\/blog.rg-fishfeed.de\/index.php?rest_route=\/wp\/v2\/pages\/280"}],"wp:attachment":[{"href":"https:\/\/blog.rg-fishfeed.de\/index.php?rest_route=%2Fwp%2Fv2%2Fmedia&parent=308"}],"curies":[{"name":"wp","href":"https:\/\/api.w.org\/{rel}","templated":true}]}}