{"id":419,"date":"2012-01-07T22:56:42","date_gmt":"2012-01-07T21:56:42","guid":{"rendered":"http:\/\/www.rg-fishfeed.de\/blog\/?page_id=419"},"modified":"2013-11-04T16:34:28","modified_gmt":"2013-11-04T15:34:28","slug":"matthias-artinger","status":"publish","type":"page","link":"https:\/\/blog.rg-fishfeed.de\/?page_id=419","title":{"rendered":"Matthias Artinger"},"content":{"rendered":"<p>Hi,<br \/>\nich hei\u00dfe Matthias Artinger, bin 1981 geboren und lebe in Schongau in Oberbayern.<br \/>\nMit dem \u201eFischerei-Virus\u201c wurde ich schon im Kindesalter von meinem Opa infiziert. Schon damals stand der Karpfen im Vordergrund (nat\u00fcrlich mit anderen Methoden und Montagen als heute). Im Laufe der Zeit habe ich aber von Aal bis Zander so ziemlich alles befischt, was Flossen hat. Seit ca. 1999 fische ich eigentlich ausschlie\u00dflich auf Karpfen. Die einzige Ausnahme bildet die Wallerfischerei, die zwischendurch f\u00fcr eine willkommene Abwechslung sorgt, und von der ich genauso fasziniert bin, wie vom Fischen auf Karpfen.<br \/>\nIch habe in den vergangenen Jahren die verschiedensten Gew\u00e4ssertypen befischt. Am liebsten bin ich aber an extrem gro\u00dfen Gew\u00e4ssern mit mehreren Hundert oder Tausend Hektar Wasserfl\u00e4che, denn gro\u00dfe Gew\u00e4sser beherbergen gro\u00dfe Fische und man hat meistens seine Ruhe und kommt anderen nicht in die Quere.<br \/>\nIch bin auch regelm\u00e4\u00dfig im Ausland unterwegs und hab unter anderem schon in \u00d6sterreich, Ungarn und Spanien gefischt. Bei den meisten Sessions bin ich mit Chris Sievers unterwegs, den ich schon seit vielen Jahren kenne und der ebenfalls im R&amp;G Team ist. Wenn ich nicht am Wasser oder beim Geldverdienen bin, dann spring ich in 4000m H\u00f6he aus Flugzeugen oder schraub in meiner eigenen Werkstatt an meinen Autos.<\/p>\n<p>Carpe Noctem, Matthias<\/p>\n<div\n\tclass=\"ngg-galleryoverview ngg-ajax-pagination-none\"\n\tid=\"ngg-gallery-7df1ac9a90023bf3363ed08af12c2dce-1\">\n\n    \t<div class=\"slideshowlink\">\n        <a href='https:\/\/blog.rg-fishfeed.de\/index.php\/nggallery\/slideshow?page_id=419'>[Show as slideshow]<\/a>\n\t\t\n\t<\/div>\n\t\t\t<!-- Thumbnails -->\n\t\t\t\t<div id=\"ngg-image-0\" class=\"ngg-gallery-thumbnail-box\" >\n\t\t\t\t        <div class=\"ngg-gallery-thumbnail\">\n            <a href=\"https:\/\/blog.rg-fishfeed.de\/wp-content\/gallery\/matthias-artinger\/100_5557.jpg\"\n               title=\"\"\n               data-src=\"https:\/\/blog.rg-fishfeed.de\/wp-content\/gallery\/matthias-artinger\/100_5557.jpg\"\n               data-thumbnail=\"https:\/\/blog.rg-fishfeed.de\/wp-content\/gallery\/matthias-artinger\/thumbs\/thumbs_100_5557.jpg\"\n               data-image-id=\"53\"\n               data-title=\"100_5557\"\n               data-description=\"\"\n               data-image-slug=\"100_5557\"\n               class=\"shutterset_7df1ac9a90023bf3363ed08af12c2dce\">\n                <img\n                    title=\"100_5557\"\n                    alt=\"100_5557\"\n                    src=\"https:\/\/blog.rg-fishfeed.de\/wp-content\/gallery\/matthias-artinger\/thumbs\/thumbs_100_5557.jpg\"\n                    width=\"175\"\n                    height=\"120\"\n                    style=\"max-width:100%;\"\n                \/>\n            <\/a>\n        <\/div>\n\t\t\t\t\t\t\t<\/div> \n\t\t\t\n        \n\t\t\t\t<div id=\"ngg-image-1\" class=\"ngg-gallery-thumbnail-box\" >\n\t\t\t\t        <div class=\"ngg-gallery-thumbnail\">\n            <a href=\"https:\/\/blog.rg-fishfeed.de\/wp-content\/gallery\/matthias-artinger\/foto-1.jpg\"\n               title=\"\"\n               data-src=\"https:\/\/blog.rg-fishfeed.de\/wp-content\/gallery\/matthias-artinger\/foto-1.jpg\"\n               data-thumbnail=\"https:\/\/blog.rg-fishfeed.de\/wp-content\/gallery\/matthias-artinger\/thumbs\/thumbs_foto-1.jpg\"\n               data-image-id=\"54\"\n               data-title=\"foto-1\"\n               data-description=\"\"\n               data-image-slug=\"foto-1\"\n               class=\"shutterset_7df1ac9a90023bf3363ed08af12c2dce\">\n                <img\n                    title=\"foto-1\"\n                    alt=\"foto-1\"\n                    src=\"https:\/\/blog.rg-fishfeed.de\/wp-content\/gallery\/matthias-artinger\/thumbs\/thumbs_foto-1.jpg\"\n                    width=\"175\"\n                    height=\"120\"\n                    style=\"max-width:100%;\"\n                \/>\n            <\/a>\n        <\/div>\n\t\t\t\t\t\t\t<\/div> \n\t\t\t\n        \n\t\t\t\t<div id=\"ngg-image-2\" class=\"ngg-gallery-thumbnail-box\" >\n\t\t\t\t        <div class=\"ngg-gallery-thumbnail\">\n            <a href=\"https:\/\/blog.rg-fishfeed.de\/wp-content\/gallery\/matthias-artinger\/foto-2.jpg\"\n               title=\"\"\n               data-src=\"https:\/\/blog.rg-fishfeed.de\/wp-content\/gallery\/matthias-artinger\/foto-2.jpg\"\n               data-thumbnail=\"https:\/\/blog.rg-fishfeed.de\/wp-content\/gallery\/matthias-artinger\/thumbs\/thumbs_foto-2.jpg\"\n               data-image-id=\"55\"\n               data-title=\"foto-2\"\n               data-description=\"\"\n               data-image-slug=\"foto-2\"\n               class=\"shutterset_7df1ac9a90023bf3363ed08af12c2dce\">\n                <img\n                    title=\"foto-2\"\n                    alt=\"foto-2\"\n                    src=\"https:\/\/blog.rg-fishfeed.de\/wp-content\/gallery\/matthias-artinger\/thumbs\/thumbs_foto-2.jpg\"\n                    width=\"175\"\n                    height=\"120\"\n                    style=\"max-width:100%;\"\n                \/>\n            <\/a>\n        <\/div>\n\t\t\t\t\t\t\t<\/div> \n\t\t\t\n        \n\t\t\n\t\t<div class=\"ngg-clear\"><\/div>\n\t<\/div>\n\n","protected":false},"excerpt":{"rendered":"<p>Hi, ich hei\u00dfe Matthias Artinger, bin 1981 geboren und lebe in Schongau in Oberbayern. Mit dem \u201eFischerei-Virus\u201c wurde ich schon im Kindesalter von meinem Opa infiziert. Schon damals stand der Karpfen im Vordergrund (nat\u00fcrlich mit anderen Methoden und Montagen als &hellip; <a href=\"https:\/\/blog.rg-fishfeed.de\/?page_id=419\">Weiterlesen <span class=\"meta-nav\">&rarr;<\/span><\/a><\/p>\n","protected":false},"author":1,"featured_media":0,"parent":1589,"menu_order":0,"comment_status":"closed","ping_status":"closed","template":"","meta":[],"_links":{"self":[{"href":"https:\/\/blog.rg-fishfeed.de\/index.php?rest_route=\/wp\/v2\/pages\/419"}],"collection":[{"href":"https:\/\/blog.rg-fishfeed.de\/index.php?rest_route=\/wp\/v2\/pages"}],"about":[{"href":"https:\/\/blog.rg-fishfeed.de\/index.php?rest_route=\/wp\/v2\/types\/page"}],"author":[{"embeddable":true,"href":"https:\/\/blog.rg-fishfeed.de\/index.php?rest_route=\/wp\/v2\/users\/1"}],"replies":[{"embeddable":true,"href":"https:\/\/blog.rg-fishfeed.de\/index.php?rest_route=%2Fwp%2Fv2%2Fcomments&post=419"}],"version-history":[{"count":3,"href":"https:\/\/blog.rg-fishfeed.de\/index.php?rest_route=\/wp\/v2\/pages\/419\/revisions"}],"predecessor-version":[{"id":1602,"href":"https:\/\/blog.rg-fishfeed.de\/index.php?rest_route=\/wp\/v2\/pages\/419\/revisions\/1602"}],"up":[{"embeddable":true,"href":"https:\/\/blog.rg-fishfeed.de\/index.php?rest_route=\/wp\/v2\/pages\/1589"}],"wp:attachment":[{"href":"https:\/\/blog.rg-fishfeed.de\/index.php?rest_route=%2Fwp%2Fv2%2Fmedia&parent=419"}],"curies":[{"name":"wp","href":"https:\/\/api.w.org\/{rel}","templated":true}]}}