{"id":76,"date":"2011-12-07T20:42:12","date_gmt":"2011-12-07T19:42:12","guid":{"rendered":"http:\/\/www.rg-fishfeed.de\/blog\/?page_id=76"},"modified":"2011-12-08T17:29:38","modified_gmt":"2011-12-08T16:29:38","slug":"mein-erster-waller","status":"publish","type":"page","link":"https:\/\/blog.rg-fishfeed.de\/?page_id=76","title":{"rendered":"Mein erster Waller"},"content":{"rendered":"<p><strong>von Holger Krampe<\/strong><\/p>\n<p><img loading=\"lazy\" class=\"aligncenter size-full wp-image-77\" title=\"big_6710218_0_300-225\" src=\"http:\/\/www.rg-fishfeed.de\/blog\/wp-content\/uploads\/2011\/12\/big_6710218_0_300-225.jpg\" alt=\"\" width=\"300\" height=\"225\" \/><\/p>\n<p>Ich kann es nicht glauben, da lese ich \u00fcber die tollen Erfolge von Heinz in Spanien, seine super Karpfen und beneidenswerten Waller und nur Tage sp\u00e4ter sitze ich hier am Rechner und schreibe \u00fcber den sch\u00f6nsten Fisch in meinen jetzigen leben. R&amp;G Baits ist wie ein M\u00e4rchen f\u00fcr mich.<\/p>\n<p>Meine im fr\u00fchen Winter angelegte Futterstelle f\u00fctterte ich konsequent weiter. Ich konnte seit meinen letzten Bericht hier noch weitere sch\u00f6ne Fische landen. Leider fehlte mir in den letzten Tagen wegen des doch aufkommenden Weihnachtsstresses die Zeit zum Angeln. Doch ich wollte unbedingt noch mal eine Nacht an den See bevor die jetzt aufkommende Frostperiode das Angeln nicht mehr m\u00f6glich macht.<br \/>\nGesagt getan, ich wagte trotz der Temperaturen noch eine Nacht am Wasser. Doch da ich am n\u00e4chsten Morgen wieder um 6.30 in der Firma antanzen sollte, packte ich nur das n\u00f6tigste aus. Lediglich Rod Pod, Ruten und Kescher r\u00e4umte ich zur Angelstelle. Geschlafen wurde im 25m entfernten Auto.<br \/>\nUm 1.30 Uhr weckte mich dann ein Dauerton wie ich ihn noch nicht erlebt habe. Die Spule lief in einen solchen Tempo das man glaubte man habe einen ICE am Haken. Ich st\u00fcrzte aus meinem Auto, sprintete an die Ruten, doch ich konnte nicht anschlagen. Ja voll im ernst! Ich muss im Auto schlecht gelegen haben und so schlief mein Arm ein und wollte erstmal nicht zur Rute. Mir kam das vor wie eine Ewigkeit, doch ich glaub es waren nur Sekunden bis ich dann endlich das Griffst\u00fcck in den Fingern hielt. Gleich im ersten Moment merkte ich anhand der Wucht und der Kraft in den Schl\u00e4gen an der Rute, das sich es hier um einen Richtig guten handelt. Der Fisch nahm einen Meter Sehne nach der anderen, ich hatte in den ersten Minuten keine Chance ihn irgendwie gehalten zu kriegen. Da sah ich es wie eine Auferstehung, neben mir leuchtete eine Lampe. Ich hoffte zutiefst dass es sich um meinen Angelfreund Sascha handelt, der sich nicht weit weg von mir auch eine Futterstelle angelegt hat und fast jede Nacht drau\u00dfen verbringt. Er ist es!!! Er bekam den Drill von mir mit und wollte mit einen Gl\u00fchwein ansto\u00dfen kommen. Ich schrie ihn gleich an, nix Gl\u00fchwein, das ist ein guter, ich brauch ein Boot, es liegt im Auto, aufblasen herbringen, awantie!!!!!<br \/>\nJeder andere h\u00e4tte mir jetzt einen Vogel gezeigt und w\u00e4re zur\u00fcck zu seiner Angelstelle gegangen, doch nicht dieser Teufelskerl. Einen herzliches Danksch\u00f6n noch mal!!!!<br \/>\nEr ging zu meinem Auto und schleppte keine zehn Minuten sp\u00e4ter das Boot samt Ruder zu mir. Ich habe in der Zwischenzeit mehr Druck auf den Fisch ausge\u00fcbt und so einige Meter an Schnurr gewinnen k\u00f6nnen. Doch sobald sich der Fisch auch nur in meine Richtung begeben sollte, startete er eine harte Flucht. Endlich kam Sascha mit dem Boot! Zu meinen Gl\u00fcck hab ich schon den ein oder anderen Drill mit Ihn auf unserer letzen Tour in MV gehabt, denn so waren wir ein eingespieltes Team. Er Ruderte den Fisch mit kr\u00e4ftigen Z\u00fcgen entgegen, ich hielt die Schnurr straff und den Fisch auf Kontakt. Alles klappte super und wir kamen recht z\u00fcgig \u00fcber den Fisch, doch dieser hatte kein Interesse auch nur mal kurz an die Oberfl\u00e4che zu kommen. Er lag wie ein dicker Fetter Stein auf Grund und bewegte sich dort vorw\u00e4rts. Was nun tun? Eine kleine Diskussion entfachte auf den Boot. Letzten Endes war mein Ziel mich bis zur Schlagschnurr vorzuarbeiten und dann richtig Druck geben und vorsichtig anfangen zu pumpen. Der Plan ging auf, durch hervorragendes rudern und lenken des Bootes kamen wir fast \u00fcber den Fisch und ich hatte die ersten Wicklungen meiner 55 Schlagschnurr auf der Rolle. Doch was kam da jetzt zum Vorschein! Ich habe, weil ich ja mit Boilie fischte einen Karpfen erwartet, und zudem noch mit einen gro\u00dfen Exemplar, doch wir wurden mit einem Waller \u00fcberrascht! Oh Schreck, erstmal wieder Leine geben, den 4 Haken konnte ich aber sehen und der sa\u00df gut. Wie nun weiter? Wir beschlossen dass ich drille und Sascha den Wallergriff ansetzen sollte. Also wieder Druck auf den Fisch bringen und pumpen, der Waller kam auch ganz gut nach oben, doch als Sascha ihn das erste mal ber\u00fchrte ging die Post wieder ab. Alles wieder von vorn, rudern, \u00fcbern fisch kommen, ruhig drillen bis die Schlagschnurr kommt und dann pumpen. Dieses Spiel wiederholte sich ganze vier Mal bis ihn Sascha dann endlich zum greifen bekam. Er fasste ihn sicher ins Maul und zog den Fisch erstmal mit seinen Kopf auf den Bootsrand. Doch jetzt wollte der Mistkahn kippen!! Wir hatten ja nur ein 1,80m Fishhunter Schlauchboot. Wie nun weiter? Jeder Waller Spezi h\u00e4tte den Fisch jetzt mit einen Seil fixiert, aber woher das Seil nehmen!<br \/>\nDa ich ein paar Kilos leichter bin beschlossen wir zu tauschen. Ich griff also den Wels und Sascha sollte sich auf der anderen Seite des Bootes schwer machen.<br \/>\nEs hat geklappt, fragt aber bitte nicht nach den \u00c4ngsten die ich hatte. Ich glaub h\u00e4tte der Fisch zehn Kilo mehr gewogen w\u00e4ren wir gekentert. Nun war die Freude nat\u00fcrlich gro\u00df und was folgte war einfach nur geil. Geile Fotos, geile Party!!! Der Waller war 168cm lang bei 28kg, K\u00f6der war nat\u00fcrlich ein R&amp;G Bait im Schneemann mit einem neutral duftenden Fluopopup gedippt in Dorschlebertran.<br \/>\nDanke R&amp;G f\u00fcr eure K\u00f6der, die hat der Teufel gemacht. Ich hoffe ich werde noch oft s\u00fcndigen.<\/p>\n<p><img loading=\"lazy\" class=\"aligncenter size-full wp-image-79\" title=\"big_6710345_0_400-300\" src=\"http:\/\/www.rg-fishfeed.de\/blog\/wp-content\/uploads\/2011\/12\/big_6710345_0_400-300.jpg\" alt=\"\" width=\"400\" height=\"300\" srcset=\"https:\/\/blog.rg-fishfeed.de\/wp-content\/uploads\/2011\/12\/big_6710345_0_400-300.jpg 400w, https:\/\/blog.rg-fishfeed.de\/wp-content\/uploads\/2011\/12\/big_6710345_0_400-300-300x225.jpg 300w\" sizes=\"(max-width: 400px) 100vw, 400px\" \/><\/p>\n<p>Gru\u00df und Petri Heil<br \/>\nHolger Krampe<\/p>\n","protected":false},"excerpt":{"rendered":"<p>von Holger Krampe Ich kann es nicht glauben, da lese ich \u00fcber die tollen Erfolge von Heinz in Spanien, seine super Karpfen und beneidenswerten Waller und nur Tage sp\u00e4ter sitze ich hier am Rechner und schreibe \u00fcber den sch\u00f6nsten Fisch &hellip; <a href=\"https:\/\/blog.rg-fishfeed.de\/?page_id=76\">Weiterlesen <span class=\"meta-nav\">&rarr;<\/span><\/a><\/p>\n","protected":false},"author":1,"featured_media":0,"parent":67,"menu_order":0,"comment_status":"open","ping_status":"open","template":"","meta":[],"_links":{"self":[{"href":"https:\/\/blog.rg-fishfeed.de\/index.php?rest_route=\/wp\/v2\/pages\/76"}],"collection":[{"href":"https:\/\/blog.rg-fishfeed.de\/index.php?rest_route=\/wp\/v2\/pages"}],"about":[{"href":"https:\/\/blog.rg-fishfeed.de\/index.php?rest_route=\/wp\/v2\/types\/page"}],"author":[{"embeddable":true,"href":"https:\/\/blog.rg-fishfeed.de\/index.php?rest_route=\/wp\/v2\/users\/1"}],"replies":[{"embeddable":true,"href":"https:\/\/blog.rg-fishfeed.de\/index.php?rest_route=%2Fwp%2Fv2%2Fcomments&post=76"}],"version-history":[{"count":3,"href":"https:\/\/blog.rg-fishfeed.de\/index.php?rest_route=\/wp\/v2\/pages\/76\/revisions"}],"predecessor-version":[{"id":93,"href":"https:\/\/blog.rg-fishfeed.de\/index.php?rest_route=\/wp\/v2\/pages\/76\/revisions\/93"}],"up":[{"embeddable":true,"href":"https:\/\/blog.rg-fishfeed.de\/index.php?rest_route=\/wp\/v2\/pages\/67"}],"wp:attachment":[{"href":"https:\/\/blog.rg-fishfeed.de\/index.php?rest_route=%2Fwp%2Fv2%2Fmedia&parent=76"}],"curies":[{"name":"wp","href":"https:\/\/api.w.org\/{rel}","templated":true}]}}