{"id":8,"date":"2011-12-01T19:00:18","date_gmt":"2011-12-01T19:00:18","guid":{"rendered":"http:\/\/www.rg-fishfeed.de\/blog\/?page_id=8"},"modified":"2014-03-23T10:00:01","modified_gmt":"2014-03-23T09:00:01","slug":"impressum","status":"publish","type":"page","link":"https:\/\/blog.rg-fishfeed.de\/?page_id=8","title":{"rendered":"Impressum"},"content":{"rendered":"<p><strong>Almighty UG (Haftungsbeschr\u00e4nkt)&amp;Co. Kg<\/strong><\/p>\n<p>Inh. Heinz Gr\u00fcnastel<br \/>\nGladbacher Stra\u00dfe 60<br \/>\n40219 D\u00fcsseldorf<\/p>\n<p>Telefon: +49 (0)173\/6390900<\/p>\n<p>Internet: www.rg-fishfeed.de<br \/>\nE-Mail: info@rg-fishfeed.de<\/p>\n<p>Umsatzsteuer-Identifikationsnummer gem\u00e4\u00df \u00a7 27 a Umsatzsteuergesetz:<\/p>\n<p>Ust.Id.Nr.: DE163361373<\/p>\n<p>StNr.: 135\/5199\/0401<\/p>\n<p>Inhaltlich Verantwortlicher gem\u00e4\u00df \u00a7 10 Absatz 3 MDStV:<br \/>\nHeinz Gr\u00fcnastel (Anschrift wie oben)<\/p>\n<p>Haftungshinweis: Trotz sorgf\u00e4ltiger inhaltlicher Kontrolle \u00fcbernehmen wir keine Haftung f\u00fcr die Inhalte externer Links. F\u00fcr den Inhalt der verlinkten Seiten sind ausschlie\u00dflich deren Betreiber verantwortlich.<\/p>\n","protected":false},"excerpt":{"rendered":"<p>Almighty UG (Haftungsbeschr\u00e4nkt)&amp;Co. Kg Inh. Heinz Gr\u00fcnastel Gladbacher Stra\u00dfe 60 40219 D\u00fcsseldorf Telefon: +49 (0)173\/6390900 Internet: www.rg-fishfeed.de E-Mail: info@rg-fishfeed.de Umsatzsteuer-Identifikationsnummer gem\u00e4\u00df \u00a7 27 a Umsatzsteuergesetz: Ust.Id.Nr.: DE163361373 StNr.: 135\/5199\/0401 Inhaltlich Verantwortlicher gem\u00e4\u00df \u00a7 10 Absatz 3 MDStV: Heinz Gr\u00fcnastel (Anschrift &hellip; <a href=\"https:\/\/blog.rg-fishfeed.de\/?page_id=8\">Weiterlesen <span class=\"meta-nav\">&rarr;<\/span><\/a><\/p>\n","protected":false},"author":1,"featured_media":0,"parent":0,"menu_order":15,"comment_status":"closed","ping_status":"closed","template":"","meta":[],"_links":{"self":[{"href":"https:\/\/blog.rg-fishfeed.de\/index.php?rest_route=\/wp\/v2\/pages\/8"}],"collection":[{"href":"https:\/\/blog.rg-fishfeed.de\/index.php?rest_route=\/wp\/v2\/pages"}],"about":[{"href":"https:\/\/blog.rg-fishfeed.de\/index.php?rest_route=\/wp\/v2\/types\/page"}],"author":[{"embeddable":true,"href":"https:\/\/blog.rg-fishfeed.de\/index.php?rest_route=\/wp\/v2\/users\/1"}],"replies":[{"embeddable":true,"href":"https:\/\/blog.rg-fishfeed.de\/index.php?rest_route=%2Fwp%2Fv2%2Fcomments&post=8"}],"version-history":[{"count":12,"href":"https:\/\/blog.rg-fishfeed.de\/index.php?rest_route=\/wp\/v2\/pages\/8\/revisions"}],"predecessor-version":[{"id":1837,"href":"https:\/\/blog.rg-fishfeed.de\/index.php?rest_route=\/wp\/v2\/pages\/8\/revisions\/1837"}],"wp:attachment":[{"href":"https:\/\/blog.rg-fishfeed.de\/index.php?rest_route=%2Fwp%2Fv2%2Fmedia&parent=8"}],"curies":[{"name":"wp","href":"https:\/\/api.w.org\/{rel}","templated":true}]}}